{"id":13877,"date":"2026-01-04T20:38:02","date_gmt":"2026-01-04T20:38:02","guid":{"rendered":"https:\/\/dynacore3d.com\/?post_type=product&#038;p=13877"},"modified":"2026-01-06T10:48:14","modified_gmt":"2026-01-06T10:48:14","slug":"roma","status":"publish","type":"product","link":"https:\/\/dynacore3d.com\/en\/product\/roma\/","title":{"rendered":"Roma"},"content":{"rendered":"<p data-start=\"780\" data-end=\"1096\"><strong data-start=\"780\" data-end=\"802\">3D CityArte &#8211; Roma<\/strong>, antik d\u00f6nemden g\u00fcn\u00fcm\u00fcze uzanan sokak \u00f6rg\u00fcs\u00fcn\u00fc, merkezi akslar\u0131 ve tarihsel \u00e7ekirdekleri modern bir 3D panele d\u00f6n\u00fc\u015ft\u00fcren \u00f6zel bir tasar\u0131md\u0131r.<br data-start=\"944\" data-end=\"947\" \/>Roma\u2019n\u0131n plans\u0131z gibi g\u00f6r\u00fcnen ama g\u00fc\u00e7l\u00fc bir i\u00e7 mant\u0131\u011fa sahip kentsel yap\u0131s\u0131, flat tasar\u0131m yakla\u015f\u0131m\u0131yla sade ve zamans\u0131z bir kompozisyona d\u00f6n\u00fc\u015f\u00fcr.<\/p>\n<p data-start=\"1098\" data-end=\"1441\">Bu \u00fcr\u00fcn, Dynacore\u2019un <strong data-start=\"1119\" data-end=\"1144\">\u201cm\u00fchendislik + sanat\u201d<\/strong> yakla\u015f\u0131m\u0131n\u0131 ta\u015f\u0131yan CityArte Koleksiyonu\u2019nun bir par\u00e7as\u0131d\u0131r.<br data-start=\"1205\" data-end=\"1208\" \/>Tasar\u0131m s\u00fcrecinde y\u00fcksek \u00e7\u00f6z\u00fcn\u00fcrl\u00fckl\u00fc \u015fehir verileri i\u015flenmi\u015f; \u015fehrin \u00e7ok katmanl\u0131 dokusu ve geometrik ritmi \u00f6n plana \u00e7\u0131kar\u0131lm\u0131\u015ft\u0131r.<br data-start=\"1340\" data-end=\"1343\" \/>Ortaya \u00e7\u0131kan tasar\u0131m, FDM 3D bask\u0131 teknolojisiyle hassas ve katman kontroll\u00fc \u015fekilde \u00fcretilmi\u015ftir.<\/p>\n<p data-start=\"1443\" data-end=\"1629\">\u0130ster evde ister ofiste; masada, rafta ya da duvarda kullan\u0131ma uygundur.<br data-start=\"1515\" data-end=\"1518\" \/>Bulundu\u011fu mek\u00e2na Roma\u2019n\u0131n tarihsel a\u011f\u0131rl\u0131\u011f\u0131n\u0131, karakterini ve zamans\u0131z \u015fehir ruhunu modern bir estetikle ta\u015f\u0131r.<\/p>\n<p data-start=\"1631\" data-end=\"1921\">\u00dcr\u00fcn %100 PLA malzemeden \u00fcretilmi\u015ftir.<br data-start=\"1673\" data-end=\"1676\" \/>PLA; m\u0131s\u0131r ni\u015fastas\u0131 ve \u015feker kam\u0131\u015f\u0131 gibi bitkisel kaynaklardan elde edilen, \u00e7evre dostu ve g\u00fcvenli bir biyopolimerdir. G\u00fcnl\u00fck kullan\u0131mda kimyasal koku veya toksik madde yaymaz. CityArte panellerini ya\u015fam alanlar\u0131n\u0131zda g\u00fcvenle kullanabilirsiniz.<\/p>","protected":false},"excerpt":{"rendered":"<p data-start=\"191\" data-end=\"515\"><span class=\"hover:entity-accent entity-underline inline cursor-pointer align-baseline\"><span class=\"whitespace-normal\">Roma<\/span><\/span>\u2019n\u0131n tarih boyunca katmanla\u015fm\u0131\u015f sokak dokusunu modern bir tasar\u0131m objesine d\u00f6n\u00fc\u015ft\u00fcren <strong data-start=\"314\" data-end=\"336\">3D CityArte &#8211; Roma<\/strong>,<br data-start=\"337\" data-end=\"340\" \/>21 \u00d7 21 cm boyutunda, y\u00fcksek detayl\u0131 flat bir 3D \u015fehir panelidir.<br data-start=\"409\" data-end=\"412\" \/>FDM teknolojisiyle \u00fcretilmi\u015f, tarihsel ritmi yal\u0131n bir estetikle sunan premium bir dekorasyon \u00fcr\u00fcn\u00fcd\u00fcr.<\/p>\n<h3 data-start=\"517\" data-end=\"542\"><strong data-start=\"521\" data-end=\"542\">Teknik \u00d6zellikler<\/strong><\/h3>\n<ul data-start=\"543\" data-end=\"750\">\n<li data-start=\"543\" data-end=\"576\">\n<p data-start=\"545\" data-end=\"576\"><strong data-start=\"545\" data-end=\"561\">\u015eehir Boyut:<\/strong> 210 \u00d7 210 mm<\/p>\n<\/li>\n<li data-start=\"577\" data-end=\"613\">\n<p data-start=\"579\" data-end=\"613\"><strong data-start=\"579\" data-end=\"598\">\u00c7er\u00e7eve Boyutu:<\/strong> 240 \u00d7 240 mm<\/p>\n<\/li>\n<li data-start=\"614\" data-end=\"653\">\n<p data-start=\"616\" data-end=\"653\"><strong data-start=\"616\" data-end=\"635\">\u00dcretim Y\u00f6ntemi:<\/strong> FDM 3D Printing<\/p>\n<\/li>\n<li data-start=\"654\" data-end=\"682\">\n<p data-start=\"656\" data-end=\"682\"><strong data-start=\"656\" data-end=\"668\">Malzeme:<\/strong> Premium PLA<\/p>\n<\/li>\n<li data-start=\"683\" data-end=\"706\">\n<p data-start=\"685\" data-end=\"706\"><strong data-start=\"685\" data-end=\"698\">Kal\u0131nl\u0131k:<\/strong> 20 mm<\/p>\n<\/li>\n<li data-start=\"707\" data-end=\"750\">\n<p data-start=\"709\" data-end=\"750\"><strong data-start=\"709\" data-end=\"719\">Y\u00fczey:<\/strong> Mat \u2013 y\u00fcksek detayl\u0131, 4 renk<\/p>\n<\/li>\n<\/ul>","protected":false},"featured_media":13878,"template":"","meta":[],"product_brand":[],"product_cat":[15],"product_tag":[],"class_list":{"0":"post-13877","1":"product","2":"type-product","3":"status-publish","4":"has-post-thumbnail","6":"product_cat-3d-cityarte-koleksiyonu","8":"first","9":"instock","10":"sale","11":"shipping-taxable","12":"purchasable","13":"product-type-simple"},"_links":{"self":[{"href":"https:\/\/dynacore3d.com\/en\/wp-json\/wp\/v2\/product\/13877","targetHints":{"allow":["GET"]}}],"collection":[{"href":"https:\/\/dynacore3d.com\/en\/wp-json\/wp\/v2\/product"}],"about":[{"href":"https:\/\/dynacore3d.com\/en\/wp-json\/wp\/v2\/types\/product"}],"wp:featuredmedia":[{"embeddable":true,"href":"https:\/\/dynacore3d.com\/en\/wp-json\/wp\/v2\/media\/13878"}],"wp:attachment":[{"href":"https:\/\/dynacore3d.com\/en\/wp-json\/wp\/v2\/media?parent=13877"}],"wp:term":[{"taxonomy":"product_brand","embeddable":true,"href":"https:\/\/dynacore3d.com\/en\/wp-json\/wp\/v2\/product_brand?post=13877"},{"taxonomy":"product_cat","embeddable":true,"href":"https:\/\/dynacore3d.com\/en\/wp-json\/wp\/v2\/product_cat?post=13877"},{"taxonomy":"product_tag","embeddable":true,"href":"https:\/\/dynacore3d.com\/en\/wp-json\/wp\/v2\/product_tag?post=13877"}],"curies":[{"name":"wp","href":"https:\/\/api.w.org\/{rel}","templated":true}]}}