{"id":13871,"date":"2026-01-04T20:36:04","date_gmt":"2026-01-04T20:36:04","guid":{"rendered":"https:\/\/dynacore3d.com\/?post_type=product&#038;p=13871"},"modified":"2026-01-06T10:48:37","modified_gmt":"2026-01-06T10:48:37","slug":"londra","status":"publish","type":"product","link":"https:\/\/dynacore3d.com\/en\/product\/londra\/","title":{"rendered":"Londra"},"content":{"rendered":"<p data-start=\"802\" data-end=\"1148\"><strong data-start=\"802\" data-end=\"826\">3D CityArte &#8211; Londra<\/strong>, kentin y\u00fczy\u0131llar i\u00e7inde \u015fekillenmi\u015f sokak dokusunu, k\u0131vr\u0131ml\u0131 arterlerini ve \u00e7ok katmanl\u0131 kentsel yap\u0131s\u0131n\u0131 modern bir 3D panele d\u00f6n\u00fc\u015ft\u00fcren \u00f6zel bir tasar\u0131md\u0131r.<br data-start=\"986\" data-end=\"989\" \/>Londra\u2019n\u0131n planl\u0131 ve plans\u0131z yap\u0131lar\u0131n bir arada olu\u015fturdu\u011fu \u00f6zg\u00fcn \u015fehir karakteri, flat tasar\u0131m yakla\u015f\u0131m\u0131yla sade ama derinlikli bir kompozisyona d\u00f6n\u00fc\u015f\u00fcr.<\/p>\n<p data-start=\"1150\" data-end=\"1487\">Bu \u00fcr\u00fcn, Dynacore\u2019un <strong data-start=\"1171\" data-end=\"1196\">\u201cm\u00fchendislik + sanat\u201d<\/strong> yakla\u015f\u0131m\u0131n\u0131 ta\u015f\u0131yan CityArte Koleksiyonu\u2019nun bir par\u00e7as\u0131d\u0131r.<br data-start=\"1257\" data-end=\"1260\" \/>Tasar\u0131m s\u00fcrecinde y\u00fcksek \u00e7\u00f6z\u00fcn\u00fcrl\u00fckl\u00fc \u015fehir verileri i\u015flenmi\u015f; \u015fehir dokusunun saf geometrisi ve ritmi \u00f6n plana \u00e7\u0131kar\u0131lm\u0131\u015ft\u0131r.<br data-start=\"1386\" data-end=\"1389\" \/>Ortaya \u00e7\u0131kan tasar\u0131m, FDM 3D bask\u0131 teknolojisiyle hassas ve katman kontroll\u00fc \u015fekilde \u00fcretilmi\u015ftir.<\/p>\n<p data-start=\"1489\" data-end=\"1662\">\u0130ster evde ister ofiste; masada, rafta ya da duvarda kullan\u0131ma uygundur.<br data-start=\"1561\" data-end=\"1564\" \/>Bulundu\u011fu mek\u00e2na Londra\u2019n\u0131n zamans\u0131z, g\u00fc\u00e7l\u00fc ve karakterli \u015fehir ruhunu modern bir estetikle ta\u015f\u0131r.<\/p>\n<p data-start=\"1664\" data-end=\"1954\">\u00dcr\u00fcn %100 PLA malzemeden \u00fcretilmi\u015ftir.<br data-start=\"1706\" data-end=\"1709\" \/>PLA; m\u0131s\u0131r ni\u015fastas\u0131 ve \u015feker kam\u0131\u015f\u0131 gibi bitkisel kaynaklardan elde edilen, \u00e7evre dostu ve g\u00fcvenli bir biyopolimerdir. G\u00fcnl\u00fck kullan\u0131mda kimyasal koku veya toksik madde yaymaz. CityArte panellerini ya\u015fam alanlar\u0131n\u0131zda g\u00fcvenle kullanabilirsiniz.<\/p>","protected":false},"excerpt":{"rendered":"<p data-start=\"195\" data-end=\"537\"><span class=\"hover:entity-accent entity-underline inline cursor-pointer align-baseline\"><span class=\"whitespace-normal\">London<\/span><\/span>\u2019\u0131n tarihsel sokak \u00f6rg\u00fcs\u00fcn\u00fc ve organik kentsel dokusunu modern bir tasar\u0131m objesine d\u00f6n\u00fc\u015ft\u00fcren <strong data-start=\"327\" data-end=\"351\">3D CityArte &#8211; Londra<\/strong>,<br data-start=\"352\" data-end=\"355\" \/>21 \u00d7 21 cm boyutunda, y\u00fcksek detayl\u0131 flat bir 3D \u015fehir panelidir.<br data-start=\"424\" data-end=\"427\" \/>FDM teknolojisiyle \u00fcretilmi\u015f, kentsel s\u00fcreklili\u011fi ve mimari ritmi \u00f6ne \u00e7\u0131karan premium bir dekorasyon \u00fcr\u00fcn\u00fcd\u00fcr.<\/p>\n<h3 data-start=\"539\" data-end=\"564\"><strong data-start=\"543\" data-end=\"564\">Teknik \u00d6zellikler<\/strong><\/h3>\n<ul data-start=\"565\" data-end=\"772\">\n<li data-start=\"565\" data-end=\"598\">\n<p data-start=\"567\" data-end=\"598\"><strong data-start=\"567\" data-end=\"583\">\u015eehir Boyut:<\/strong> 210 \u00d7 210 mm<\/p>\n<\/li>\n<li data-start=\"599\" data-end=\"635\">\n<p data-start=\"601\" data-end=\"635\"><strong data-start=\"601\" data-end=\"620\">\u00c7er\u00e7eve Boyutu:<\/strong> 240 \u00d7 240 mm<\/p>\n<\/li>\n<li data-start=\"636\" data-end=\"675\">\n<p data-start=\"638\" data-end=\"675\"><strong data-start=\"638\" data-end=\"657\">\u00dcretim Y\u00f6ntemi:<\/strong> FDM 3D Printing<\/p>\n<\/li>\n<li data-start=\"676\" data-end=\"704\">\n<p data-start=\"678\" data-end=\"704\"><strong data-start=\"678\" data-end=\"690\">Malzeme:<\/strong> Premium PLA<\/p>\n<\/li>\n<li data-start=\"705\" data-end=\"728\">\n<p data-start=\"707\" data-end=\"728\"><strong data-start=\"707\" data-end=\"720\">Kal\u0131nl\u0131k:<\/strong> 20 mm<\/p>\n<\/li>\n<li data-start=\"729\" data-end=\"772\">\n<p data-start=\"731\" data-end=\"772\"><strong data-start=\"731\" data-end=\"741\">Y\u00fczey:<\/strong> Mat \u2013 y\u00fcksek detayl\u0131, 4 renk<\/p>\n<\/li>\n<\/ul>","protected":false},"featured_media":13872,"template":"","meta":[],"product_brand":[],"product_cat":[15],"product_tag":[],"class_list":{"0":"post-13871","1":"product","2":"type-product","3":"status-publish","4":"has-post-thumbnail","6":"product_cat-3d-cityarte-koleksiyonu","8":"first","9":"instock","10":"sale","11":"shipping-taxable","12":"purchasable","13":"product-type-simple"},"_links":{"self":[{"href":"https:\/\/dynacore3d.com\/en\/wp-json\/wp\/v2\/product\/13871","targetHints":{"allow":["GET"]}}],"collection":[{"href":"https:\/\/dynacore3d.com\/en\/wp-json\/wp\/v2\/product"}],"about":[{"href":"https:\/\/dynacore3d.com\/en\/wp-json\/wp\/v2\/types\/product"}],"wp:featuredmedia":[{"embeddable":true,"href":"https:\/\/dynacore3d.com\/en\/wp-json\/wp\/v2\/media\/13872"}],"wp:attachment":[{"href":"https:\/\/dynacore3d.com\/en\/wp-json\/wp\/v2\/media?parent=13871"}],"wp:term":[{"taxonomy":"product_brand","embeddable":true,"href":"https:\/\/dynacore3d.com\/en\/wp-json\/wp\/v2\/product_brand?post=13871"},{"taxonomy":"product_cat","embeddable":true,"href":"https:\/\/dynacore3d.com\/en\/wp-json\/wp\/v2\/product_cat?post=13871"},{"taxonomy":"product_tag","embeddable":true,"href":"https:\/\/dynacore3d.com\/en\/wp-json\/wp\/v2\/product_tag?post=13871"}],"curies":[{"name":"wp","href":"https:\/\/api.w.org\/{rel}","templated":true}]}}