{"id":13867,"date":"2026-01-04T20:33:51","date_gmt":"2026-01-04T20:33:51","guid":{"rendered":"https:\/\/dynacore3d.com\/?post_type=product&#038;p=13867"},"modified":"2026-01-06T10:48:55","modified_gmt":"2026-01-06T10:48:55","slug":"berlin","status":"publish","type":"product","link":"https:\/\/dynacore3d.com\/en\/product\/berlin\/","title":{"rendered":"Berlin"},"content":{"rendered":"<p data-start=\"789\" data-end=\"1077\"><strong data-start=\"789\" data-end=\"813\">3D CityArte &#8211; Berlin<\/strong>, kentin karakteristik ana arterlerini, geni\u015f bulvarlar\u0131n\u0131 ve dengeli sokak yap\u0131s\u0131n\u0131 modern bir 3D panele d\u00f6n\u00fc\u015ft\u00fcren \u00f6zel bir tasar\u0131md\u0131r.<br data-start=\"950\" data-end=\"953\" \/>Berlin\u2019in rasyonel \u015fehir plan\u0131 ve g\u00fc\u00e7l\u00fc mimari dili, <strong data-start=\"1006\" data-end=\"1014\">flat<\/strong> tasar\u0131m yakla\u015f\u0131m\u0131yla sade ama etkili bir kompozisyona d\u00f6n\u00fc\u015f\u00fcr.<\/p>\n<p data-start=\"1079\" data-end=\"1420\">Bu \u00fcr\u00fcn, Dynacore\u2019un <strong data-start=\"1100\" data-end=\"1125\">\u201cm\u00fchendislik + sanat\u201d<\/strong> yakla\u015f\u0131m\u0131n\u0131 ta\u015f\u0131yan CityArte Koleksiyonu\u2019nun bir par\u00e7as\u0131d\u0131r.<br data-start=\"1186\" data-end=\"1189\" \/>Tasar\u0131m s\u00fcrecinde y\u00fcksek \u00e7\u00f6z\u00fcn\u00fcrl\u00fckl\u00fc \u015fehir verileri i\u015flenmi\u015f; \u015fehir dokusunun geometrisi ve yap\u0131sal ritmi \u00f6n plana \u00e7\u0131kar\u0131lm\u0131\u015ft\u0131r.<br data-start=\"1319\" data-end=\"1322\" \/>Ortaya \u00e7\u0131kan tasar\u0131m, FDM 3D bask\u0131 teknolojisiyle hassas ve katman kontroll\u00fc \u015fekilde \u00fcretilmi\u015ftir.<\/p>\n<p data-start=\"1422\" data-end=\"1593\">\u0130ster evde ister ofiste; masada, rafta ya da duvarda kullan\u0131ma uygundur.<br data-start=\"1494\" data-end=\"1497\" \/>Bulundu\u011fu mek\u00e2na Berlin\u2019in g\u00fc\u00e7l\u00fc, sade ve zamans\u0131z \u015fehir karakterini modern bir estetikle ta\u015f\u0131r.<\/p>\n<p data-start=\"1595\" data-end=\"1885\">\u00dcr\u00fcn %100 <strong data-start=\"1605\" data-end=\"1612\">PLA<\/strong> malzemeden \u00fcretilmi\u015ftir.<br data-start=\"1637\" data-end=\"1640\" \/>PLA; m\u0131s\u0131r ni\u015fastas\u0131 ve \u015feker kam\u0131\u015f\u0131 gibi bitkisel kaynaklardan elde edilen, \u00e7evre dostu ve g\u00fcvenli bir biyopolimerdir. G\u00fcnl\u00fck kullan\u0131mda kimyasal koku veya toksik madde yaymaz. CityArte panellerini ya\u015fam alanlar\u0131n\u0131zda g\u00fcvenle kullanabilirsiniz.<\/p>","protected":false},"excerpt":{"rendered":"<p data-start=\"195\" data-end=\"524\"><span class=\"hover:entity-accent entity-underline inline cursor-pointer align-baseline\"><span class=\"whitespace-normal\">Berlin<\/span><\/span>\u2019in g\u00fc\u00e7l\u00fc akslar\u0131n\u0131 ve d\u00fczenli sokak \u00f6rg\u00fcs\u00fcn\u00fc modern bir tasar\u0131m objesine d\u00f6n\u00fc\u015ft\u00fcren <strong data-start=\"317\" data-end=\"341\">3D CityArte &#8211; Berlin<\/strong>,<br data-start=\"342\" data-end=\"345\" \/>21 \u00d7 21 cm boyutunda, y\u00fcksek detayl\u0131 flat bir 3D \u015fehir panelidir.<br data-start=\"414\" data-end=\"417\" \/>FDM teknolojisiyle \u00fcretilmi\u015f, mimari netli\u011fi ve kentsel d\u00fczeni \u00f6ne \u00e7\u0131karan premium bir dekorasyon \u00fcr\u00fcn\u00fcd\u00fcr.<\/p>\n<h3 data-start=\"526\" data-end=\"551\"><strong data-start=\"530\" data-end=\"551\">Teknik \u00d6zellikler<\/strong><\/h3>\n<ul data-start=\"552\" data-end=\"759\">\n<li data-start=\"552\" data-end=\"585\">\n<p data-start=\"554\" data-end=\"585\"><strong data-start=\"554\" data-end=\"570\">\u015eehir Boyut:<\/strong> 210 \u00d7 210 mm<\/p>\n<\/li>\n<li data-start=\"586\" data-end=\"622\">\n<p data-start=\"588\" data-end=\"622\"><strong data-start=\"588\" data-end=\"607\">\u00c7er\u00e7eve Boyutu:<\/strong> 240 \u00d7 240 mm<\/p>\n<\/li>\n<li data-start=\"623\" data-end=\"662\">\n<p data-start=\"625\" data-end=\"662\"><strong data-start=\"625\" data-end=\"644\">\u00dcretim Y\u00f6ntemi:<\/strong> FDM 3D Printing<\/p>\n<\/li>\n<li data-start=\"663\" data-end=\"691\">\n<p data-start=\"665\" data-end=\"691\"><strong data-start=\"665\" data-end=\"677\">Malzeme:<\/strong> Premium PLA<\/p>\n<\/li>\n<li data-start=\"692\" data-end=\"715\">\n<p data-start=\"694\" data-end=\"715\"><strong data-start=\"694\" data-end=\"707\">Kal\u0131nl\u0131k:<\/strong> 20 mm<\/p>\n<\/li>\n<li data-start=\"716\" data-end=\"759\">\n<p data-start=\"718\" data-end=\"759\"><strong data-start=\"718\" data-end=\"728\">Y\u00fczey:<\/strong> Mat \u2013 y\u00fcksek detayl\u0131, 4 renk<\/p>\n<\/li>\n<\/ul>","protected":false},"featured_media":13868,"template":"","meta":[],"product_brand":[],"product_cat":[15],"product_tag":[],"class_list":{"0":"post-13867","1":"product","2":"type-product","3":"status-publish","4":"has-post-thumbnail","6":"product_cat-3d-cityarte-koleksiyonu","8":"first","9":"instock","10":"sale","11":"shipping-taxable","12":"purchasable","13":"product-type-simple"},"_links":{"self":[{"href":"https:\/\/dynacore3d.com\/en\/wp-json\/wp\/v2\/product\/13867","targetHints":{"allow":["GET"]}}],"collection":[{"href":"https:\/\/dynacore3d.com\/en\/wp-json\/wp\/v2\/product"}],"about":[{"href":"https:\/\/dynacore3d.com\/en\/wp-json\/wp\/v2\/types\/product"}],"wp:featuredmedia":[{"embeddable":true,"href":"https:\/\/dynacore3d.com\/en\/wp-json\/wp\/v2\/media\/13868"}],"wp:attachment":[{"href":"https:\/\/dynacore3d.com\/en\/wp-json\/wp\/v2\/media?parent=13867"}],"wp:term":[{"taxonomy":"product_brand","embeddable":true,"href":"https:\/\/dynacore3d.com\/en\/wp-json\/wp\/v2\/product_brand?post=13867"},{"taxonomy":"product_cat","embeddable":true,"href":"https:\/\/dynacore3d.com\/en\/wp-json\/wp\/v2\/product_cat?post=13867"},{"taxonomy":"product_tag","embeddable":true,"href":"https:\/\/dynacore3d.com\/en\/wp-json\/wp\/v2\/product_tag?post=13867"}],"curies":[{"name":"wp","href":"https:\/\/api.w.org\/{rel}","templated":true}]}}