{"id":13862,"date":"2026-01-04T20:32:10","date_gmt":"2026-01-04T20:32:10","guid":{"rendered":"https:\/\/dynacore3d.com\/?post_type=product&#038;p=13862"},"modified":"2026-01-06T10:49:11","modified_gmt":"2026-01-06T10:49:11","slug":"barcelona","status":"publish","type":"product","link":"https:\/\/dynacore3d.com\/en\/product\/barcelona\/","title":{"rendered":"Barcelona"},"content":{"rendered":"<p data-start=\"818\" data-end=\"1121\"><strong data-start=\"818\" data-end=\"845\">3D CityArte &#8211; Barcelona<\/strong>, kentin karakteristik grid plan\u0131n\u0131, k\u0131y\u0131 \u00e7izgisini ve dinamik sokak dokusunu modern bir 3D panele d\u00f6n\u00fc\u015ft\u00fcren \u00f6zel bir tasar\u0131md\u0131r.<br data-start=\"975\" data-end=\"978\" \/>Barcelona\u2019n\u0131n planl\u0131 kentsel yap\u0131s\u0131 ile Akdeniz\u2019e a\u00e7\u0131lan a\u00e7\u0131k \u015fehir hissi, <strong data-start=\"1053\" data-end=\"1061\">flat<\/strong> tasar\u0131m yakla\u015f\u0131m\u0131yla net ve g\u00fc\u00e7l\u00fc bir kompozisyona d\u00f6n\u00fc\u015f\u00fcr.<\/p>\n<p data-start=\"1123\" data-end=\"1456\">Bu \u00fcr\u00fcn, Dynacore\u2019un <strong data-start=\"1144\" data-end=\"1169\">\u201cm\u00fchendislik + sanat\u201d<\/strong> yakla\u015f\u0131m\u0131n\u0131 ta\u015f\u0131yan CityArte Koleksiyonu\u2019nun bir par\u00e7as\u0131d\u0131r.<br data-start=\"1230\" data-end=\"1233\" \/>Tasar\u0131m s\u00fcrecinde y\u00fcksek \u00e7\u00f6z\u00fcn\u00fcrl\u00fckl\u00fc \u015fehir verileri i\u015flenmi\u015f; \u015fehir dokusunun geometrisi ve ritmi \u00f6n plana \u00e7\u0131kar\u0131lm\u0131\u015ft\u0131r.<br data-start=\"1355\" data-end=\"1358\" \/>Ortaya \u00e7\u0131kan tasar\u0131m, FDM 3D bask\u0131 teknolojisiyle hassas ve katman kontroll\u00fc \u015fekilde \u00fcretilmi\u015ftir.<\/p>\n<p data-start=\"1458\" data-end=\"1640\">\u0130ster evde ister ofiste; masada, rafta ya da duvarda kullan\u0131ma uygundur.<br data-start=\"1530\" data-end=\"1533\" \/>Bulundu\u011fu mek\u00e2na Barcelona\u2019n\u0131n enerjik, modern ve Akdeniz\u2019e \u00f6zg\u00fc a\u00e7\u0131k karakterini sade bir estetikle ta\u015f\u0131r.<\/p>\n<p data-start=\"1642\" data-end=\"1932\">\u00dcr\u00fcn %100 <strong data-start=\"1652\" data-end=\"1659\">PLA<\/strong> malzemeden \u00fcretilmi\u015ftir.<br data-start=\"1684\" data-end=\"1687\" \/>PLA; m\u0131s\u0131r ni\u015fastas\u0131 ve \u015feker kam\u0131\u015f\u0131 gibi bitkisel kaynaklardan elde edilen, \u00e7evre dostu ve g\u00fcvenli bir biyopolimerdir. G\u00fcnl\u00fck kullan\u0131mda kimyasal koku veya toksik madde yaymaz. CityArte panellerini ya\u015fam alanlar\u0131n\u0131zda g\u00fcvenle kullanabilirsiniz.<\/p>","protected":false},"excerpt":{"rendered":"<p data-start=\"201\" data-end=\"553\"><span class=\"hover:entity-accent entity-underline inline cursor-pointer align-baseline\"><span class=\"whitespace-normal\">Barcelona<\/span><\/span>\u2019n\u0131n Akdeniz k\u0131y\u0131s\u0131 boyunca \u015fekillenen \u00f6zg\u00fcn sokak d\u00fczenini modern bir tasar\u0131m objesine d\u00f6n\u00fc\u015ft\u00fcren <strong data-start=\"337\" data-end=\"364\">3D CityArte \u2013 Barcelona<\/strong>,<br data-start=\"365\" data-end=\"368\" \/>21 \u00d7 21 cm boyutunda, y\u00fcksek detayl\u0131 <strong data-start=\"405\" data-end=\"413\">flat<\/strong> bir 3D \u015fehir panelidir.<br data-start=\"437\" data-end=\"440\" \/>FDM teknolojisiyle \u00fcretilmi\u015f, g\u00fc\u00e7l\u00fc kentsel geometriyi yal\u0131n bir estetikle sunan premium bir dekorasyon \u00fcr\u00fcn\u00fcd\u00fcr.<\/p>\n<h3 data-start=\"555\" data-end=\"580\"><strong data-start=\"559\" data-end=\"580\">Teknik \u00d6zellikler<\/strong><\/h3>\n<ul data-start=\"581\" data-end=\"788\">\n<li data-start=\"581\" data-end=\"614\">\n<p data-start=\"583\" data-end=\"614\"><strong data-start=\"583\" data-end=\"599\">\u015eehir Boyut:<\/strong> 210 \u00d7 210 mm<\/p>\n<\/li>\n<li data-start=\"615\" data-end=\"651\">\n<p data-start=\"617\" data-end=\"651\"><strong data-start=\"617\" data-end=\"636\">\u00c7er\u00e7eve Boyutu:<\/strong> 240 \u00d7 240 mm<\/p>\n<\/li>\n<li data-start=\"652\" data-end=\"691\">\n<p data-start=\"654\" data-end=\"691\"><strong data-start=\"654\" data-end=\"673\">\u00dcretim Y\u00f6ntemi:<\/strong> FDM 3D Printing<\/p>\n<\/li>\n<li data-start=\"692\" data-end=\"720\">\n<p data-start=\"694\" data-end=\"720\"><strong data-start=\"694\" data-end=\"706\">Malzeme:<\/strong> Premium PLA<\/p>\n<\/li>\n<li data-start=\"721\" data-end=\"744\">\n<p data-start=\"723\" data-end=\"744\"><strong data-start=\"723\" data-end=\"736\">Kal\u0131nl\u0131k:<\/strong> 20 mm<\/p>\n<\/li>\n<li data-start=\"745\" data-end=\"788\">\n<p data-start=\"747\" data-end=\"788\"><strong data-start=\"747\" data-end=\"757\">Y\u00fczey:<\/strong> Mat \u2013 y\u00fcksek detayl\u0131, 4 renk<\/p>\n<\/li>\n<\/ul>","protected":false},"featured_media":13863,"template":"","meta":[],"product_brand":[],"product_cat":[15],"product_tag":[],"class_list":{"0":"post-13862","1":"product","2":"type-product","3":"status-publish","4":"has-post-thumbnail","6":"product_cat-3d-cityarte-koleksiyonu","8":"first","9":"instock","10":"sale","11":"shipping-taxable","12":"purchasable","13":"product-type-simple"},"_links":{"self":[{"href":"https:\/\/dynacore3d.com\/en\/wp-json\/wp\/v2\/product\/13862","targetHints":{"allow":["GET"]}}],"collection":[{"href":"https:\/\/dynacore3d.com\/en\/wp-json\/wp\/v2\/product"}],"about":[{"href":"https:\/\/dynacore3d.com\/en\/wp-json\/wp\/v2\/types\/product"}],"wp:featuredmedia":[{"embeddable":true,"href":"https:\/\/dynacore3d.com\/en\/wp-json\/wp\/v2\/media\/13863"}],"wp:attachment":[{"href":"https:\/\/dynacore3d.com\/en\/wp-json\/wp\/v2\/media?parent=13862"}],"wp:term":[{"taxonomy":"product_brand","embeddable":true,"href":"https:\/\/dynacore3d.com\/en\/wp-json\/wp\/v2\/product_brand?post=13862"},{"taxonomy":"product_cat","embeddable":true,"href":"https:\/\/dynacore3d.com\/en\/wp-json\/wp\/v2\/product_cat?post=13862"},{"taxonomy":"product_tag","embeddable":true,"href":"https:\/\/dynacore3d.com\/en\/wp-json\/wp\/v2\/product_tag?post=13862"}],"curies":[{"name":"wp","href":"https:\/\/api.w.org\/{rel}","templated":true}]}}