{"id":13857,"date":"2026-01-04T20:27:52","date_gmt":"2026-01-04T20:27:52","guid":{"rendered":"https:\/\/dynacore3d.com\/?post_type=product&#038;p=13857"},"modified":"2026-01-06T10:49:26","modified_gmt":"2026-01-06T10:49:26","slug":"amsterdam","status":"publish","type":"product","link":"https:\/\/dynacore3d.com\/en\/product\/amsterdam\/","title":{"rendered":"Amsterdam"},"content":{"rendered":"<p data-start=\"823\" data-end=\"1124\"><strong data-start=\"823\" data-end=\"850\">3D CityArte &#8211; Amsterdam<\/strong>, kentin karakteristik halka kanallar\u0131n\u0131, dar sokaklar\u0131n\u0131 ve organik kentsel \u00f6rg\u00fcs\u00fcn\u00fc modern bir 3D panele d\u00f6n\u00fc\u015ft\u00fcren \u00f6zel bir tasar\u0131md\u0131r.<br data-start=\"988\" data-end=\"991\" \/>Amsterdam\u2019\u0131n ak\u0131\u015fkan \u015fehir plan\u0131 ve suyla kurdu\u011fu g\u00fc\u00e7l\u00fc ili\u015fki, flat tasar\u0131m yakla\u015f\u0131m\u0131yla net ve okunabilir bir kompozisyona d\u00f6n\u00fc\u015f\u00fcr.<\/p>\n<p data-start=\"1126\" data-end=\"1509\">Bu \u00fcr\u00fcn, Dynacore\u2019un <strong data-start=\"1147\" data-end=\"1172\">\u201cm\u00fchendislik + sanat\u201d<\/strong> yakla\u015f\u0131m\u0131n\u0131 ta\u015f\u0131yan CityArte Koleksiyonu\u2019nun bir par\u00e7as\u0131d\u0131r.<br data-start=\"1233\" data-end=\"1236\" \/>Tasar\u0131m s\u00fcrecinde y\u00fcksek \u00e7\u00f6z\u00fcn\u00fcrl\u00fckl\u00fc \u015fehir verileri i\u015flenmi\u015f; topo\u011frafik y\u00fckseklikler kullan\u0131lmadan, Amsterdam\u2019\u0131n kanal sistemi ve sokak geometrisi \u00f6n plana \u00e7\u0131kar\u0131lm\u0131\u015ft\u0131r.<br data-start=\"1408\" data-end=\"1411\" \/>Ortaya \u00e7\u0131kan tasar\u0131m, FDM 3D bask\u0131 teknolojisiyle hassas ve katman kontroll\u00fc \u015fekilde \u00fcretilmi\u015ftir.<\/p>\n<p data-start=\"1511\" data-end=\"1689\">\u0130ster evde ister ofiste; masada, rafta ya da duvarda kullan\u0131ma uygundur.<br data-start=\"1583\" data-end=\"1586\" \/>Bulundu\u011fu mek\u00e2na Amsterdam\u2019\u0131n sakin, dengeli ve karakteristik \u015fehir ritmini modern bir dokunu\u015fla ta\u015f\u0131r.<\/p>\n<p data-start=\"1691\" data-end=\"1979\">\u00dcr\u00fcn %100 <strong data-start=\"1701\" data-end=\"1708\">PLA<\/strong> malzemeden \u00fcretilmi\u015ftir.<br data-start=\"1733\" data-end=\"1736\" \/>PLA; m\u0131s\u0131r ni\u015fastas\u0131 ve \u015feker kam\u0131\u015f\u0131 gibi bitkisel kaynaklardan elde edilen, \u00e7evre dostu ve g\u00fcvenli bir biyopolimerdir. G\u00fcnl\u00fck kullan\u0131mda kimyasal koku veya toksik madde yaymaz. CityArte panelleri ya\u015fam alanlar\u0131n\u0131zda g\u00fcvenle kullanabilirsiniz.<\/p>","protected":false},"excerpt":{"rendered":"<p data-start=\"357\" data-end=\"685\"><span class=\"hover:entity-accent entity-underline inline cursor-pointer align-baseline\"><span class=\"whitespace-normal\">Amsterdam<\/span><\/span>\u2019\u0131n \u00f6zg\u00fcn kanal a\u011f\u0131 ve organik sokak d\u00fczenini modern bir tasar\u0131m objesine d\u00f6n\u00fc\u015ft\u00fcren <strong data-start=\"479\" data-end=\"506\">3D CityArte \u2013 Amsterdam<\/strong>,<br data-start=\"507\" data-end=\"510\" \/>21 \u00d7 21 cm boyutunda, y\u00fcksek detayl\u0131 <strong data-start=\"547\" data-end=\"555\">flat<\/strong> bir 3D \u015fehir panelidir.<br data-start=\"579\" data-end=\"582\" \/>FDM teknolojisiyle \u00fcretilmi\u015f, kentsel dokuyu yal\u0131n bir estetikle sunan premium bir dekorasyon \u00fcr\u00fcn\u00fcd\u00fcr.<\/p>\n<p data-start=\"357\" data-end=\"685\"><strong data-start=\"691\" data-end=\"712\">Teknik \u00d6zellikler<\/strong><\/p>\n<ul data-start=\"713\" data-end=\"920\">\n<li data-start=\"713\" data-end=\"746\">\n<p data-start=\"715\" data-end=\"746\"><strong data-start=\"715\" data-end=\"731\">\u015eehir Boyut:<\/strong> 210 \u00d7 210 mm<\/p>\n<\/li>\n<li data-start=\"747\" data-end=\"783\">\n<p data-start=\"749\" data-end=\"783\"><strong data-start=\"749\" data-end=\"768\">\u00c7er\u00e7eve Boyutu:<\/strong> 240 \u00d7 240 mm<\/p>\n<\/li>\n<li data-start=\"784\" data-end=\"823\">\n<p data-start=\"786\" data-end=\"823\"><strong data-start=\"786\" data-end=\"805\">\u00dcretim Y\u00f6ntemi:<\/strong> FDM 3D Printing<\/p>\n<\/li>\n<li data-start=\"824\" data-end=\"852\">\n<p data-start=\"826\" data-end=\"852\"><strong data-start=\"826\" data-end=\"838\">Malzeme:<\/strong> Premium PLA<\/p>\n<\/li>\n<li data-start=\"853\" data-end=\"876\">\n<p data-start=\"855\" data-end=\"876\"><strong data-start=\"855\" data-end=\"868\">Kal\u0131nl\u0131k:<\/strong> 20 mm<\/p>\n<\/li>\n<li data-start=\"877\" data-end=\"920\">\n<p data-start=\"879\" data-end=\"920\"><strong data-start=\"879\" data-end=\"889\">Y\u00fczey:<\/strong> Mat \u2013 y\u00fcksek detayl\u0131, 4 renk<\/p>\n<\/li>\n<\/ul>","protected":false},"featured_media":13861,"template":"","meta":[],"product_brand":[],"product_cat":[15],"product_tag":[],"class_list":{"0":"post-13857","1":"product","2":"type-product","3":"status-publish","4":"has-post-thumbnail","6":"product_cat-3d-cityarte-koleksiyonu","8":"first","9":"instock","10":"sale","11":"shipping-taxable","12":"purchasable","13":"product-type-simple"},"_links":{"self":[{"href":"https:\/\/dynacore3d.com\/en\/wp-json\/wp\/v2\/product\/13857","targetHints":{"allow":["GET"]}}],"collection":[{"href":"https:\/\/dynacore3d.com\/en\/wp-json\/wp\/v2\/product"}],"about":[{"href":"https:\/\/dynacore3d.com\/en\/wp-json\/wp\/v2\/types\/product"}],"wp:featuredmedia":[{"embeddable":true,"href":"https:\/\/dynacore3d.com\/en\/wp-json\/wp\/v2\/media\/13861"}],"wp:attachment":[{"href":"https:\/\/dynacore3d.com\/en\/wp-json\/wp\/v2\/media?parent=13857"}],"wp:term":[{"taxonomy":"product_brand","embeddable":true,"href":"https:\/\/dynacore3d.com\/en\/wp-json\/wp\/v2\/product_brand?post=13857"},{"taxonomy":"product_cat","embeddable":true,"href":"https:\/\/dynacore3d.com\/en\/wp-json\/wp\/v2\/product_cat?post=13857"},{"taxonomy":"product_tag","embeddable":true,"href":"https:\/\/dynacore3d.com\/en\/wp-json\/wp\/v2\/product_tag?post=13857"}],"curies":[{"name":"wp","href":"https:\/\/api.w.org\/{rel}","templated":true}]}}