{"id":13840,"date":"2026-01-04T15:10:59","date_gmt":"2026-01-04T15:10:59","guid":{"rendered":"https:\/\/dynacore3d.com\/?post_type=product&#038;p=13840"},"modified":"2026-01-08T15:47:10","modified_gmt":"2026-01-08T15:47:10","slug":"terazi-venus","status":"publish","type":"product","link":"https:\/\/dynacore3d.com\/en\/product\/terazi-venus\/","title":{"rendered":"Terazi &#8211; Ven\u00fcs"},"content":{"rendered":"<p data-start=\"782\" data-end=\"880\">Ven\u00fcs, Terazi burcunun gezegenidir:<br data-start=\"817\" data-end=\"820\" \/>Uyumun, estetik dengenin ve ili\u015fkilerdeki zarafetin sembol\u00fc.<\/p>\n<p data-start=\"882\" data-end=\"1031\"><strong data-start=\"882\" data-end=\"915\">Terazi \u2013 Ven\u00fcs Gezegeni Lamba<\/strong>, bulundu\u011fu ortamda g\u00f6ze batmadan fark edilir.<br data-start=\"961\" data-end=\"964\" \/>Ne fazla iddial\u0131, ne de silik\u2026<br data-start=\"994\" data-end=\"997\" \/>Tam karar\u0131nda, dengeli ve huzurlu.<\/p>\n<p data-start=\"1033\" data-end=\"1251\">Ven\u00fcs\u2019\u00fcn y\u00fczeyini saran yumu\u015fak ama dengeli dokular,<br data-start=\"1085\" data-end=\"1088\" \/>\u0131\u015f\u0131k yand\u0131\u011f\u0131nda ortaya \u00e7\u0131kan temiz ve e\u015fit ayd\u0131nl\u0131kla birle\u015fir.<br data-start=\"1151\" data-end=\"1154\" \/>Bu etki, Terazi\u2019nin simetriye, estetik uyuma ve g\u00f6rsel dengeye olan do\u011fal hassasiyetini yans\u0131t\u0131r.<\/p>\n<p data-start=\"1253\" data-end=\"1385\">Bu lamba yaln\u0131zca bir dekor objesi de\u011fil,<br data-start=\"1294\" data-end=\"1297\" \/>Terazi\u2019nin \u201cher \u015fey yerli yerinde olsun\u201d diyen bak\u0131\u015f a\u00e7\u0131s\u0131n\u0131n fiziksel bir yans\u0131mas\u0131d\u0131r.<\/p>\n<p data-start=\"1387\" data-end=\"1533\">Her yand\u0131\u011f\u0131nda ortam\u0131 dengeler.<br data-start=\"1418\" data-end=\"1421\" \/>Her \u0131\u015f\u0131k ge\u00e7i\u015finde g\u00f6z\u00fc dinlendirir.<br data-start=\"1457\" data-end=\"1460\" \/>Ve mek\u00e2nda bulundu\u011fu her an, alan\u0131 daha uyumlu ve daha zarif hissettirir.<\/p>\n<p data-start=\"1535\" data-end=\"1697\">Terazi burcunun sevdi\u011fi estetik bilin\u00e7, uyum ve incelik bu tasar\u0131mda birle\u015fti.<br data-start=\"1613\" data-end=\"1616\" \/>Ven\u00fcs\u2019\u00fcn dengeli ve yumu\u015fak enerjisi, mek\u00e2na sakin ama rafine bir \u0131\u015f\u0131kla yay\u0131l\u0131r.<\/p>\n<h3><strong>Material &amp; Safety Information<\/strong><\/h3>\n<p>This product is made entirely from PLA (Polylactic Acid), an eco friendly biopolymer.\nPLA is a natural material derived from corn starch, sugarcane, and other plant based sources, and is considered one of the safest 3D printing materials for home and office environments.<\/p>\n<p>Safe &amp; Non Toxic:\n\nPLA does not release toxic substances, heavy metals, or chemical fumes during production or use.<\/p>\n<p>Odor Free\n\nUnlike petroleum based plastics such as ABS, PLA has no sharp odor and does not cause irritation.<\/p>\n<p>Food Contact Safe Category:\n\nAs a polymer classified as food contact safe, it poses no risk even during long term indoor use.<\/p>\n<p>Low Fire Risk:\n\nPLA\u2019s low flammability nature makes it suitable for decorative objects.<\/p>\n<p>Environmentally Friendly:\n\nPLA is biodegradable and one of the most sustainable materials available in 3D printing.<\/p>\n<p>For these reasons, our planet lamps are premium decorative objects that are safe for indoor use, gentle on human health, and aligned with a sustainable production philosophy.<\/p>\n<p>This product comes with an E14 socket and a low heat LED bulb that meet international safety standards.<\/p>\n<p>LED Bulbs<\/p>\n<ul>\n<li>D\u00fc\u015f\u00fck s\u0131cakl\u0131kta \u00e7al\u0131\u015f\u0131r (halojen veya filament ampuller gibi y\u00fcksek \u0131s\u0131 \u00fcretmez).<\/li>\n<li>Enerji verimlidir, g\u00fcvenli ve uzun \u00f6m\u00fcrl\u00fcd\u00fcr.<\/li>\n<li>PLA g\u00f6vde ile tamamen uyumlu olup risk olu\u015fturmaz.<\/li>\n<\/ul>\n<p>Electrical Components<\/p>\n<ul>\n<li>CE ve uluslararas\u0131 g\u00fcvenlik standartlar\u0131na uygundur.<\/li>\n<li>Ev ve ofis kullan\u0131m\u0131 i\u00e7in g\u00fcvenlidir.<\/li>\n<li>A\u015f\u0131r\u0131 \u0131s\u0131nma riskini minimuma indiren LED teknolojiye sahiptir.<\/li>\n<\/ul>","protected":false},"excerpt":{"rendered":"<p>Terazi burcunun y\u00f6neticisi <strong data-start=\"356\" data-end=\"365\">Ven\u00fcs<\/strong>\u2019t\u00fcr.<br data-start=\"370\" data-end=\"373\" \/>Dengenin, uyumun ve estetik bilincin gezegeni.<br data-start=\"419\" data-end=\"422\" \/>Bu lamba, Terazi\u2019nin zarif bak\u0131\u015f\u0131n\u0131, uyum aray\u0131\u015f\u0131n\u0131 ve dengeli g\u00fczellik anlay\u0131\u015f\u0131n\u0131 mek\u00e2na ta\u015f\u0131r.<br data-start=\"518\" data-end=\"521\" \/>Uyumun, inceli\u011fin ve estetik fark\u0131ndal\u0131\u011f\u0131n \u0131\u015f\u0131\u011f\u0131\u2026<\/p>\n<p data-start=\"572\" data-end=\"587\"><strong data-start=\"572\" data-end=\"587\">Specifications<br \/>\n<\/strong>Detailed Venus surface geometry<br data-start=\"619\" data-end=\"622\" \/>16 cm \u00e7ap<br data-start=\"631\" data-end=\"634\" \/>E14 duy<br data-start=\"641\" data-end=\"644\" \/>6500K Beyaz LED Ampul<br data-start=\"665\" data-end=\"668\" \/>3D-printed with premium PLA<br data-start=\"688\" data-end=\"691\" \/>2 m kablo \u2013 a\u00e7ma kapama anahtar\u0131<br data-start=\"723\" data-end=\"726\" \/>Dynacore signature presentation box<\/p>","protected":false},"featured_media":13792,"template":"","meta":[],"product_brand":[],"product_cat":[563],"product_tag":[],"class_list":{"0":"post-13840","1":"product","2":"type-product","3":"status-publish","4":"has-post-thumbnail","6":"product_cat-burclarin-gezegeni-koleksiyonu","8":"first","9":"instock","10":"shipping-taxable","11":"purchasable","12":"product-type-simple"},"_links":{"self":[{"href":"https:\/\/dynacore3d.com\/en\/wp-json\/wp\/v2\/product\/13840","targetHints":{"allow":["GET"]}}],"collection":[{"href":"https:\/\/dynacore3d.com\/en\/wp-json\/wp\/v2\/product"}],"about":[{"href":"https:\/\/dynacore3d.com\/en\/wp-json\/wp\/v2\/types\/product"}],"wp:featuredmedia":[{"embeddable":true,"href":"https:\/\/dynacore3d.com\/en\/wp-json\/wp\/v2\/media\/13792"}],"wp:attachment":[{"href":"https:\/\/dynacore3d.com\/en\/wp-json\/wp\/v2\/media?parent=13840"}],"wp:term":[{"taxonomy":"product_brand","embeddable":true,"href":"https:\/\/dynacore3d.com\/en\/wp-json\/wp\/v2\/product_brand?post=13840"},{"taxonomy":"product_cat","embeddable":true,"href":"https:\/\/dynacore3d.com\/en\/wp-json\/wp\/v2\/product_cat?post=13840"},{"taxonomy":"product_tag","embeddable":true,"href":"https:\/\/dynacore3d.com\/en\/wp-json\/wp\/v2\/product_tag?post=13840"}],"curies":[{"name":"wp","href":"https:\/\/api.w.org\/{rel}","templated":true}]}}