{"id":13839,"date":"2026-01-04T15:07:21","date_gmt":"2026-01-04T15:07:21","guid":{"rendered":"https:\/\/dynacore3d.com\/?post_type=product&#038;p=13839"},"modified":"2026-01-08T15:47:26","modified_gmt":"2026-01-08T15:47:26","slug":"basak-merkur","status":"publish","type":"product","link":"https:\/\/dynacore3d.com\/en\/product\/basak-merkur\/","title":{"rendered":"Ba\u015fak &#8211; Merk\u00fcr"},"content":{"rendered":"<p data-start=\"707\" data-end=\"811\">Merk\u00fcr, Ba\u015fak burcunun gezegenidir.<br data-start=\"742\" data-end=\"745\" \/>Zihinsel d\u00fczeni, analitik d\u00fc\u015f\u00fcnceyi ve fayda \u00fcretmeyi temsil eder.<\/p>\n<p data-start=\"813\" data-end=\"991\"><strong data-start=\"813\" data-end=\"846\">Ba\u015fak \u2013 Merk\u00fcr Gezegeni Lamba<\/strong>, bulundu\u011fu ortamda sade ama etkili bir denge kurar.<br data-start=\"898\" data-end=\"901\" \/>G\u00fcr\u00fclt\u00fc yaratmaz, dikkat da\u011f\u0131tmaz\u2026<br data-start=\"935\" data-end=\"938\" \/>Aksine mek\u00e2n\u0131 toparlar, sakinle\u015ftirir ve netle\u015ftirir.<\/p>\n<p data-start=\"993\" data-end=\"1197\">Merk\u00fcr\u2019\u00fcn y\u00fczeyinde yer alan dengeli ve d\u00fczenli dokular,<br data-start=\"1049\" data-end=\"1052\" \/>\u0131\u015f\u0131k yand\u0131\u011f\u0131nda ortaya \u00e7\u0131kan temiz ve kontroll\u00fc ayd\u0131nl\u0131kla birle\u015fir.<br data-start=\"1120\" data-end=\"1123\" \/>Bu etki, Ba\u015fak\u2019\u0131n detaylara \u00f6nem veren, \u00f6l\u00e7\u00fcl\u00fc ve titiz do\u011fas\u0131n\u0131 yans\u0131t\u0131r.<\/p>\n<p data-start=\"1199\" data-end=\"1306\">Bu lamba yaln\u0131zca bir dekor objesi de\u011fil,<br data-start=\"1240\" data-end=\"1243\" \/>Ba\u015fak\u2019\u0131n \u201caz ama do\u011fru\u201d yakla\u015f\u0131m\u0131n\u0131n fiziksel bir yans\u0131mas\u0131d\u0131r.<\/p>\n<p data-start=\"1308\" data-end=\"1457\">Her yand\u0131\u011f\u0131nda zihni toparlar.<br data-start=\"1338\" data-end=\"1341\" \/>Her \u0131\u015f\u0131k ge\u00e7i\u015finde odaklanmay\u0131 destekler.<br data-start=\"1382\" data-end=\"1385\" \/>Ve mek\u00e2nda bulundu\u011fu her an, ortama ferah ve d\u00fczenli bir his kazand\u0131r\u0131r.<br \/>\nMerk\u00fcr\u2019\u00fcn berrak ve \u00f6l\u00e7\u00fcl\u00fc enerjisi, mek\u00e2na sakin ama keskin bir netlikle yay\u0131l\u0131r.<\/p>\n<p data-start=\"1459\" data-end=\"1619\">Ba\u015fak burcunun sevdi\u011fi sadelik, i\u015flevsellik ve denge bu tasar\u0131mda birle\u015fti.<br \/>\nE\u011fer zihninde netlik, \u00e7evrende d\u00fczen ar\u0131yorsan<br data-start=\"982\" data-end=\"985\" \/>ve k\u00fc\u00e7\u00fck detaylar\u0131n seni ger\u00e7ekten mutlu etti\u011fini biliyorsan, bu \u0131\u015f\u0131k seninle ayn\u0131 dili konu\u015fur.<\/p>","protected":false},"excerpt":{"rendered":"<p data-start=\"259\" data-end=\"494\">Ba\u015fak burcunun y\u00f6neticisi <strong data-start=\"285\" data-end=\"295\">Merk\u00fcr<\/strong>\u2019d\u00fcr.<br data-start=\"300\" data-end=\"303\" \/>D\u00fczenin, berrak d\u00fc\u015f\u00fcncenin ve detaylar\u0131n gezegeni.<br data-start=\"353\" data-end=\"356\" \/>Bu lamba, Ba\u015fak\u2019\u0131n sade zek\u00e2s\u0131n\u0131, sakin odaklanmas\u0131n\u0131 ve denge aray\u0131\u015f\u0131n\u0131 mek\u00e2na ta\u015f\u0131r.<br data-start=\"442\" data-end=\"445\" \/>Netli\u011fin, ar\u0131nman\u0131n ve zihinsel ferahl\u0131\u011f\u0131n \u0131\u015f\u0131\u011f\u0131\u2026<\/p>\n<p data-start=\"496\" data-end=\"511\"><strong data-start=\"496\" data-end=\"511\">Specifications<\/strong><\/p>\n<p data-start=\"513\" data-end=\"677\">Detailed Mercury surface geometry<br data-start=\"544\" data-end=\"547\" \/>16 cm \u00e7ap<br data-start=\"556\" data-end=\"559\" \/>E14 duy<br data-start=\"566\" data-end=\"569\" \/>6500K Beyaz LED Ampul<br data-start=\"590\" data-end=\"593\" \/>3D-printed with premium PLA<br data-start=\"613\" data-end=\"616\" \/>2 m kablo \u2013 a\u00e7ma kapama anahtar\u0131<br data-start=\"648\" data-end=\"651\" \/>Dynacore signature presentation box<\/p>","protected":false},"featured_media":13789,"template":"","meta":[],"product_brand":[],"product_cat":[563],"product_tag":[],"class_list":{"0":"post-13839","1":"product","2":"type-product","3":"status-publish","4":"has-post-thumbnail","6":"product_cat-burclarin-gezegeni-koleksiyonu","8":"first","9":"instock","10":"shipping-taxable","11":"purchasable","12":"product-type-simple"},"_links":{"self":[{"href":"https:\/\/dynacore3d.com\/en\/wp-json\/wp\/v2\/product\/13839","targetHints":{"allow":["GET"]}}],"collection":[{"href":"https:\/\/dynacore3d.com\/en\/wp-json\/wp\/v2\/product"}],"about":[{"href":"https:\/\/dynacore3d.com\/en\/wp-json\/wp\/v2\/types\/product"}],"wp:featuredmedia":[{"embeddable":true,"href":"https:\/\/dynacore3d.com\/en\/wp-json\/wp\/v2\/media\/13789"}],"wp:attachment":[{"href":"https:\/\/dynacore3d.com\/en\/wp-json\/wp\/v2\/media?parent=13839"}],"wp:term":[{"taxonomy":"product_brand","embeddable":true,"href":"https:\/\/dynacore3d.com\/en\/wp-json\/wp\/v2\/product_brand?post=13839"},{"taxonomy":"product_cat","embeddable":true,"href":"https:\/\/dynacore3d.com\/en\/wp-json\/wp\/v2\/product_cat?post=13839"},{"taxonomy":"product_tag","embeddable":true,"href":"https:\/\/dynacore3d.com\/en\/wp-json\/wp\/v2\/product_tag?post=13839"}],"curies":[{"name":"wp","href":"https:\/\/api.w.org\/{rel}","templated":true}]}}