{"id":13833,"date":"2026-01-04T15:01:42","date_gmt":"2026-01-04T15:01:42","guid":{"rendered":"https:\/\/dynacore3d.com\/?post_type=product&#038;p=13833"},"modified":"2026-01-08T15:47:40","modified_gmt":"2026-01-08T15:47:40","slug":"akrep-pluto","status":"publish","type":"product","link":"https:\/\/dynacore3d.com\/en\/product\/akrep-pluto\/","title":{"rendered":"Akrep &#8211; Pl\u00fcto"},"content":{"rendered":"<p data-start=\"689\" data-end=\"805\">Pl\u00fcton, Akrep burcunun gezegenidir:<br data-start=\"724\" data-end=\"727\" \/>Derin d\u00f6n\u00fc\u015f\u00fcmlerin, krizden g\u00fc\u00e7lenerek \u00e7\u0131kman\u0131n ve i\u00e7sel yenilenmenin sembol\u00fc.<\/p>\n<p data-start=\"807\" data-end=\"969\"><strong data-start=\"807\" data-end=\"840\">Akrep \u2013 Pl\u00fcton Gezegeni Lamba<\/strong>, bulundu\u011fu ortamda g\u00fc\u00e7l\u00fc ama sessiz bir etki yarat\u0131r.<br data-start=\"894\" data-end=\"897\" \/>G\u00f6ze sokulmaz, kendini dayatmaz\u2026<br data-start=\"929\" data-end=\"932\" \/>Ama varl\u0131\u011f\u0131 derinlemesine hissedilir.<\/p>\n<p data-start=\"971\" data-end=\"1168\">Pl\u00fcton\u2019un y\u00fczeyinde yer alan yo\u011fun ve katmanl\u0131 dokular,<br data-start=\"1026\" data-end=\"1029\" \/>\u0131\u015f\u0131k yand\u0131\u011f\u0131nda ortaya \u00e7\u0131kan net ama kontroll\u00fc ayd\u0131nl\u0131kla birle\u015fir.<br data-start=\"1096\" data-end=\"1099\" \/>Bu etki, Akrep\u2019in gizemli, sezgisel ve d\u00f6n\u00fc\u015ft\u00fcr\u00fcc\u00fc do\u011fas\u0131n\u0131 yans\u0131t\u0131r.<\/p>\n<p data-start=\"1170\" data-end=\"1302\">Bu lamba yaln\u0131zca bir dekor objesi de\u011fil,<br data-start=\"1211\" data-end=\"1214\" \/>Akrep\u2019in \u201cy\u0131k, d\u00f6n\u00fc\u015ft\u00fcr ve yeniden in\u015fa et\u201d diyen enerjisinin fiziksel bir kar\u015f\u0131l\u0131\u011f\u0131d\u0131r.<\/p>\n<p data-start=\"1304\" data-end=\"1472\">Her yand\u0131\u011f\u0131nda fark\u0131ndal\u0131k yarat\u0131r.<br data-start=\"1339\" data-end=\"1342\" \/>Her \u0131\u015f\u0131k ge\u00e7i\u015finde derinli\u011fi hat\u0131rlat\u0131r.<br data-start=\"1382\" data-end=\"1385\" \/>Ve mek\u00e2nda bulundu\u011fu her an, ortam\u0131 daha yo\u011fun, daha g\u00fc\u00e7l\u00fc ve daha anlaml\u0131 hissettirir.<\/p>\n<p data-start=\"1474\" data-end=\"1629\">Akrep burcunun sevdi\u011fi derinlik, tutku ve d\u00f6n\u00fc\u015f\u00fcm bu tasar\u0131mda birle\u015fti.<br data-start=\"1546\" data-end=\"1549\" \/>Pl\u00fcton\u2019un yeniden do\u011fu\u015f enerjisi, mek\u00e2na sakin ama sars\u0131lmaz bir \u0131\u015f\u0131kla yay\u0131l\u0131r.<\/p>\n<h3><strong>Material &amp; Safety Information<\/strong><\/h3>\n<p>This product is made entirely from PLA (Polylactic Acid), an eco friendly biopolymer.\nPLA is a natural material derived from corn starch, sugarcane, and other plant based sources, and is considered one of the safest 3D printing materials for home and office environments.<\/p>\n<p>Safe &amp; Non Toxic:\n\nPLA does not release toxic substances, heavy metals, or chemical fumes during production or use.<\/p>\n<p>Odor Free\n\nUnlike petroleum based plastics such as ABS, PLA has no sharp odor and does not cause irritation.<\/p>\n<p>Food Contact Safe Category:\n\nAs a polymer classified as food contact safe, it poses no risk even during long term indoor use.<\/p>\n<p>Low Fire Risk:\n\nPLA\u2019s low flammability nature makes it suitable for decorative objects.<\/p>\n<p>Environmentally Friendly:\n\nPLA is biodegradable and one of the most sustainable materials available in 3D printing.<\/p>\n<p>For these reasons, our planet lamps are premium decorative objects that are safe for indoor use, gentle on human health, and aligned with a sustainable production philosophy.<\/p>\n<p>This product comes with an E14 socket and a low heat LED bulb that meet international safety standards.<\/p>\n<p>LED Bulbs<\/p>\n<ul>\n<li>D\u00fc\u015f\u00fck s\u0131cakl\u0131kta \u00e7al\u0131\u015f\u0131r (halojen veya filament ampuller gibi y\u00fcksek \u0131s\u0131 \u00fcretmez).<\/li>\n<li>Enerji verimlidir, g\u00fcvenli ve uzun \u00f6m\u00fcrl\u00fcd\u00fcr.<\/li>\n<li>PLA g\u00f6vde ile tamamen uyumlu olup risk olu\u015fturmaz.<\/li>\n<\/ul>\n<p>Electrical Components<\/p>\n<ul>\n<li>CE ve uluslararas\u0131 g\u00fcvenlik standartlar\u0131na uygundur.<\/li>\n<li>Ev ve ofis kullan\u0131m\u0131 i\u00e7in g\u00fcvenlidir.<\/li>\n<li>A\u015f\u0131r\u0131 \u0131s\u0131nma riskini minimuma indiren LED teknolojiye sahiptir.<\/li>\n<\/ul>","protected":false},"excerpt":{"rendered":"<p data-start=\"229\" data-end=\"476\">Akrep burcunun y\u00f6neticisi <strong data-start=\"255\" data-end=\"265\">Pl\u00fcton<\/strong>\u2019dur.<br data-start=\"270\" data-end=\"273\" \/>D\u00f6n\u00fc\u015f\u00fcm\u00fcn, derinli\u011fin ve g\u00f6r\u00fcnmeyen g\u00fcc\u00fcn gezegeni.<br data-start=\"324\" data-end=\"327\" \/>Bu lamba, Akrep\u2019in yo\u011fun sezgisini, karanl\u0131ktan do\u011fan g\u00fcc\u00fcn\u00fc ve yenilenme enerjisini mek\u00e2na ta\u015f\u0131r.<br data-start=\"425\" data-end=\"428\" \/>D\u00f6n\u00fc\u015f\u00fcm\u00fcn, i\u00e7sel g\u00fcc\u00fcn ve yeniden do\u011fu\u015fun \u0131\u015f\u0131\u011f\u0131\u2026<\/p>\n<p data-start=\"478\" data-end=\"493\"><strong data-start=\"478\" data-end=\"493\">Specifications<\/strong><\/p>\n<p data-start=\"495\" data-end=\"659\">Detayl\u0131 Pl\u00fcton y\u00fczey geometresi<br data-start=\"526\" data-end=\"529\" \/>16 cm \u00e7ap<br data-start=\"538\" data-end=\"541\" \/>E14 duy<br data-start=\"548\" data-end=\"551\" \/>6500K Beyaz LED Ampul<br data-start=\"572\" data-end=\"575\" \/>3D-printed with premium PLA<br data-start=\"595\" data-end=\"598\" \/>2 m kablo \u2013 a\u00e7ma kapama anahtar\u0131<br data-start=\"630\" data-end=\"633\" \/>Dynacore signature presentation box<\/p>","protected":false},"featured_media":13834,"template":"","meta":[],"product_brand":[],"product_cat":[563],"product_tag":[],"class_list":{"0":"post-13833","1":"product","2":"type-product","3":"status-publish","4":"has-post-thumbnail","6":"product_cat-burclarin-gezegeni-koleksiyonu","8":"first","9":"instock","10":"shipping-taxable","11":"purchasable","12":"product-type-simple"},"_links":{"self":[{"href":"https:\/\/dynacore3d.com\/en\/wp-json\/wp\/v2\/product\/13833","targetHints":{"allow":["GET"]}}],"collection":[{"href":"https:\/\/dynacore3d.com\/en\/wp-json\/wp\/v2\/product"}],"about":[{"href":"https:\/\/dynacore3d.com\/en\/wp-json\/wp\/v2\/types\/product"}],"wp:featuredmedia":[{"embeddable":true,"href":"https:\/\/dynacore3d.com\/en\/wp-json\/wp\/v2\/media\/13834"}],"wp:attachment":[{"href":"https:\/\/dynacore3d.com\/en\/wp-json\/wp\/v2\/media?parent=13833"}],"wp:term":[{"taxonomy":"product_brand","embeddable":true,"href":"https:\/\/dynacore3d.com\/en\/wp-json\/wp\/v2\/product_brand?post=13833"},{"taxonomy":"product_cat","embeddable":true,"href":"https:\/\/dynacore3d.com\/en\/wp-json\/wp\/v2\/product_cat?post=13833"},{"taxonomy":"product_tag","embeddable":true,"href":"https:\/\/dynacore3d.com\/en\/wp-json\/wp\/v2\/product_tag?post=13833"}],"curies":[{"name":"wp","href":"https:\/\/api.w.org\/{rel}","templated":true}]}}