{"id":13828,"date":"2026-01-04T14:58:48","date_gmt":"2026-01-04T14:58:48","guid":{"rendered":"https:\/\/dynacore3d.com\/?post_type=product&#038;p=13828"},"modified":"2026-01-08T15:47:54","modified_gmt":"2026-01-08T15:47:54","slug":"balik-neptun","status":"publish","type":"product","link":"https:\/\/dynacore3d.com\/en\/product\/balik-neptun\/","title":{"rendered":"Bal\u0131k &#8211; Nept\u00fcn"},"content":{"rendered":"<p data-start=\"710\" data-end=\"830\">Nept\u00fcn, Bal\u0131k burcunun gezegenidir:<br data-start=\"745\" data-end=\"748\" \/>Hayal g\u00fcc\u00fcn\u00fc besleyen, s\u0131n\u0131rlar\u0131 eriten ve sezgileri g\u00fc\u00e7lendiren derin bir enerji.<\/p>\n<p data-start=\"832\" data-end=\"978\"><strong data-start=\"832\" data-end=\"865\">Bal\u0131k \u2013 Nept\u00fcn Gezegeni Lamba<\/strong>, bulundu\u011fu ortamda sessizce akar.<br data-start=\"899\" data-end=\"902\" \/>Keskin \u00e7izgiler \u00e7izmez, y\u00f6nlendirmez\u2026<br data-start=\"939\" data-end=\"942\" \/>Ama hissettirir, sarar ve yumu\u015fat\u0131r.<\/p>\n<p data-start=\"980\" data-end=\"1189\">Nept\u00fcn\u2019\u00fcn y\u00fczeyinde yer alan ak\u0131\u015fkan ve dalga benzeri dokular,<br data-start=\"1042\" data-end=\"1045\" \/>\u0131\u015f\u0131k yand\u0131\u011f\u0131nda ortaya \u00e7\u0131kan sakin ve dengeli ayd\u0131nl\u0131kla birle\u015fir.<br data-start=\"1111\" data-end=\"1114\" \/>Bu etki, Bal\u0131k\u2019\u0131n empatik, sezgisel ve hayal g\u00fcc\u00fc y\u00fcksek do\u011fas\u0131n\u0131 yans\u0131t\u0131r.<\/p>\n<p data-start=\"1191\" data-end=\"1282\">Bu lamba yaln\u0131zca bir dekor objesi de\u011fil,<br data-start=\"1232\" data-end=\"1235\" \/>Bal\u0131k\u2019\u0131n i\u00e7 d\u00fcnyas\u0131na a\u00e7\u0131lan sakin bir kap\u0131d\u0131r.<\/p>\n<p data-start=\"1284\" data-end=\"1437\">Her yand\u0131\u011f\u0131nda zihni yava\u015flat\u0131r.<br data-start=\"1316\" data-end=\"1319\" \/>Her \u0131\u015f\u0131k ge\u00e7i\u015finde duygular\u0131 yumu\u015fat\u0131r.<br data-start=\"1358\" data-end=\"1361\" \/>Ve mek\u00e2nda bulundu\u011fu her an, ortam\u0131 daha dingin ve daha ak\u0131\u015fkan hissettirir.<\/p>\n<p data-start=\"1439\" data-end=\"1610\">Bal\u0131k burcunun sevdi\u011fi teslimiyet, sezgi ve duygusal derinlik bu tasar\u0131mda birle\u015fti.<br data-start=\"1523\" data-end=\"1526\" \/>Nept\u00fcn\u2019\u00fcn s\u0131n\u0131rlar\u0131 eriten enerjisi, mek\u00e2na huzurlu ve r\u00fcya gibi bir \u0131\u015f\u0131kla yay\u0131l\u0131r.<\/p>\n<h3><strong>Material &amp; Safety Information<\/strong><\/h3>\n<p>This product is made entirely from PLA (Polylactic Acid), an eco friendly biopolymer.\nPLA is a natural material derived from corn starch, sugarcane, and other plant based sources, and is considered one of the safest 3D printing materials for home and office environments.<\/p>\n<p>Safe &amp; Non Toxic:\n\nPLA does not release toxic substances, heavy metals, or chemical fumes during production or use.<\/p>\n<p>Odor Free\n\nUnlike petroleum based plastics such as ABS, PLA has no sharp odor and does not cause irritation.<\/p>\n<p>Food Contact Safe Category:\n\nAs a polymer classified as food contact safe, it poses no risk even during long term indoor use.<\/p>\n<p>Low Fire Risk:\n\nPLA\u2019s low flammability nature makes it suitable for decorative objects.<\/p>\n<p>Environmentally Friendly:\n\nPLA is biodegradable and one of the most sustainable materials available in 3D printing.<\/p>\n<p>For these reasons, our planet lamps are premium decorative objects that are safe for indoor use, gentle on human health, and aligned with a sustainable production philosophy.<\/p>\n<p>This product comes with an E14 socket and a low heat LED bulb that meet international safety standards.<\/p>\n<p>LED Bulbs<\/p>\n<ul>\n<li>D\u00fc\u015f\u00fck s\u0131cakl\u0131kta \u00e7al\u0131\u015f\u0131r (halojen veya filament ampuller gibi y\u00fcksek \u0131s\u0131 \u00fcretmez).<\/li>\n<li>Enerji verimlidir, g\u00fcvenli ve uzun \u00f6m\u00fcrl\u00fcd\u00fcr.<\/li>\n<li>PLA g\u00f6vde ile tamamen uyumlu olup risk olu\u015fturmaz.<\/li>\n<\/ul>\n<p>Electrical Components<\/p>\n<ul>\n<li>CE ve uluslararas\u0131 g\u00fcvenlik standartlar\u0131na uygundur.<\/li>\n<li>Ev ve ofis kullan\u0131m\u0131 i\u00e7in g\u00fcvenlidir.<\/li>\n<li>A\u015f\u0131r\u0131 \u0131s\u0131nma riskini minimuma indiren LED teknolojiye sahiptir.<\/li>\n<\/ul>","protected":false},"excerpt":{"rendered":"<p data-start=\"251\" data-end=\"497\">Bal\u0131k burcunun y\u00f6neticisi <strong data-start=\"277\" data-end=\"287\">Nept\u00fcn<\/strong>\u2019d\u00fcr.<br data-start=\"292\" data-end=\"295\" \/>Hayallerin, sezgilerin ve g\u00f6r\u00fcnmeyen ba\u011flar\u0131n gezegeni.<br data-start=\"350\" data-end=\"353\" \/>Bu lamba, Bal\u0131k\u2019\u0131n derin duyarl\u0131l\u0131\u011f\u0131n\u0131, hayal g\u00fcc\u00fcn\u00fc ve ruhsal ak\u0131\u015f\u0131n\u0131 mek\u00e2na ta\u015f\u0131r.<br data-start=\"437\" data-end=\"440\" \/>Sezgilerin, yumu\u015fak ge\u00e7i\u015flerin ve i\u00e7sel yolculu\u011fun \u0131\u015f\u0131\u011f\u0131\u2026<\/p>\n<p data-start=\"499\" data-end=\"514\"><strong data-start=\"499\" data-end=\"514\">Specifications<\/strong><\/p>\n<p data-start=\"516\" data-end=\"680\">Detayl\u0131 Nept\u00fcn y\u00fczey geometresi<br data-start=\"547\" data-end=\"550\" \/>16 cm \u00e7ap<br data-start=\"559\" data-end=\"562\" \/>E14 duy<br data-start=\"569\" data-end=\"572\" \/>6500K Beyaz LED Ampul<br data-start=\"593\" data-end=\"596\" \/>3D-printed with premium PLA<br data-start=\"616\" data-end=\"619\" \/>2 m kablo \u2013 a\u00e7ma kapama anahtar\u0131<br data-start=\"651\" data-end=\"654\" \/>Dynacore signature presentation box<\/p>","protected":false},"featured_media":13829,"template":"","meta":[],"product_brand":[],"product_cat":[563],"product_tag":[],"class_list":{"0":"post-13828","1":"product","2":"type-product","3":"status-publish","4":"has-post-thumbnail","6":"product_cat-burclarin-gezegeni-koleksiyonu","8":"first","9":"instock","10":"shipping-taxable","11":"purchasable","12":"product-type-simple"},"_links":{"self":[{"href":"https:\/\/dynacore3d.com\/en\/wp-json\/wp\/v2\/product\/13828","targetHints":{"allow":["GET"]}}],"collection":[{"href":"https:\/\/dynacore3d.com\/en\/wp-json\/wp\/v2\/product"}],"about":[{"href":"https:\/\/dynacore3d.com\/en\/wp-json\/wp\/v2\/types\/product"}],"wp:featuredmedia":[{"embeddable":true,"href":"https:\/\/dynacore3d.com\/en\/wp-json\/wp\/v2\/media\/13829"}],"wp:attachment":[{"href":"https:\/\/dynacore3d.com\/en\/wp-json\/wp\/v2\/media?parent=13828"}],"wp:term":[{"taxonomy":"product_brand","embeddable":true,"href":"https:\/\/dynacore3d.com\/en\/wp-json\/wp\/v2\/product_brand?post=13828"},{"taxonomy":"product_cat","embeddable":true,"href":"https:\/\/dynacore3d.com\/en\/wp-json\/wp\/v2\/product_cat?post=13828"},{"taxonomy":"product_tag","embeddable":true,"href":"https:\/\/dynacore3d.com\/en\/wp-json\/wp\/v2\/product_tag?post=13828"}],"curies":[{"name":"wp","href":"https:\/\/api.w.org\/{rel}","templated":true}]}}