{"id":13823,"date":"2026-01-04T14:56:47","date_gmt":"2026-01-04T14:56:47","guid":{"rendered":"https:\/\/dynacore3d.com\/?post_type=product&#038;p=13823"},"modified":"2026-01-08T15:48:08","modified_gmt":"2026-01-08T15:48:08","slug":"kova-uranus","status":"publish","type":"product","link":"https:\/\/dynacore3d.com\/en\/product\/kova-uranus\/","title":{"rendered":"Kova &#8211; Uran\u00fcs"},"content":{"rendered":"<p data-start=\"722\" data-end=\"830\">Uran\u00fcs, Kova burcunun gezegenidir:<br data-start=\"756\" data-end=\"759\" \/>Ani fark\u0131ndal\u0131klar\u0131n, devrimsel fikirlerin ve \u00f6zg\u00fcr d\u00fc\u015f\u00fcncenin sembol\u00fc.<\/p>\n<p data-start=\"832\" data-end=\"996\"><strong data-start=\"832\" data-end=\"864\">Kova \u2013 Uran\u00fcs Gezegeni Lamba<\/strong>, bulundu\u011fu ortamda al\u0131\u015f\u0131lm\u0131\u015f d\u00fczeni sessizce k\u0131rar.<br data-start=\"916\" data-end=\"919\" \/>Dikkat \u00e7ekmeye \u00e7al\u0131\u015fmaz\u2026<br data-start=\"943\" data-end=\"946\" \/>Ama bak\u0131ld\u0131\u011f\u0131nda hemen \u201cfarkl\u0131\u201d oldu\u011fu hissedilir.<\/p>\n<p data-start=\"998\" data-end=\"1204\">Uran\u00fcs\u2019\u00fcn y\u00fczeyinde yer alan \u00f6zg\u00fcn ve beklenmedik dokular,<br data-start=\"1056\" data-end=\"1059\" \/>\u0131\u015f\u0131k yand\u0131\u011f\u0131nda ortaya \u00e7\u0131kan net ve ferah ayd\u0131nl\u0131kla birle\u015fir.<br data-start=\"1121\" data-end=\"1124\" \/>Bu etki, Kova\u2019n\u0131n ba\u011f\u0131ms\u0131z d\u00fc\u015f\u00fcnce yap\u0131s\u0131n\u0131 ve gelece\u011fe a\u00e7\u0131k vizyonunu yans\u0131t\u0131r.<\/p>\n<p data-start=\"1206\" data-end=\"1329\">Bu lamba yaln\u0131zca bir dekor objesi de\u011fil,<br data-start=\"1247\" data-end=\"1250\" \/>Kova\u2019n\u0131n s\u0131n\u0131r tan\u0131mayan zihninin ve yenilik arzusunun fiziksel bir ifadesidir.<\/p>\n<p data-start=\"1331\" data-end=\"1485\">Her yand\u0131\u011f\u0131nda ilham verir.<br data-start=\"1358\" data-end=\"1361\" \/>Her \u0131\u015f\u0131k ge\u00e7i\u015finde d\u00fc\u015f\u00fcnceyi serbest b\u0131rak\u0131r.<br data-start=\"1406\" data-end=\"1409\" \/>Ve mek\u00e2nda bulundu\u011fu her an, ortama modern ve \u00f6zg\u00fcr bir karakter kazand\u0131r\u0131r.<\/p>\n<p data-start=\"1487\" data-end=\"1653\">Kova burcunun sevdi\u011fi \u00f6zg\u00fcnl\u00fck, yenilik ve bireysellik bu tasar\u0131mda birle\u015fti.<br data-start=\"1564\" data-end=\"1567\" \/>Uran\u00fcs\u2019\u00fcn d\u00f6n\u00fc\u015ft\u00fcr\u00fcc\u00fc enerjisi, mek\u00e2na net, ferah ve ileriye bakan bir \u0131\u015f\u0131kla yay\u0131l\u0131r.<\/p>\n<h3><strong>Material &amp; Safety Information<\/strong><\/h3>\n<p>This product is made entirely from PLA (Polylactic Acid), an eco friendly biopolymer.\nPLA is a natural material derived from corn starch, sugarcane, and other plant based sources, and is considered one of the safest 3D printing materials for home and office environments.<\/p>\n<p>Safe &amp; Non Toxic:\n\nPLA does not release toxic substances, heavy metals, or chemical fumes during production or use.<\/p>\n<p>Odor Free\n\nUnlike petroleum based plastics such as ABS, PLA has no sharp odor and does not cause irritation.<\/p>\n<p>Food Contact Safe Category:\n\nAs a polymer classified as food contact safe, it poses no risk even during long term indoor use.<\/p>\n<p>Low Fire Risk:\n\nPLA\u2019s low flammability nature makes it suitable for decorative objects.<\/p>\n<p>Environmentally Friendly:\n\nPLA is biodegradable and one of the most sustainable materials available in 3D printing.<\/p>\n<p>For these reasons, our planet lamps are premium decorative objects that are safe for indoor use, gentle on human health, and aligned with a sustainable production philosophy.<\/p>\n<p>This product comes with an E14 socket and a low heat LED bulb that meet international safety standards.<\/p>\n<p>LED Bulbs<\/p>\n<ul>\n<li>D\u00fc\u015f\u00fck s\u0131cakl\u0131kta \u00e7al\u0131\u015f\u0131r (halojen veya filament ampuller gibi y\u00fcksek \u0131s\u0131 \u00fcretmez).<\/li>\n<li>Enerji verimlidir, g\u00fcvenli ve uzun \u00f6m\u00fcrl\u00fcd\u00fcr.<\/li>\n<li>PLA g\u00f6vde ile tamamen uyumlu olup risk olu\u015fturmaz.<\/li>\n<\/ul>\n<p>Electrical Components<\/p>\n<ul>\n<li>CE ve uluslararas\u0131 g\u00fcvenlik standartlar\u0131na uygundur.<\/li>\n<li>Ev ve ofis kullan\u0131m\u0131 i\u00e7in g\u00fcvenlidir.<\/li>\n<li>A\u015f\u0131r\u0131 \u0131s\u0131nma riskini minimuma indiren LED teknolojiye sahiptir.<\/li>\n<\/ul>","protected":false},"excerpt":{"rendered":"<p data-start=\"260\" data-end=\"509\">Kova burcunun y\u00f6neticisi <strong data-start=\"285\" data-end=\"295\">Uran\u00fcs<\/strong>\u2019t\u00fcr.<br data-start=\"300\" data-end=\"303\" \/>De\u011fi\u015fimin, \u00f6zg\u00fcrl\u00fc\u011f\u00fcn ve yenili\u011fin gezegeni.<br data-start=\"347\" data-end=\"350\" \/>Bu lamba, Kova\u2019n\u0131n kal\u0131plara s\u0131\u011fmayan zihnini, ba\u011f\u0131ms\u0131z ruhunu ve gelece\u011fe d\u00f6n\u00fck enerjisini mek\u00e2na ta\u015f\u0131r.<br data-start=\"455\" data-end=\"458\" \/>Farkl\u0131 d\u00fc\u015f\u00fcnmenin, ilerlemenin ve \u00f6zg\u00fcnl\u00fc\u011f\u00fcn \u0131\u015f\u0131\u011f\u0131\u2026<\/p>\n<p data-start=\"511\" data-end=\"526\"><strong data-start=\"511\" data-end=\"526\">Specifications<\/strong><\/p>\n<p data-start=\"528\" data-end=\"692\">Detayl\u0131 Uran\u00fcs y\u00fczey geometresi<br data-start=\"559\" data-end=\"562\" \/>16 cm \u00e7ap<br data-start=\"571\" data-end=\"574\" \/>E14 duy<br data-start=\"581\" data-end=\"584\" \/>6500K Beyaz LED Ampul<br data-start=\"605\" data-end=\"608\" \/>3D-printed with premium PLA<br data-start=\"628\" data-end=\"631\" \/>2 m kablo \u2013 a\u00e7ma kapama anahtar\u0131<br data-start=\"663\" data-end=\"666\" \/>Dynacore signature presentation box<\/p>","protected":false},"featured_media":13824,"template":"","meta":[],"product_brand":[],"product_cat":[563],"product_tag":[],"class_list":{"0":"post-13823","1":"product","2":"type-product","3":"status-publish","4":"has-post-thumbnail","6":"product_cat-burclarin-gezegeni-koleksiyonu","8":"first","9":"instock","10":"shipping-taxable","11":"purchasable","12":"product-type-simple"},"_links":{"self":[{"href":"https:\/\/dynacore3d.com\/en\/wp-json\/wp\/v2\/product\/13823","targetHints":{"allow":["GET"]}}],"collection":[{"href":"https:\/\/dynacore3d.com\/en\/wp-json\/wp\/v2\/product"}],"about":[{"href":"https:\/\/dynacore3d.com\/en\/wp-json\/wp\/v2\/types\/product"}],"wp:featuredmedia":[{"embeddable":true,"href":"https:\/\/dynacore3d.com\/en\/wp-json\/wp\/v2\/media\/13824"}],"wp:attachment":[{"href":"https:\/\/dynacore3d.com\/en\/wp-json\/wp\/v2\/media?parent=13823"}],"wp:term":[{"taxonomy":"product_brand","embeddable":true,"href":"https:\/\/dynacore3d.com\/en\/wp-json\/wp\/v2\/product_brand?post=13823"},{"taxonomy":"product_cat","embeddable":true,"href":"https:\/\/dynacore3d.com\/en\/wp-json\/wp\/v2\/product_cat?post=13823"},{"taxonomy":"product_tag","embeddable":true,"href":"https:\/\/dynacore3d.com\/en\/wp-json\/wp\/v2\/product_tag?post=13823"}],"curies":[{"name":"wp","href":"https:\/\/api.w.org\/{rel}","templated":true}]}}