{"id":13818,"date":"2026-01-04T14:54:20","date_gmt":"2026-01-04T14:54:20","guid":{"rendered":"https:\/\/dynacore3d.com\/?post_type=product&#038;p=13818"},"modified":"2026-01-08T15:48:26","modified_gmt":"2026-01-08T15:48:26","slug":"oglak-saturn","status":"publish","type":"product","link":"https:\/\/dynacore3d.com\/en\/product\/oglak-saturn\/","title":{"rendered":"O\u011flak &#8211; Saturn"},"content":{"rendered":"<p data-start=\"665\" data-end=\"764\">Sat\u00fcrn, O\u011flak burcunun gezegenidir:<br data-start=\"700\" data-end=\"703\" \/>Zaman\u0131 y\u00f6neten, s\u0131n\u0131rlar koyan ve kal\u0131c\u0131 olan\u0131 in\u015fa eden g\u00fc\u00e7.<\/p>\n<p data-start=\"766\" data-end=\"928\"><strong data-start=\"766\" data-end=\"799\">O\u011flak \u2013 Sat\u00fcrn Gezegeni Lamba<\/strong>, bulundu\u011fu ortamda sessiz ama sars\u0131lmaz bir denge kurar.<br data-start=\"856\" data-end=\"859\" \/>G\u00f6steri\u015fli de\u011fildir, acele etmez\u2026<br data-start=\"892\" data-end=\"895\" \/>Ama varl\u0131\u011f\u0131 her zaman hissedilir.<\/p>\n<p data-start=\"930\" data-end=\"1124\">Sat\u00fcrn\u2019\u00fcn y\u00fczeyinde yer alan katmanl\u0131 ve g\u00fc\u00e7l\u00fc dokular,<br data-start=\"985\" data-end=\"988\" \/>\u0131\u015f\u0131k yand\u0131\u011f\u0131nda ortaya \u00e7\u0131kan net ve kontroll\u00fc ayd\u0131nl\u0131kla birle\u015fir.<br data-start=\"1054\" data-end=\"1057\" \/>Bu etki, O\u011flak\u2019\u0131n planl\u0131, kararl\u0131 ve uzun vadeli do\u011fas\u0131n\u0131 yans\u0131t\u0131r.<\/p>\n<p data-start=\"1126\" data-end=\"1247\">Bu lamba yaln\u0131zca bir dekor objesi de\u011fil,<br data-start=\"1167\" data-end=\"1170\" \/>O\u011flak\u2019\u0131n \u201cad\u0131m ad\u0131m, sa\u011flam\u201d ilerleyen enerjisinin fiziksel bir kar\u015f\u0131l\u0131\u011f\u0131d\u0131r.<\/p>\n<p data-start=\"1249\" data-end=\"1394\">Her yand\u0131\u011f\u0131nda odak verir.<br data-start=\"1275\" data-end=\"1278\" \/>Her \u0131\u015f\u0131k ge\u00e7i\u015finde istikrar hissi yarat\u0131r.<br data-start=\"1320\" data-end=\"1323\" \/>Ve mek\u00e2nda bulundu\u011fu her an, d\u00fczenli ve g\u00fcvenli bir atmosfer olu\u015fturur.<\/p>\n<p data-start=\"1396\" data-end=\"1557\">O\u011flak burcunun sevdi\u011fi kal\u0131c\u0131l\u0131k, yap\u0131 ve sorumluluk bu tasar\u0131mda birle\u015fti.<br data-start=\"1471\" data-end=\"1474\" \/>Sat\u00fcrn\u2019\u00fcn disiplinli ve dengeli enerjisi, mek\u00e2na sade ama g\u00fc\u00e7l\u00fc bir \u0131\u015f\u0131kla yay\u0131l\u0131r.<\/p>\n<h3><strong>Material &amp; Safety Information<\/strong><\/h3>\n<p>This product is made entirely from PLA (Polylactic Acid), an eco friendly biopolymer.\nPLA is a natural material derived from corn starch, sugarcane, and other plant based sources, and is considered one of the safest 3D printing materials for home and office environments.<\/p>\n<p>Safe &amp; Non Toxic:\n\nPLA does not release toxic substances, heavy metals, or chemical fumes during production or use.<\/p>\n<p>Odor Free\n\nUnlike petroleum based plastics such as ABS, PLA has no sharp odor and does not cause irritation.<\/p>\n<p>Food Contact Safe Category:\n\nAs a polymer classified as food contact safe, it poses no risk even during long term indoor use.<\/p>\n<p>Low Fire Risk:\n\nPLA\u2019s low flammability nature makes it suitable for decorative objects.<\/p>\n<p>Environmentally Friendly:\n\nPLA is biodegradable and one of the most sustainable materials available in 3D printing.<\/p>\n<p>For these reasons, our planet lamps are premium decorative objects that are safe for indoor use, gentle on human health, and aligned with a sustainable production philosophy.<\/p>\n<p>This product comes with an E14 socket and a low heat LED bulb that meet international safety standards.<\/p>\n<p>LED Bulbs<\/p>\n<ul>\n<li>D\u00fc\u015f\u00fck s\u0131cakl\u0131kta \u00e7al\u0131\u015f\u0131r (halojen veya filament ampuller gibi y\u00fcksek \u0131s\u0131 \u00fcretmez).<\/li>\n<li>Enerji verimlidir, g\u00fcvenli ve uzun \u00f6m\u00fcrl\u00fcd\u00fcr.<\/li>\n<li>PLA g\u00f6vde ile tamamen uyumlu olup risk olu\u015fturmaz.<\/li>\n<\/ul>\n<p>Electrical Components<\/p>\n<ul>\n<li>CE ve uluslararas\u0131 g\u00fcvenlik standartlar\u0131na uygundur.<\/li>\n<li>Ev ve ofis kullan\u0131m\u0131 i\u00e7in g\u00fcvenlidir.<\/li>\n<li>A\u015f\u0131r\u0131 \u0131s\u0131nma riskini minimuma indiren LED teknolojiye sahiptir.<\/li>\n<\/ul>","protected":false},"excerpt":{"rendered":"<p data-start=\"232\" data-end=\"452\">O\u011flak burcunun y\u00f6neticisi <strong data-start=\"258\" data-end=\"268\">Sat\u00fcrn<\/strong>\u2019d\u00fcr.<br data-start=\"273\" data-end=\"276\" \/>Zaman\u0131n, disiplinin ve kal\u0131c\u0131l\u0131\u011f\u0131n gezegeni.<br data-start=\"320\" data-end=\"323\" \/>Bu lamba, O\u011flak\u2019\u0131n sab\u0131rl\u0131 g\u00fcc\u00fcn\u00fc, kararl\u0131l\u0131\u011f\u0131n\u0131 ve sa\u011flam duru\u015funu mek\u00e2na ta\u015f\u0131r.<br data-start=\"404\" data-end=\"407\" \/>Dengenin, sorumlulu\u011fun ve s\u00fcreklili\u011fin \u0131\u015f\u0131\u011f\u0131\u2026<\/p>\n<p data-start=\"454\" data-end=\"469\"><strong data-start=\"454\" data-end=\"469\">Specifications<\/strong><\/p>\n<p data-start=\"471\" data-end=\"635\">Detayl\u0131 Sat\u00fcrn y\u00fczey geometresi<br data-start=\"502\" data-end=\"505\" \/>16 cm \u00e7ap<br data-start=\"514\" data-end=\"517\" \/>E14 duy<br data-start=\"524\" data-end=\"527\" \/>6500K Beyaz LED Ampul<br data-start=\"548\" data-end=\"551\" \/>3D-printed with premium PLA<br data-start=\"571\" data-end=\"574\" \/>2 m kablo ve a\u00e7ma kapama anahtar\u0131<br data-start=\"606\" data-end=\"609\" \/>Dynacore signature presentation box<\/p>","protected":false},"featured_media":13819,"template":"","meta":[],"product_brand":[],"product_cat":[563],"product_tag":[],"class_list":{"0":"post-13818","1":"product","2":"type-product","3":"status-publish","4":"has-post-thumbnail","6":"product_cat-burclarin-gezegeni-koleksiyonu","8":"first","9":"instock","10":"shipping-taxable","11":"purchasable","12":"product-type-simple"},"_links":{"self":[{"href":"https:\/\/dynacore3d.com\/en\/wp-json\/wp\/v2\/product\/13818","targetHints":{"allow":["GET"]}}],"collection":[{"href":"https:\/\/dynacore3d.com\/en\/wp-json\/wp\/v2\/product"}],"about":[{"href":"https:\/\/dynacore3d.com\/en\/wp-json\/wp\/v2\/types\/product"}],"wp:featuredmedia":[{"embeddable":true,"href":"https:\/\/dynacore3d.com\/en\/wp-json\/wp\/v2\/media\/13819"}],"wp:attachment":[{"href":"https:\/\/dynacore3d.com\/en\/wp-json\/wp\/v2\/media?parent=13818"}],"wp:term":[{"taxonomy":"product_brand","embeddable":true,"href":"https:\/\/dynacore3d.com\/en\/wp-json\/wp\/v2\/product_brand?post=13818"},{"taxonomy":"product_cat","embeddable":true,"href":"https:\/\/dynacore3d.com\/en\/wp-json\/wp\/v2\/product_cat?post=13818"},{"taxonomy":"product_tag","embeddable":true,"href":"https:\/\/dynacore3d.com\/en\/wp-json\/wp\/v2\/product_tag?post=13818"}],"curies":[{"name":"wp","href":"https:\/\/api.w.org\/{rel}","templated":true}]}}