{"id":13813,"date":"2026-01-04T14:50:46","date_gmt":"2026-01-04T14:50:46","guid":{"rendered":"https:\/\/dynacore3d.com\/?post_type=product&#038;p=13813"},"modified":"2026-01-08T15:48:40","modified_gmt":"2026-01-08T15:48:40","slug":"yay-jupiter","status":"publish","type":"product","link":"https:\/\/dynacore3d.com\/en\/product\/yay-jupiter\/","title":{"rendered":"Yay &#8211; J\u00fcpiter"},"content":{"rendered":"<p data-start=\"649\" data-end=\"737\">J\u00fcpiter, Yay burcunun gezegenidir:<br data-start=\"683\" data-end=\"686\" \/>Geni\u015fleme, \u015fans, bilgi ve ya\u015fam co\u015fkusunun sembol\u00fc.<\/p>\n<p data-start=\"739\" data-end=\"920\"><strong data-start=\"739\" data-end=\"771\">Yay \u2013 J\u00fcpiter Gezegeni Lamba<\/strong>, bulundu\u011fu ortama ferahl\u0131k ve hareket hissi katar.<br data-start=\"822\" data-end=\"825\" \/>Daraltmaz, bask\u0131 kurmaz\u2026<br data-start=\"849\" data-end=\"852\" \/>Aksine mek\u00e2n\u0131 daha a\u00e7\u0131k, daha nefes al\u0131r ve daha umutlu hissettirir.<\/p>\n<p data-start=\"922\" data-end=\"1133\">J\u00fcpiter\u2019in y\u00fczeyinde yer alan ak\u0131\u015fkan ve derin dokular,<br data-start=\"977\" data-end=\"980\" \/>\u0131\u015f\u0131k yand\u0131\u011f\u0131nda ortaya \u00e7\u0131kan net ama yumu\u015fak ayd\u0131nl\u0131kla birle\u015fir.<br data-start=\"1045\" data-end=\"1048\" \/>Bu etki, Yay burcunun \u00f6\u011frenmeye, ke\u015ffetmeye ve b\u00fcy\u00fcmeye olan do\u011fal iste\u011fini yans\u0131t\u0131r.<\/p>\n<p data-start=\"1135\" data-end=\"1247\">Bu lamba yaln\u0131zca bir dekor objesi de\u011fil,<br data-start=\"1176\" data-end=\"1179\" \/>Yay\u2019\u0131n \u201cdaha fazlas\u0131 m\u00fcmk\u00fcn\u201d diyen enerjisinin somut bir ifadesidir.<\/p>\n<p data-start=\"1249\" data-end=\"1388\">Her yand\u0131\u011f\u0131nda motivasyon verir.<br data-start=\"1281\" data-end=\"1284\" \/>Her \u0131\u015f\u0131k ge\u00e7i\u015finde zihni a\u00e7ar.<br data-start=\"1314\" data-end=\"1317\" \/>Ve mek\u00e2nda bulundu\u011fu her an, ileriye d\u00f6n\u00fck bir hareket duygusu yarat\u0131r.<\/p>\n<p data-start=\"1390\" data-end=\"1565\">Yay burcunun sevdi\u011fi \u00f6zg\u00fcrl\u00fck, geni\u015flik ve iyimserlik bu tasar\u0131mda birle\u015fti.<br data-start=\"1466\" data-end=\"1469\" \/>J\u00fcpiter\u2019in bolluk ve geli\u015fim enerjisi, mek\u00e2na temiz, dengeli ve ilham verici bir \u0131\u015f\u0131kla yay\u0131l\u0131r.<\/p>\n<h3><strong>Material &amp; Safety Information<\/strong><\/h3>\n<p>This product is made entirely from PLA (Polylactic Acid), an eco friendly biopolymer.\nPLA is a natural material derived from corn starch, sugarcane, and other plant based sources, and is considered one of the safest 3D printing materials for home and office environments.<\/p>\n<p>Safe &amp; Non Toxic:\n\nPLA does not release toxic substances, heavy metals, or chemical fumes during production or use.<\/p>\n<p>Odor Free\n\nUnlike petroleum based plastics such as ABS, PLA has no sharp odor and does not cause irritation.<\/p>\n<p>Food Contact Safe Category:\n\nAs a polymer classified as food contact safe, it poses no risk even during long term indoor use.<\/p>\n<p>Low Fire Risk:\n\nPLA\u2019s low flammability nature makes it suitable for decorative objects.<\/p>\n<p>Environmentally Friendly:\n\nPLA is biodegradable and one of the most sustainable materials available in 3D printing.<\/p>\n<p>For these reasons, our planet lamps are premium decorative objects that are safe for indoor use, gentle on human health, and aligned with a sustainable production philosophy.<\/p>\n<p>This product comes with an E14 socket and a low heat LED bulb that meet international safety standards.<\/p>\n<p>LED Bulbs<\/p>\n<ul>\n<li>D\u00fc\u015f\u00fck s\u0131cakl\u0131kta \u00e7al\u0131\u015f\u0131r (halojen veya filament ampuller gibi y\u00fcksek \u0131s\u0131 \u00fcretmez).<\/li>\n<li>Enerji verimlidir, g\u00fcvenli ve uzun \u00f6m\u00fcrl\u00fcd\u00fcr.<\/li>\n<li>PLA g\u00f6vde ile tamamen uyumlu olup risk olu\u015fturmaz.<\/li>\n<\/ul>\n<p>Electrical Components<\/p>\n<ul>\n<li>CE ve uluslararas\u0131 g\u00fcvenlik standartlar\u0131na uygundur.<\/li>\n<li>Ev ve ofis kullan\u0131m\u0131 i\u00e7in g\u00fcvenlidir.<\/li>\n<li>A\u015f\u0131r\u0131 \u0131s\u0131nma riskini minimuma indiren LED teknolojiye sahiptir.<\/li>\n<\/ul>","protected":false},"excerpt":{"rendered":"<p data-start=\"213\" data-end=\"435\">Yay burcunun y\u00f6neticisi <strong data-start=\"237\" data-end=\"248\">J\u00fcpiter<\/strong>\u2019dir.<br data-start=\"253\" data-end=\"256\" \/>Geni\u015flemenin, bollu\u011fun ve ke\u015ffin gezegeni.<br data-start=\"298\" data-end=\"301\" \/>Bu lamba, Yay\u2019\u0131n \u00f6zg\u00fcr ruhunu, iyimserli\u011fini ve s\u0131n\u0131rlar\u0131 a\u015fan enerjisini mek\u00e2na ta\u015f\u0131r.<br data-start=\"388\" data-end=\"391\" \/>B\u00fcy\u00fcmenin, umudun ve ileriye bakman\u0131n \u0131\u015f\u0131\u011f\u0131\u2026<\/p>\n<p data-start=\"437\" data-end=\"452\"><strong data-start=\"437\" data-end=\"452\">Specifications<\/strong><\/p>\n<p data-start=\"454\" data-end=\"619\">Detayl\u0131 J\u00fcpiter y\u00fczey geometresi<br data-start=\"486\" data-end=\"489\" \/>16 cm \u00e7ap<br data-start=\"498\" data-end=\"501\" \/>E14 duy<br data-start=\"508\" data-end=\"511\" \/>6500K Beyaz LED Ampul<br data-start=\"532\" data-end=\"535\" \/>3D-printed with premium PLA<br data-start=\"555\" data-end=\"558\" \/>2 m kablo \u2013 a\u00e7ma kapama anahtar\u0131<br data-start=\"590\" data-end=\"593\" \/>Dynacore signature presentation box<\/p>","protected":false},"featured_media":13814,"template":"","meta":[],"product_brand":[],"product_cat":[563],"product_tag":[],"class_list":{"0":"post-13813","1":"product","2":"type-product","3":"status-publish","4":"has-post-thumbnail","6":"product_cat-burclarin-gezegeni-koleksiyonu","8":"first","9":"instock","10":"shipping-taxable","11":"purchasable","12":"product-type-simple"},"_links":{"self":[{"href":"https:\/\/dynacore3d.com\/en\/wp-json\/wp\/v2\/product\/13813","targetHints":{"allow":["GET"]}}],"collection":[{"href":"https:\/\/dynacore3d.com\/en\/wp-json\/wp\/v2\/product"}],"about":[{"href":"https:\/\/dynacore3d.com\/en\/wp-json\/wp\/v2\/types\/product"}],"wp:featuredmedia":[{"embeddable":true,"href":"https:\/\/dynacore3d.com\/en\/wp-json\/wp\/v2\/media\/13814"}],"wp:attachment":[{"href":"https:\/\/dynacore3d.com\/en\/wp-json\/wp\/v2\/media?parent=13813"}],"wp:term":[{"taxonomy":"product_brand","embeddable":true,"href":"https:\/\/dynacore3d.com\/en\/wp-json\/wp\/v2\/product_brand?post=13813"},{"taxonomy":"product_cat","embeddable":true,"href":"https:\/\/dynacore3d.com\/en\/wp-json\/wp\/v2\/product_cat?post=13813"},{"taxonomy":"product_tag","embeddable":true,"href":"https:\/\/dynacore3d.com\/en\/wp-json\/wp\/v2\/product_tag?post=13813"}],"curies":[{"name":"wp","href":"https:\/\/api.w.org\/{rel}","templated":true}]}}