{"id":13800,"date":"2026-01-04T14:31:01","date_gmt":"2026-01-04T14:31:01","guid":{"rendered":"https:\/\/dynacore3d.com\/?post_type=product&#038;p=13800"},"modified":"2026-01-08T15:49:04","modified_gmt":"2026-01-08T15:49:04","slug":"aslan-gunes","status":"publish","type":"product","link":"https:\/\/dynacore3d.com\/en\/product\/aslan-gunes\/","title":{"rendered":"Aslan &#8211; G\u00fcne\u015f"},"content":{"rendered":"<p data-start=\"714\" data-end=\"802\">G\u00fcne\u015f, Aslan burcunun gezegenidir:<br data-start=\"748\" data-end=\"751\" \/>Ya\u015fam enerjisinin, \u00f6zg\u00fcvenin ve liderli\u011fin sembol\u00fc.<\/p>\n<p data-start=\"804\" data-end=\"988\"><strong data-start=\"804\" data-end=\"836\">Aslan &#8211; G\u00fcne\u015f Lamba<\/strong>, bulundu\u011fu ortamda fark edilmemesi imk\u00e2ns\u0131z olan o g\u00fc\u00e7l\u00fc duru\u015fu temsil eder.<br data-start=\"913\" data-end=\"916\" \/>Ne fazla iddial\u0131, ne de silik\u2026<br data-start=\"946\" data-end=\"949\" \/>Tam karar\u0131nda, kendinden emin ve s\u0131cak.<\/p>\n<p data-start=\"990\" data-end=\"1224\">G\u00fcne\u015f\u2019in y\u00fczeyinde yer alan ak\u0131\u015fkan ve g\u00fc\u00e7l\u00fc dokular,<br data-start=\"1043\" data-end=\"1046\" \/>\u0131\u015f\u0131k yand\u0131\u011f\u0131nda ortaya \u00e7\u0131kan alt\u0131n tonlu par\u0131lt\u0131 ve dengeli \u0131\u015f\u0131k yay\u0131l\u0131m\u0131\u2026<br data-start=\"1120\" data-end=\"1123\" \/>T\u00fcm detaylar, Aslan\u2019\u0131n do\u011fu\u015ftan gelen liderlik enerjisini ve sahne \u0131\u015f\u0131\u011f\u0131n\u0131 yans\u0131tmak i\u00e7in tasarland\u0131.<\/p>\n<p data-start=\"1226\" data-end=\"1335\">Bu lamba yaln\u0131zca bir dekor objesi de\u011fil,<br data-start=\"1267\" data-end=\"1270\" \/>Aslan\u2019\u0131n \u201cburaday\u0131m\u201d diyen enerjisinin fiziksel bir yans\u0131mas\u0131d\u0131r.<\/p>\n<p data-start=\"1337\" data-end=\"1479\">Her yand\u0131\u011f\u0131nda cesaret verir.<br data-start=\"1366\" data-end=\"1369\" \/>Her \u0131\u015f\u0131k ge\u00e7i\u015finde \u00f6zg\u00fcveni besler.<br data-start=\"1404\" data-end=\"1407\" \/>Ve mek\u00e2nda bulundu\u011fu her an, ortam\u0131n merkezini do\u011fal olarak ele ge\u00e7irir.<\/p>\n<p data-start=\"1481\" data-end=\"1655\">Aslan burcunun sevdi\u011fi g\u00f6r\u00fcn\u00fcrl\u00fck, s\u0131cakl\u0131k ve kal\u0131c\u0131l\u0131k bu tasar\u0131mda birle\u015fti.<br data-start=\"1560\" data-end=\"1563\" \/>G\u00fcne\u015f\u2019in ya\u015fam veren enerjisi, g\u00f6z yormayan ama etkisi hissedilen bir \u0131\u015f\u0131kla mek\u00e2na yay\u0131l\u0131r.<\/p>\n<h3><strong>Material &amp; Safety Information<\/strong><\/h3>\n<p>This product is made entirely from PLA (Polylactic Acid), an eco friendly biopolymer.\nPLA is a natural material derived from corn starch, sugarcane, and other plant based sources, and is considered one of the safest 3D printing materials for home and office environments.<\/p>\n<p>Safe &amp; Non Toxic:\n\nPLA does not release toxic substances, heavy metals, or chemical fumes during production or use.<\/p>\n<p>Odor Free\n\nUnlike petroleum based plastics such as ABS, PLA has no sharp odor and does not cause irritation.<\/p>\n<p>Food Contact Safe Category:\n\nAs a polymer classified as food contact safe, it poses no risk even during long term indoor use.<\/p>\n<p>Low Fire Risk:\n\nPLA\u2019s low flammability nature makes it suitable for decorative objects.<\/p>\n<p>Environmentally Friendly:\n\nPLA is biodegradable and one of the most sustainable materials available in 3D printing.<\/p>\n<p>For these reasons, our planet lamps are premium decorative objects that are safe for indoor use, gentle on human health, and aligned with a sustainable production philosophy.<\/p>\n<p>This product comes with an E14 socket and a low heat LED bulb that meet international safety standards.<\/p>\n<p>LED Bulbs<\/p>\n<ul>\n<li>D\u00fc\u015f\u00fck s\u0131cakl\u0131kta \u00e7al\u0131\u015f\u0131r (halojen veya filament ampuller gibi y\u00fcksek \u0131s\u0131 \u00fcretmez).<\/li>\n<li>Enerji verimlidir, g\u00fcvenli ve uzun \u00f6m\u00fcrl\u00fcd\u00fcr.<\/li>\n<li>PLA g\u00f6vde ile tamamen uyumlu olup risk olu\u015fturmaz.<\/li>\n<\/ul>\n<p>Electrical Components<\/p>\n<ul>\n<li>CE ve uluslararas\u0131 g\u00fcvenlik standartlar\u0131na uygundur.<\/li>\n<li>Ev ve ofis kullan\u0131m\u0131 i\u00e7in g\u00fcvenlidir.<\/li>\n<li>A\u015f\u0131r\u0131 \u0131s\u0131nma riskini minimuma indiren LED teknolojiye sahiptir.<\/li>\n<\/ul>","protected":false},"excerpt":{"rendered":"<p data-start=\"203\" data-end=\"411\">Aslan burcunun y\u00f6neticisi <strong data-start=\"262\" data-end=\"271\">G\u00fcne\u015f<\/strong>tir.<br data-start=\"275\" data-end=\"278\" \/>I\u015f\u0131\u011f\u0131n, g\u00fcc\u00fcn ve sahnenin merkezinde olman\u0131n gezegeni.<br data-start=\"332\" data-end=\"335\" \/>Bu lamba, Aslan\u2019\u0131n do\u011fal karizmas\u0131n\u0131, s\u0131cak enerjisini ve \u00f6zg\u00fcvenini mek\u00e2na ta\u015f\u0131r.<br data-start=\"417\" data-end=\"420\" \/>G\u00f6r\u00fcn\u00fcr olman\u0131n, parlaman\u0131n ve i\u00e7sel g\u00fcc\u00fcn \u0131\u015f\u0131\u011f\u0131\u2026<\/p>\n<p data-start=\"413\" data-end=\"428\"><strong data-start=\"413\" data-end=\"428\">Specifications<\/strong><\/p>\n<p data-start=\"413\" data-end=\"428\">Detayl\u0131 G\u00fcne\u015f y\u00fczey geometresi<\/p>\n<p data-start=\"413\" data-end=\"428\">12 cm diameter<\/p>\n<p data-start=\"480\" data-end=\"510\">E14 duy<\/p>\n<p data-start=\"513\" data-end=\"531\">Standart LED Ampul<\/p>\n<p data-start=\"534\" data-end=\"556\">3D-printed with premium PLA<\/p>\n<p data-start=\"559\" data-end=\"595\">2 m kablo \u2013 a\u00e7ma kapama anahtar\u0131<\/p>\n<p data-start=\"598\" data-end=\"626\">Dynacore signature presentation box<\/p>","protected":false},"featured_media":13801,"template":"","meta":[],"product_brand":[],"product_cat":[563],"product_tag":[],"class_list":{"0":"post-13800","1":"product","2":"type-product","3":"status-publish","4":"has-post-thumbnail","6":"product_cat-burclarin-gezegeni-koleksiyonu","8":"first","9":"instock","10":"shipping-taxable","11":"purchasable","12":"product-type-simple"},"_links":{"self":[{"href":"https:\/\/dynacore3d.com\/en\/wp-json\/wp\/v2\/product\/13800","targetHints":{"allow":["GET"]}}],"collection":[{"href":"https:\/\/dynacore3d.com\/en\/wp-json\/wp\/v2\/product"}],"about":[{"href":"https:\/\/dynacore3d.com\/en\/wp-json\/wp\/v2\/types\/product"}],"wp:featuredmedia":[{"embeddable":true,"href":"https:\/\/dynacore3d.com\/en\/wp-json\/wp\/v2\/media\/13801"}],"wp:attachment":[{"href":"https:\/\/dynacore3d.com\/en\/wp-json\/wp\/v2\/media?parent=13800"}],"wp:term":[{"taxonomy":"product_brand","embeddable":true,"href":"https:\/\/dynacore3d.com\/en\/wp-json\/wp\/v2\/product_brand?post=13800"},{"taxonomy":"product_cat","embeddable":true,"href":"https:\/\/dynacore3d.com\/en\/wp-json\/wp\/v2\/product_cat?post=13800"},{"taxonomy":"product_tag","embeddable":true,"href":"https:\/\/dynacore3d.com\/en\/wp-json\/wp\/v2\/product_tag?post=13800"}],"curies":[{"name":"wp","href":"https:\/\/api.w.org\/{rel}","templated":true}]}}