{"id":13612,"date":"2025-11-25T12:20:29","date_gmt":"2025-11-25T12:20:29","guid":{"rendered":"https:\/\/teknodahi.com\/oa\/?post_type=product&#038;p=13612"},"modified":"2026-01-06T10:50:25","modified_gmt":"2026-01-06T10:50:25","slug":"paris","status":"publish","type":"product","link":"https:\/\/dynacore3d.com\/en\/product\/paris\/","title":{"rendered":"Paris"},"content":{"rendered":"<h2><strong>3D CityArte Collection<\/strong><\/h2>\n<p>3D CityArte &#8211; Paris, \u015fehrin ikonik sokak \u00f6rg\u00fcs\u00fcn\u00fc, nehir k\u0131vr\u0131mlar\u0131n\u0131 ve tarihi dokusunu modern bir sanat paneline d\u00f6n\u00fc\u015ft\u00fcren \u00f6zel bir tasar\u0131md\u0131r.<br \/>\nReinterpreted in a minimal form, the Paris map creates an elegant and aesthetic focal point in any living space.<\/p>\n<p>Reflecting Dynacore\u2019s engineering + art philosophy, this piece is created using high-resolution processed data and produced with advanced FDM 3D printing technology.<\/p>\n<p>It can be displayed at home or in the office on a desk, shelf, or as a refined decorative accent.<\/p>\n<div class=\"chatbubble left\" data-v-00f90d3e=\"\"><span class=\"chatbuble-text\" data-v-00f90d3e=\"\">Produced with 100% PLA material. PLA is a biopolymer derived from plant-based sources such as corn starch and sugarcane. It is food-safe, non-toxic, and does not release any chemical odor during daily use.\nYou can use our PLA products with complete confidence.<\/span><\/div>\n<div data-v-00f90d3e=\"\"><\/div>","protected":false},"excerpt":{"rendered":"<p>Paris\u2019in zarif sokak dokusunu modern bir 3D panele d\u00f6n\u00fc\u015ft\u00fcren 3D CityArte &#8211; Paris.<br \/>\nA 21 \u00d7 21 cm high-detail 3D city map. A minimal and modern decorative object.<\/p>\n<h3 data-start=\"577\" data-end=\"602\"><strong data-start=\"581\" data-end=\"602\">Teknik \u00d6zellikler<\/strong><\/h3>\n<ul data-start=\"603\" data-end=\"810\">\n<li data-start=\"603\" data-end=\"636\">\n<p data-start=\"605\" data-end=\"636\"><strong data-start=\"605\" data-end=\"621\">\u015eehir Boyut:<\/strong> 210 \u00d7 210 mm<\/p>\n<\/li>\n<li data-start=\"637\" data-end=\"673\">\n<p data-start=\"639\" data-end=\"673\"><strong data-start=\"639\" data-end=\"658\">\u00c7er\u00e7eve Boyutu:<\/strong> 240 \u00d7 240 mm<\/p>\n<\/li>\n<li data-start=\"674\" data-end=\"713\">\n<p data-start=\"676\" data-end=\"713\"><strong data-start=\"676\" data-end=\"695\">\u00dcretim Y\u00f6ntemi:<\/strong> FDM 3D Printing<\/p>\n<\/li>\n<li data-start=\"714\" data-end=\"742\">\n<p data-start=\"716\" data-end=\"742\"><strong data-start=\"716\" data-end=\"728\">Malzeme:<\/strong> Premium PLA<\/p>\n<\/li>\n<li data-start=\"743\" data-end=\"766\">\n<p data-start=\"745\" data-end=\"766\"><strong data-start=\"745\" data-end=\"758\">Kal\u0131nl\u0131k:<\/strong> 20 mm<\/p>\n<\/li>\n<li data-start=\"767\" data-end=\"810\">\n<p data-start=\"769\" data-end=\"810\"><strong data-start=\"769\" data-end=\"779\">Y\u00fczey:<\/strong> Mat \u2013 y\u00fcksek detayl\u0131, 4 renk<\/p>\n<\/li>\n<\/ul>","protected":false},"featured_media":13856,"template":"","meta":[],"product_brand":[],"product_cat":[15],"product_tag":[],"class_list":{"0":"post-13612","1":"product","2":"type-product","3":"status-publish","4":"has-post-thumbnail","6":"product_cat-3d-cityarte-koleksiyonu","8":"first","9":"instock","10":"sale","11":"shipping-taxable","12":"purchasable","13":"product-type-simple"},"_links":{"self":[{"href":"https:\/\/dynacore3d.com\/en\/wp-json\/wp\/v2\/product\/13612","targetHints":{"allow":["GET"]}}],"collection":[{"href":"https:\/\/dynacore3d.com\/en\/wp-json\/wp\/v2\/product"}],"about":[{"href":"https:\/\/dynacore3d.com\/en\/wp-json\/wp\/v2\/types\/product"}],"wp:featuredmedia":[{"embeddable":true,"href":"https:\/\/dynacore3d.com\/en\/wp-json\/wp\/v2\/media\/13856"}],"wp:attachment":[{"href":"https:\/\/dynacore3d.com\/en\/wp-json\/wp\/v2\/media?parent=13612"}],"wp:term":[{"taxonomy":"product_brand","embeddable":true,"href":"https:\/\/dynacore3d.com\/en\/wp-json\/wp\/v2\/product_brand?post=13612"},{"taxonomy":"product_cat","embeddable":true,"href":"https:\/\/dynacore3d.com\/en\/wp-json\/wp\/v2\/product_cat?post=13612"},{"taxonomy":"product_tag","embeddable":true,"href":"https:\/\/dynacore3d.com\/en\/wp-json\/wp\/v2\/product_tag?post=13612"}],"curies":[{"name":"wp","href":"https:\/\/api.w.org\/{rel}","templated":true}]}}