{"id":13611,"date":"2025-11-25T12:20:04","date_gmt":"2025-11-25T12:20:04","guid":{"rendered":"https:\/\/teknodahi.com\/oa\/?post_type=product&#038;p=13611"},"modified":"2026-01-06T10:50:52","modified_gmt":"2026-01-06T10:50:52","slug":"istanbul","status":"publish","type":"product","link":"https:\/\/dynacore3d.com\/en\/product\/istanbul\/","title":{"rendered":"Istanbul"},"content":{"rendered":"<h2><strong>3D CityArte Collection<\/strong><\/h2>\n<p data-start=\"822\" data-end=\"1076\"><strong data-start=\"822\" data-end=\"848\">3D CityArte &#8211; \u0130stanbul<\/strong>, \u015fehrin karakteristik sokak \u00f6rg\u00fcs\u00fcn\u00fc, k\u0131y\u0131 \u00e7izgisini ve tarihi merkezlerini modern bir 3D panele d\u00f6n\u00fc\u015ft\u00fcren \u00f6zel bir tasar\u0131md\u0131r.<br data-start=\"977\" data-end=\"980\" \/>Her panel, \u0130stanbul\u2019un dinamizmini ve mimari ritmini minimalist bir sanat formu i\u00e7inde yans\u0131t\u0131r.<\/p>\n<p data-start=\"1078\" data-end=\"1343\">Bu \u00fcr\u00fcn, Dynacore\u2019un <strong data-start=\"1099\" data-end=\"1124\">\u201cm\u00fchendislik + sanat\u201d<\/strong> yakla\u015f\u0131m\u0131n\u0131 ta\u015f\u0131yan CityArte Koleksiyonu\u2019nun bir par\u00e7as\u0131d\u0131r.<br data-start=\"1185\" data-end=\"1188\" \/>Tasar\u0131m s\u00fcrecinde y\u00fcksek \u00e7\u00f6z\u00fcn\u00fcrl\u00fckl\u00fc harita ve topografik veriler i\u015flenmi\u015f, ortaya \u00e7\u0131kan geometri FDM 3D bask\u0131 teknolojisiyle hassas \u015fekilde \u00fcretilmi\u015ftir.<\/p>\n<p data-start=\"1345\" data-end=\"1505\">\u0130ster evde ister ofiste; masada, rafta ya da duvarda kullan\u0131ma uygundur.<br data-start=\"1417\" data-end=\"1420\" \/>Bulundu\u011fu ortama \u0130stanbul\u2019un enerjisini modern, sade ve zamans\u0131z bir dokunu\u015fla ta\u015f\u0131r.<\/p>\n<p data-start=\"1507\" data-end=\"1807\">\u00dcr\u00fcn %100 <strong data-start=\"1517\" data-end=\"1524\">PLA<\/strong> malzemeden \u00fcretilmi\u015ftir.<br data-start=\"1549\" data-end=\"1552\" \/>PLA; m\u0131s\u0131r ni\u015fastas\u0131 ve \u015feker kam\u0131\u015f\u0131 gibi bitkisel kaynaklardan elde edilen, \u00e7evre dostu ve g\u00fcvenli bir biyopolimerdir. G\u00fcnl\u00fck kullan\u0131mda kimyasal koku veya toksik madde yaymaz. Bu sayede CityArte panellerini ya\u015fam alanlar\u0131n\u0131zda g\u00fcvenle kullanabilirsiniz.<\/p>\n<div data-v-00f90d3e=\"\"><\/div>","protected":false},"excerpt":{"rendered":"<p data-start=\"316\" data-end=\"557\">\u0130stanbul\u2019un e\u015fsiz sokak dokusunu modern bir tasar\u0131m objesine d\u00f6n\u00fc\u015ft\u00fcren <strong data-start=\"388\" data-end=\"414\">3D CityArte &#8211; \u0130stanbul<\/strong>,<br data-start=\"415\" data-end=\"418\" \/>21 \u00d7 21 cm boyutunda, y\u00fcksek detayl\u0131 bir 3D \u015fehir panelidir.<br data-start=\"478\" data-end=\"481\" \/>FDM teknolojisiyle \u00fcretilmi\u015f, minimalist ve premium bir dekorasyon \u00fcr\u00fcn\u00fcd\u00fcr.<\/p>\n<h3 data-start=\"559\" data-end=\"584\"><strong data-start=\"563\" data-end=\"584\">Teknik \u00d6zellikler<\/strong><\/h3>\n<ul data-start=\"585\" data-end=\"792\">\n<li data-start=\"585\" data-end=\"618\">\n<p data-start=\"587\" data-end=\"618\"><strong data-start=\"587\" data-end=\"603\">\u015eehir Boyut:<\/strong> 210 \u00d7 210 mm<\/p>\n<\/li>\n<li data-start=\"619\" data-end=\"655\">\n<p data-start=\"621\" data-end=\"655\"><strong data-start=\"621\" data-end=\"640\">\u00c7er\u00e7eve Boyutu:<\/strong> 240 \u00d7 240 mm<\/p>\n<\/li>\n<li data-start=\"656\" data-end=\"695\">\n<p data-start=\"658\" data-end=\"695\"><strong data-start=\"658\" data-end=\"677\">\u00dcretim Y\u00f6ntemi:<\/strong> FDM 3D Printing<\/p>\n<\/li>\n<li data-start=\"696\" data-end=\"724\">\n<p data-start=\"698\" data-end=\"724\"><strong data-start=\"698\" data-end=\"710\">Malzeme:<\/strong> Premium PLA<\/p>\n<\/li>\n<li data-start=\"725\" data-end=\"748\">\n<p data-start=\"727\" data-end=\"748\"><strong data-start=\"727\" data-end=\"740\">Kal\u0131nl\u0131k:<\/strong> 20 mm<\/p>\n<\/li>\n<li data-start=\"749\" data-end=\"792\">\n<p data-start=\"751\" data-end=\"792\"><strong data-start=\"751\" data-end=\"761\">Y\u00fczey:<\/strong> Mat \u2013 y\u00fcksek detayl\u0131, 4 renk<\/p>\n<\/li>\n<\/ul>","protected":false},"featured_media":13847,"template":"","meta":[],"product_brand":[],"product_cat":[15],"product_tag":[],"class_list":{"0":"post-13611","1":"product","2":"type-product","3":"status-publish","4":"has-post-thumbnail","6":"product_cat-3d-cityarte-koleksiyonu","8":"first","9":"instock","10":"sale","11":"shipping-taxable","12":"purchasable","13":"product-type-simple"},"_links":{"self":[{"href":"https:\/\/dynacore3d.com\/en\/wp-json\/wp\/v2\/product\/13611","targetHints":{"allow":["GET"]}}],"collection":[{"href":"https:\/\/dynacore3d.com\/en\/wp-json\/wp\/v2\/product"}],"about":[{"href":"https:\/\/dynacore3d.com\/en\/wp-json\/wp\/v2\/types\/product"}],"wp:featuredmedia":[{"embeddable":true,"href":"https:\/\/dynacore3d.com\/en\/wp-json\/wp\/v2\/media\/13847"}],"wp:attachment":[{"href":"https:\/\/dynacore3d.com\/en\/wp-json\/wp\/v2\/media?parent=13611"}],"wp:term":[{"taxonomy":"product_brand","embeddable":true,"href":"https:\/\/dynacore3d.com\/en\/wp-json\/wp\/v2\/product_brand?post=13611"},{"taxonomy":"product_cat","embeddable":true,"href":"https:\/\/dynacore3d.com\/en\/wp-json\/wp\/v2\/product_cat?post=13611"},{"taxonomy":"product_tag","embeddable":true,"href":"https:\/\/dynacore3d.com\/en\/wp-json\/wp\/v2\/product_tag?post=13611"}],"curies":[{"name":"wp","href":"https:\/\/api.w.org\/{rel}","templated":true}]}}