{"id":13748,"date":"2025-12-19T18:10:22","date_gmt":"2025-12-19T18:10:22","guid":{"rendered":"https:\/\/dynacore3d.com\/?page_id=13748"},"modified":"2025-12-19T18:10:22","modified_gmt":"2025-12-19T18:10:22","slug":"uyelik-sozlesmesi","status":"publish","type":"page","link":"https:\/\/dynacore3d.com\/en\/uyelik-sozlesmesi\/","title":{"rendered":"\u00dcyelik S\u00f6zle\u015fmesi"},"content":{"rendered":"<div class=\"fusion-fullwidth fullwidth-box fusion-builder-row-1 fusion-flex-container has-pattern-background has-mask-background nonhundred-percent-fullwidth non-hundred-percent-height-scrolling\" style=\"--awb-border-radius-top-left:0px;--awb-border-radius-top-right:0px;--awb-border-radius-bottom-right:0px;--awb-border-radius-bottom-left:0px;--awb-flex-wrap:wrap;\" ><div class=\"fusion-builder-row fusion-row fusion-flex-align-items-flex-start fusion-flex-content-wrap\" style=\"max-width:1216.8px;margin-left: calc(-4% \/ 2 );margin-right: calc(-4% \/ 2 );\"><div class=\"fusion-layout-column fusion_builder_column fusion-builder-column-0 fusion_builder_column_1_1 1_1 fusion-flex-column\" style=\"--awb-bg-size:cover;--awb-width-large:100%;--awb-margin-top-large:0px;--awb-spacing-right-large:1.92%;--awb-margin-bottom-large:20px;--awb-spacing-left-large:1.92%;--awb-width-medium:100%;--awb-order-medium:0;--awb-spacing-right-medium:1.92%;--awb-spacing-left-medium:1.92%;--awb-width-small:100%;--awb-order-small:0;--awb-spacing-right-small:1.92%;--awb-spacing-left-small:1.92%;\"><div class=\"fusion-column-wrapper fusion-column-has-shadow fusion-flex-justify-content-flex-start fusion-content-layout-column\"><div class=\"fusion-text fusion-text-1\"><ol class=\"ol1\">\n<li class=\"li3\"><b>Taraflar<\/b><b><\/b><\/li>\n<\/ol>\n<p class=\"p3\">\u0130\u015fbu \u00dcyelik S\u00f6zle\u015fmesi ve Kullan\u0131m Ko\u015fullar\u0131 (Bundan b\u00f6yle \u201c<b>S\u00f6zle\u015fme<\/b>\u201d olarak an\u0131lacakt\u0131r); <a href=\"https:\/\/dynacore3d.com\/en\/\"><span class=\"s1\">https:\/\/dynacore3d.com\/<\/span><\/a> uzant\u0131l\u0131 internet sitesi (Bundan b\u00f6yle \u201c<b>Site<\/b>\u201d olarak an\u0131lacakt\u0131r) vas\u0131tas\u0131yla faaliyet y\u00fcr\u00fcten Esentepe Mah. \u0130n\u00f6n\u00fc Cad. Sualt\u0131n In\u015faat No: 145 \u0130\u00e7 Kap\u0131 No: 132 Kartal \u0130stanbul adresinde yerle\u015fik Dynacore Teknoloji Dan\u0131\u015fmanl\u0131k Elektronik Ticaret Anonim \u015eirketi (Bundan b\u00f6yle \u201c<b>\u015eirket<\/b>\u201d olarak an\u0131lacakt\u0131r) ve Site\u2019ye \u00fcye olan (veya uygulanabilir oldu\u011fu \u00f6l\u00e7\u00fcde \u00fcye olmadan Site\u2019yi ziyaret eden kullan\u0131c\u0131lar) (Bundan b\u00f6yle \u201c<b>\u00dcye<\/b>\u201d olarak an\u0131lacakt\u0131r) aras\u0131nda tanzim edilmi\u015f olup, bundan b\u00f6yle \u015eirket ve \u00dcye m\u00fc\u015ftereken \u201c<b>Taraflar<\/b>\u201d olarak an\u0131labilecektir.<\/p>\n<ol class=\"ol1\">\n<li class=\"li3\"><b>Konu<\/b><b><\/b><\/li>\n<\/ol>\n<p class=\"p3\">\u0130\u015fbu S\u00f6zle\u015fme&#8217;nin konusu; \u00dcye\u2019nin Site\u2019den faydalanma \u015fartlar\u0131n\u0131n belirlenmesi ve Site arac\u0131l\u0131\u011f\u0131yla sergilenen \u00fcr\u00fcn ve ifa edilen hizmetlerin \u015eirket taraf\u0131ndan \u00dcye\u2019ye elektronik ortamda sunumunu i\u00e7ermektedir.<\/p>\n<ol class=\"ol1\">\n<li class=\"li3\"><b>Hak ve Y\u00fck\u00fcml\u00fcl\u00fckler<\/b><\/li>\n<\/ol>\n<p class=\"p3\">\u015eirket; m\u00fccbir sebepler hari\u00e7 olmak \u00fczere, \u00dcye\u2019nin i\u015fbu S\u00f6zle\u015fme ko\u015fullar\u0131na riayet etmesi ko\u015fuluyla Site\u2019de sunulan hizmetlerden yararland\u0131r\u0131laca\u011f\u0131n\u0131 kabul ve taahh\u00fct eder.<\/p>\n<p class=\"p3\">\u015eirket, Site\u2019nin kullan\u0131m\u0131nda, i\u00e7eri\u011finde ve S\u00f6zle\u015fme h\u00fck\u00fcmlerinde herhangi bir zamanda ve herhangi bir bildirimde bulunmaks\u0131z\u0131n tek tarafl\u0131 iradesi ile de\u011fi\u015fiklik yapma hakk\u0131n\u0131 sakl\u0131 tutmaktad\u0131r.<\/p>\n<p class=\"p3\">\u00dcye, Site dahilinde kendisi taraf\u0131ndan sa\u011flanan bilgi ve i\u00e7eriklerin ger\u00e7e\u011fe uygun, g\u00fcncel ve hukuka uygun oldu\u011funu kabul, beyan ve taahh\u00fct eder. \u015eirket; \u00dcye taraf\u0131ndan kendisine iletilen verilerin do\u011frulu\u011funu ya da g\u00fcncelli\u011fini ara\u015ft\u0131rmakla ve bu bilgilerin g\u00fcvenli ve hukuka uygun oldu\u011funu taahh\u00fct veya garanti etmekle y\u00fck\u00fcml\u00fc de\u011fildir. \u015eirket s\u00f6z konusu bilgi ve i\u00e7eriklerin yanl\u0131\u015f veya eksik olmas\u0131ndan dolay\u0131 ortaya \u00e7\u0131kacak hi\u00e7bir zarardan sorumlu tutulamaz.<\/p>\n<p class=\"p3\">\u00dcye, site i\u00e7indeki faaliyet ileti\u015fimlerinde genel ahlaka ve kanuna ayk\u0131r\u0131, \u00fc\u00e7\u00fcnc\u00fc ki\u015filerin maddi\/manevi haklar\u0131n\u0131 zedeleyen, yan\u0131lt\u0131c\u0131, sald\u0131rgan, m\u00fcstehcen, pornografik, ki\u015filik haklar\u0131na halel getiren, fikri ve s\u0131nai haklara ayk\u0131r\u0131, yasa d\u0131\u015f\u0131 faaliyetleri te\u015fvik eden i\u00e7erikler \u00fcretmeyece\u011fini, payla\u015fmayaca\u011f\u0131n\u0131 kabul eder. Aksi halde olu\u015facak zararda sorumluluk m\u00fcnhas\u0131ran \u00dcye\u2019ye ait olur ve bu durumda \u015eirket, bu t\u00fcr hesaplar\u0131 ask\u0131ya alabilir, sona erdirebilir ve bunlar hakk\u0131nda yasal s\u00fcre\u00e7 ba\u015flatma hakk\u0131n\u0131 sakl\u0131 tutar.<\/p>\n<p class=\"p3\">\u015eirket, \u00dcye veya sair \u00fc\u00e7\u00fcnc\u00fc ki\u015filer taraf\u0131ndan Site\u2019ye sa\u011flanan i\u00e7eriklerin ger\u00e7eklili\u011fine, hukuka uygunlu\u011funa ve ba\u015fkaca herhangi bir hususa ili\u015fkin taahh\u00fctte bulunmamakta ve y\u00fck\u00fcml\u00fcl\u00fck \u00fcstlenmemektedir. Bu i\u00e7eriklere ili\u015fkin sorumluluk m\u00fcnhas\u0131ran i\u00e7eri\u011fi sa\u011flayan ki\u015fi(ler)e aittir. Bu kapsamda \u00dcye, sa\u011flayaca\u011f\u0131 i\u00e7eriklerin hukuka uygun oldu\u011funu ve i\u00e7eri\u011fi sa\u011flama yetkisini haiz oldu\u011funu kabul ve beyan eder.<\/p>\n<p class=\"p3\">Site\u2019de, \u015eirket d\u0131\u015f\u0131ndaki ki\u015filerin kontrol\u00fcnde bulunan internet siteleri veya platformlara ge\u00e7i\u015f imkan\u0131 veya link verilebilmektedir. \u0130\u015fbu durumda dahi \u015eirket, ilgili sitelerin i\u00e7erik ve g\u00fcvenli\u011fine ili\u015fkin herhangi bir g\u00fcvence vermemektedir.<\/p>\n<p class=\"p3\">\u00dcye\u2019nin; \u015eirket taraf\u0131ndan sunulan \u00fcr\u00fcn ve hizmetlerden yararlanabilmek amac\u0131yla kulland\u0131\u011f\u0131 sisteme eri\u015fim ara\u00e7lar\u0131n\u0131n g\u00fcvenli\u011fi ile ilgili hususlar tamamen \u00dcye\u2019nin sorumlulu\u011fundad\u0131r. Sisteme giri\u015f ara\u00e7lar\u0131n\u0131n g\u00fcvenli\u011fi, bu bilgilerin saklanmas\u0131, \u00fc\u00e7\u00fcnc\u00fc ki\u015filere kar\u015f\u0131 korunmas\u0131 gibi hususlarda \u00dcye\u2019nin ihmal ve kusurlar\u0131ndan dolay\u0131 kendisinin ve\/veya \u00fc\u00e7\u00fcnc\u00fc ki\u015filerin u\u011frad\u0131\u011f\u0131 veya u\u011frayabilece\u011fi zararlara istinaden \u015eirket\u2019in, do\u011frudan veya dolayl\u0131 herhangi bir sorumlulu\u011fu yoktur.<\/p>\n<p class=\"p3\">\u00dcye\u2019nin Site\u2019de kredi kart\u0131 kullan\u0131m\u0131na ili\u015fkin t\u00fcm sorumluluk (kredi kart\u0131n\u0131n kullan\u0131m\u0131ndan do\u011fabilecek zararlar, kartlar\u0131n \u00e7ekimlerinden kaynaklanan hata ve itirazlar, iade ve iptaller sebebiyle u\u011fran\u0131lan zararlar dahil ancak bunlarla s\u0131n\u0131rl\u0131 olmamak kayd\u0131yla) m\u00fcnhas\u0131ran \u00dcye\u2019ye aittir.<\/p>\n<p class=\"p3\">\u015eirket, Site\u2019nin \u00dcye\u2019ye belirli bir yarar sa\u011flayaca\u011f\u0131n\u0131, Site kapsam\u0131nda sunulan \u00fcr\u00fcn ve hizmetlerin kusursuz oldu\u011funu, amaca uygunlu\u011funu, Site\u2019nin hatas\u0131z ve kesintisiz \u015fekilde eri\u015fiminin sa\u011flanaca\u011f\u0131n\u0131 a\u00e7\u0131k veya z\u0131mni \u015fekilde garanti etmemektedir.<\/p>\n<p class=\"p3\">\u00dcye, \u015eirket\u2019in yaz\u0131l\u0131 muvafakati olmadan, i\u015fbu S\u00f6zle\u015fme kapsam\u0131ndaki hak ve y\u00fck\u00fcml\u00fcl\u00fcklerini, k\u0131smen veya tamamen, \u00fc\u00e7\u00fcnc\u00fc bir ki\u015fiye devredemez.<\/p>\n<ol class=\"ol1\">\n<li class=\"li3\"><b>Site\u2019nin Kullan\u0131m\u0131<\/b><\/li>\n<\/ol>\n<p class=\"p5\">[\u2026 \u00dcye olmaya ili\u015fkin a\u00e7\u0131klamalar\u2026(\u00fcye ol b\u00f6l\u00fcm\u00fcnde sa\u011flanan bilgiler, \u00fcye olman\u0131n tamamlanmas\u0131yla Site\u2019nin \u00fcye s\u0131fat\u0131yla kullan\u0131labilece\u011fi, mail adresi ve \u015fifre belirleme, onay maili vb.)]<\/p>\n<p class=\"p5\">[\u2026Site\u2019de sunulan \u00fcr\u00fcnlerin do\u011frudan \u015eirket taraf\u0131ndan veya sat\u0131c\u0131lar vas\u0131tas\u0131yla sunuldu\u011funa; yan\u0131 s\u0131ra Site\u2019de sat\u0131\u015fa konu \u00fcr\u00fcnlere ili\u015fkin bilgi\u2026]<\/p>\n<p class=\"p3\">\u00dcye, her zaman i\u00e7in herhangi bir gerek\u00e7e g\u00f6stermeksizin ve bildirimde bulunmaks\u0131z\u0131n \u00fcyeli\u011fini sona erdirerek S\u00f6zle\u015fmeyi feshedebilir. \u0130\u015fbu sebeple \u00dcye herhangi bir tazminat \u00f6deme veya ba\u015fkaca bir y\u00fck\u00fcml\u00fcl\u00fck alt\u0131nda bulunmayacakt\u0131r.<\/p>\n<p class=\"p3\">\u00dcye\u2019nin i\u015fbu S\u00f6zle\u015fme\u2019de yer alan h\u00fck\u00fcmleri veya y\u00fcr\u00fcrl\u00fckteki herhangi bir mevzuat\u0131 ihlal etmesi durumunda \u015eirket, herhangi bir tazminat y\u00fck\u00fcml\u00fcl\u00fc\u011f\u00fc s\u00f6z konusu olmaks\u0131z\u0131n \u00dcye\u2019nin Site\u2019yi kullan\u0131m\u0131n\u0131 bildirimsiz \u015fekilde s\u0131n\u0131rland\u0131rma veya iptal etme hakk\u0131n\u0131 haizdir.<\/p>\n<ol class=\"ol1\">\n<li class=\"li3\"><b>Fikri M\u00fclkiyet<\/b><\/li>\n<\/ol>\n<p class=\"p3\">\u015eirket\u2019in ve Site&#8217;nin hizmetleri, ticari bilgileri, g\u00f6rsel ve i\u015fitsel imgeleri, listeleri, her t\u00fcrl\u00fc fikri m\u00fclkiyet haklar\u0131 ile Site\u2019nin tasar\u0131m, metin, imge, html kodu ve di\u011fer kodlar da dahil fakat bunlarla s\u0131n\u0131rl\u0131 olmamak kayd\u0131yla t\u00fcm unsurlar\u0131 m\u00fcnhas\u0131ran \u015eirket\u2019e aittir. Bu kapsamda \u00dcye, an\u0131lan unsurlara ili\u015fkin olarak yetkisiz \u015fekilde kullan\u0131m, \u00e7o\u011faltma ve da\u011f\u0131t\u0131m yapmayaca\u011f\u0131n\u0131 kabul ve taahh\u00fct eder. \u00dcye, Site\u2019de \u00fc\u00e7\u00fcnc\u00fc ki\u015filere ait unsurlara yer verilebilmekte oldu\u011funu ve bu unsurlar\u0131n da ilgili \u00fc\u00e7\u00fcnc\u00fc ki\u015filere ait oldu\u011funu bilmekte ve \u00fc\u00e7\u00fcnc\u00fc ki\u015filerin haklar\u0131n\u0131 ihlal etmemeyi kabul ve taahh\u00fct etmektedir.<\/p>\n<ol class=\"ol1\">\n<li class=\"li3\"><b>Y\u00fcr\u00fcrl\u00fck<\/b><b><\/b><\/li>\n<\/ol>\n<p class=\"p3\">\u00dcye taraf\u0131ndan; \u00fcye kayd\u0131 yaparak ya da \u00fcye olmadan devam etti\u011fi esnada i\u015fbu S\u00f6zle\u015fme ile alakal\u0131 onay kutusuna yap\u0131lan i\u015faretleme (opt-in) ile \u00dcye\u2019nin i\u015fbu S\u00f6zle\u015fmede yer alan t\u00fcm maddeleri okudu\u011fu ve kabul etti\u011fi anla\u015f\u0131l\u0131r. \u0130\u015fbu S\u00f6zle\u015fme; \u00dcye taraf\u0131ndan Site\u2019ye \u00fcye olundu\u011fu anda kar\u015f\u0131l\u0131kl\u0131 olarak y\u00fcr\u00fcrl\u00fc\u011fe girer. \u00dcye olmadan devam edilmesi halinde ise S\u00f6zle\u015fme, onay kutusuna yap\u0131lan i\u015faretleme ile akdedilmi\u015f say\u0131l\u0131r ve kar\u015f\u0131l\u0131kl\u0131 olarak y\u00fcr\u00fcrl\u00fc\u011fe girer.<\/p>\n<ol class=\"ol1\">\n<li class=\"li3\"><b>Ki\u015fisel Verilerin Korunmas\u0131<\/b><\/li>\n<\/ol>\n<p class=\"p3\">\u015eirket taraf\u0131ndan; ki\u015fisel verilerin korunmas\u0131 mevzuat\u0131na uyum amac\u0131yla \u201cKi\u015fisel Verilerin Korunmas\u0131na \u0130li\u015fkin Ayd\u0131nlatma Metni\u201d ile \u201cKi\u015fisel Verilerin Korunmas\u0131 ve Gizlilik Politikas\u0131\u201d yay\u0131mlanm\u0131\u015ft\u0131r. S\u00f6z konusu metin ile \u00dcye\u2019nin hangi ki\u015fisel bilgilerinin ne \u015fekilde i\u015flenip, aktar\u0131laca\u011f\u0131 a\u00e7\u0131klanm\u0131\u015f; \u00dcye yasal haklar\u0131 hususunda detayl\u0131ca bilgilendirilmi\u015ftir.<\/p>\n<p class=\"p3\">\u0130\u015fbu S\u00f6zle\u015fmenin onaylanmas\u0131 ile \u00dcye; ki\u015fisel verilerinin i\u015flenmesine ili\u015fkin ayd\u0131nlatmay\u0131 okuyup, idrak etti\u011fini kabul ve beyan eder.<\/p>\n<ol class=\"ol1\">\n<li class=\"li3\"><b>M\u00fccbir Sebep<\/b><\/li>\n<\/ol>\n<p class=\"p3\">Taraflar\u0131n kontrol\u00fcnde olmayan; tabii afetler, yang\u0131n, patlamalar, i\u00e7 sava\u015flar, sava\u015flar, ayaklanmalar, halk hareketleri, seferberlik ilan\u0131, grev, lokavt ve salg\u0131n hastal\u0131klar, altyap\u0131 ve internet ar\u0131zalar\u0131, elektrik kesintisi gibi sebeplerden (a\u015fa\u011f\u0131da birlikte &#8220;M\u00fccbir Sebep\u201d olarak an\u0131lacakt\u0131r) dolay\u0131 S\u00f6zle\u015fmeden do\u011fan y\u00fck\u00fcml\u00fcl\u00fckler \u015eirket taraf\u0131ndan ifa edilemez hale gelirse, \u015eirket bundan sorumlu de\u011fildir. Bu s\u00fcrede Taraflar\u2019\u0131n S\u00f6zle\u015fme\u2019den do\u011fan hak ve y\u00fck\u00fcml\u00fcl\u00fckleri ask\u0131ya al\u0131n\u0131r.<\/p>\n<ol class=\"ol1\">\n<li class=\"li3\"><b>Revizyon<\/b><\/li>\n<\/ol>\n<p class=\"p3\">\u015eirket, ticari \u00e7\u0131karlar ve mevzuat h\u00fck\u00fcmlerinde de\u011fi\u015fiklikler sebebiyle Site\u2019de sunulan hizmetleri ve i\u015fbu s\u00f6zle\u015fme \u015fartlar\u0131n\u0131 k\u0131smen veya tamamen de\u011fi\u015ftirebilir. Site\u2019de yay\u0131mlanan de\u011fi\u015fikliklerin takibi \u00dcye\u2019nin sorumlulu\u011fundad\u0131r.<\/p>\n<ol class=\"ol1\">\n<li class=\"li3\"><b>Tebligat<\/b><\/li>\n<\/ol>\n<p class=\"p3\">\u0130\u015fbu S\u00f6zle\u015fme ile ilgili taraflara iletilecek olan t\u00fcm bildirimler, \u00dcye taraf\u0131ndan bu S\u00f6zle\u015fme veya ba\u015fka bir i\u015flem esnas\u0131nda \u015eirket\u2019e iletilen adres veya e-posta adresine g\u00f6nderilecektir. \u00dcye; i\u015fbu S\u00f6zle\u015fme esnas\u0131nda belirtti\u011fi adresin ge\u00e7erli tebligat adresi oldu\u011funu, de\u011fi\u015fmesi durumunda 5 g\u00fcn i\u00e7inde yaz\u0131l\u0131 olarak di\u011fer tarafa bildirece\u011fini, aksi halde bu adrese yap\u0131lacak tebligat\/bildirimlerin ge\u00e7erli say\u0131laca\u011f\u0131n\u0131 pe\u015finen kabul eder.<\/p>\n<ol class=\"ol1\">\n<li class=\"li3\"><b>\u0130htilaflar\u0131n \u00c7\u00f6z\u00fcm\u00fc<\/b><\/li>\n<\/ol>\n<p class=\"p3\">\u0130\u015fbu S\u00f6zle\u015fmenin uygulanmas\u0131ndan do\u011fan her t\u00fcrl\u00fc ihtilaf\u0131n \u00e7\u00f6z\u00fcm\u00fcnde \u0130stanbul Anadolu Mahkemeleri ve \u0130cra Daireleri yetkilidir.<\/p>\n<p class=\"p7\">\u0130\u015fbu \u00fcyelik s\u00f6zle\u015fmesi, \u00fcye taraf\u0131ndan elektronik ortamda onaylanarak onaylanma tarihinde y\u00fcr\u00fcrl\u00fc\u011fe girmi\u015ftir.<\/p>\n<\/div><\/div><\/div><\/div><\/div>","protected":false},"excerpt":{"rendered":"","protected":false},"author":1,"featured_media":0,"parent":0,"menu_order":0,"comment_status":"closed","ping_status":"closed","template":"100-width.php","meta":{"footnotes":""},"class_list":["post-13748","page","type-page","status-publish","hentry"],"_links":{"self":[{"href":"https:\/\/dynacore3d.com\/en\/wp-json\/wp\/v2\/pages\/13748","targetHints":{"allow":["GET"]}}],"collection":[{"href":"https:\/\/dynacore3d.com\/en\/wp-json\/wp\/v2\/pages"}],"about":[{"href":"https:\/\/dynacore3d.com\/en\/wp-json\/wp\/v2\/types\/page"}],"author":[{"embeddable":true,"href":"https:\/\/dynacore3d.com\/en\/wp-json\/wp\/v2\/users\/1"}],"replies":[{"embeddable":true,"href":"https:\/\/dynacore3d.com\/en\/wp-json\/wp\/v2\/comments?post=13748"}],"version-history":[{"count":1,"href":"https:\/\/dynacore3d.com\/en\/wp-json\/wp\/v2\/pages\/13748\/revisions"}],"predecessor-version":[{"id":13749,"href":"https:\/\/dynacore3d.com\/en\/wp-json\/wp\/v2\/pages\/13748\/revisions\/13749"}],"wp:attachment":[{"href":"https:\/\/dynacore3d.com\/en\/wp-json\/wp\/v2\/media?parent=13748"}],"curies":[{"name":"wp","href":"https:\/\/api.w.org\/{rel}","templated":true}]}}