{"id":13745,"date":"2025-12-19T18:08:09","date_gmt":"2025-12-19T18:08:09","guid":{"rendered":"https:\/\/dynacore3d.com\/?page_id=13745"},"modified":"2025-12-19T18:08:52","modified_gmt":"2025-12-19T18:08:52","slug":"o%cc%88n-bilgilendirme-formu","status":"publish","type":"page","link":"https:\/\/dynacore3d.com\/en\/o%cc%88n-bilgilendirme-formu\/","title":{"rendered":"O\u0308n Bilgilendirme Formu"},"content":{"rendered":"<div class=\"fusion-fullwidth fullwidth-box fusion-builder-row-1 fusion-flex-container has-pattern-background has-mask-background nonhundred-percent-fullwidth non-hundred-percent-height-scrolling\" style=\"--awb-border-radius-top-left:0px;--awb-border-radius-top-right:0px;--awb-border-radius-bottom-right:0px;--awb-border-radius-bottom-left:0px;--awb-flex-wrap:wrap;\" ><div class=\"fusion-builder-row fusion-row fusion-flex-align-items-flex-start fusion-flex-content-wrap\" style=\"max-width:1216.8px;margin-left: calc(-4% \/ 2 );margin-right: calc(-4% \/ 2 );\"><div class=\"fusion-layout-column fusion_builder_column fusion-builder-column-0 fusion_builder_column_1_1 1_1 fusion-flex-column\" style=\"--awb-bg-size:cover;--awb-width-large:100%;--awb-margin-top-large:0px;--awb-spacing-right-large:1.92%;--awb-margin-bottom-large:20px;--awb-spacing-left-large:1.92%;--awb-width-medium:100%;--awb-order-medium:0;--awb-spacing-right-medium:1.92%;--awb-spacing-left-medium:1.92%;--awb-width-small:100%;--awb-order-small:0;--awb-spacing-right-small:1.92%;--awb-spacing-left-small:1.92%;\"><div class=\"fusion-column-wrapper fusion-column-has-shadow fusion-flex-justify-content-flex-start fusion-content-layout-column\"><div class=\"fusion-text fusion-text-1\"><p class=\"p1\">&nbsp;<\/p>\n<p class=\"p2\"><b>1. TARAFLAR VE KONU<\/b><\/p>\n<p class=\"p2\">\u0130\u015fbu \u00d6n Bilgilendirme Formu\u2019nun konusu, internet \u00fcr\u00fcn sat\u0131n alacak ki\u015fi (&#8220;ALICI&#8221;) ile Esentepe Mah. \u0130n\u00f6n\u00fc Cad. Sualt\u0131n \u0130n\u015faat No: 145 \u0130\u00e7 Kap\u0131 No: 132 Kartal \u0130stanbul adresinde bulunan Dynacore Teknoloji Dan\u0131\u015fmanl\u0131k Elektronik Ticaret Anonim \u015eirketi (&#8220;\u015eirket&#8221;) aras\u0131ndaki mesafeli s\u00f6zle\u015fmeye ili\u015fkin t\u00fcketicilerin T\u00fcketicilerin Korunmas\u0131 Hakk\u0131ndaki Kanun ve Mesafeli S\u00f6zle\u015fmeler Y\u00f6netmeli\u011fi h\u00fck\u00fcmleri uyar\u0131nca bilgilendirilmesidir. Ayr\u0131ca Mesafeli S\u00f6zle\u015fmeler Y\u00f6netmeli\u011fi uyar\u0131nca 5\/1 a, d, g ve h maddelerindeki hususlara ili\u015fkin bilgiler i\u015fbu \u00d6n bilgilendirme Formu\u2019nda yer almaktad\u0131r.<\/p>\n<p class=\"p2\"><b>2. SATICI B\u0130LG\u0130LER\u0130<\/b><\/p>\n<p class=\"p2\">\u00dcnvan\u0131 : Dynacore Teknoloji Dan\u0131\u015fmanl\u0131k Elektronik Ticaret Anonim \u015eirketi<\/p>\n<p class=\"p2\">Adresi : Esentepe Mah. \u0130n\u00f6n\u00fc Cad. Sualt\u0131n \u0130n\u015faat No: 145 \u0130\u00e7 Kap\u0131 No: 132 Kartal \u0130stanbul<\/p>\n<p class=\"p2\">Mersis : 0323138895200001<\/p>\n<p class=\"p2\">Telefon : +905322901173<\/p>\n<p class=\"p2\">Fax:<\/p>\n<p class=\"p2\">Eposta : info@dynacore3d.com<\/p>\n<p class=\"p2\"><b>3. \u00dcR\u00dcN\/\u00dcR\u00dcNLER B\u0130LG\u0130LER\u0130<\/b><\/p>\n<p class=\"p2\">3.1. Mal\u0131n\/\u00dcr\u00fcn\/\u00dcr\u00fcnlerin\/Hizmetin temel \u00f6zelliklerini (t\u00fcr\u00fc, miktar\u0131, marka\/modeli, rengi, adedi) SATICI\u2019ya ait internet sitesinde yer almaktad\u0131r. \u00dcr\u00fcn\u00fcn temel \u00f6zellikleri hem \u00fcr\u00fcn\u00fcn ilan\u0131n\u0131n yer ald\u0131\u011f\u0131 ilgili sayfada, sipari\u015f \u00f6zeti sayfas\u0131nda ve a\u015fa\u011f\u0131da yer almaktad\u0131r.<\/p>\n<p class=\"p2\">3.2. Listelenen ve sitede ilan edilen fiyatlar sat\u0131\u015f fiyat\u0131d\u0131r. \u0130lan edilen fiyatlar ve vaatler g\u00fcncelleme yap\u0131lana ve de\u011fi\u015ftirilene kadar ge\u00e7erlidir. S\u00fcreli olarak ilan edilen fiyatlar ise belirtilen s\u00fcre sonuna kadar ge\u00e7erlidir.<\/p>\n<p class=\"p2\">3.3. S\u00f6zle\u015fme konusu mal ya da hizmetin t\u00fcm vergiler d\u00e2hil sat\u0131\u015f fiyat\u0131 a\u015fa\u011f\u0131daki tabloda g\u00f6sterilmi\u015ftir.<\/p>\n<p class=\"p3\"><b>S\u00d6ZLE\u015eME KONUSU \u00dcR\u00dcN<\/b><\/p>\n<p class=\"p4\"><span class=\"s1\"><b>\u00dcR\u00dcN B\u0130LG\u0130S\u0130 <\/b><\/span><b>:<\/b>\u00dcr\u00fcn Detaylar\u0131 ve temel nitelikleri\u2026<\/p>\n<p class=\"p4\"><span class=\"s1\"><b>ADET <\/b><\/span><b>:<\/b><\/p>\n<p class=\"p4\"><span class=\"s1\"><b>F\u0130YAT <\/b><\/span><b>:<\/b><\/p>\n<p class=\"p4\"><span class=\"s1\"><b>KARGO MASRAFI <\/b><\/span><b>:<\/b><\/p>\n<p class=\"p4\"><span class=\"s1\"><b>KDV DAH\u0130L F\u0130YAT <\/b><\/span><b>:<\/b><\/p>\n<p class=\"p4\"><span class=\"s1\"><b>\u00d6DEME \u015eEKL\u0130 <\/b><\/span><b>:<\/b><\/p>\n<p class=\"p2\">3.4. \u00dcr\u00fcn sevkiyat masraf\u0131 olan kargo \u00fccreti, di\u011fer her t\u00fcrl\u00fc vergi, resim har\u00e7 gibi ek \u00fccretler ALICI taraf\u0131ndan \u00f6denecektir.<\/p>\n<p class=\"p2\"><b>4. CAYMA HAKKI<\/b><\/p>\n<p class=\"p2\">4.1. ALICI\u2019n\u0131n hi\u00e7bir hukuki ve cezai sorumluluk \u00fcstlenmeksizin ve hi\u00e7bir gerek\u00e7e g\u00f6stermeksizin teslim ald\u0131\u011f\u0131 veya S\u00f6zle\u015fme\u2019nin imzaland\u0131\u011f\u0131 tarihten itibaren 14 (ond\u00f6rt) g\u00fcn i\u00e7erisinde mal\u0131 veya hizmeti reddederek s\u00f6zle\u015fmeden cayma hakk\u0131n\u0131n var oldu\u011funu ve cayma bildiriminin \u015eirket\u2019e ula\u015fmas\u0131 tarihi itibariyle \u015eirket, mal\u0131 geri alaca\u011f\u0131n\u0131 taahh\u00fct eder. Cayma hakk\u0131 bildirimi ve S\u00f6zle\u015fme\u2019ye ili\u015fkin sair bildirimler sat\u0131c\u0131ya ait ve yukar\u0131da belirtilen sat\u0131c\u0131 ileti\u015fim bilgileri kanal\u0131 ile g\u00f6nderilebilecektir. Cayma hakk\u0131n\u0131n kullan\u0131lmas\u0131 i\u00e7in bu s\u00fcre i\u00e7erisinde \u015eirket\u2019e mevzuat h\u00fck\u00fcmlerine uygun olarak bildirimde bulunulmas\u0131 \u015fartt\u0131r. Cayma hakk\u0131n\u0131n kullan\u0131lmas\u0131 halinde:<\/p>\n<p class=\"p2\">a) Al\u0131c\u0131\u2019ya veya onun bildirdi\u011fi yukar\u0131da bilgisi bulunan \u00fc\u00e7\u00fcnc\u00fc ki\u015fiye teslim edilen \u00fcr\u00fcn\u00fcn iade edilmesi zorunludur.<\/p>\n<p class=\"p2\">b) \u0130ade edilecek \u00fcr\u00fcnlerin kutusu, ambalaj\u0131 eksiksiz ve hasars\u0131z olarak teslim edilmesi gerekmektedir.<\/p>\n<p class=\"p2\">\u00dcr\u00fcn \u015eirket\u2019e iade edilirken, \u00fcr\u00fcn teslimi s\u0131ras\u0131nda Al\u0131c\u0131\u2019ya ibraz edilmi\u015f olan orijinal faturan\u0131n da iade edilmesi gerekmektedir. \u0130ade kargo bedeli \u015eirket\u2019e aittir. \u00dcr\u00fcnle beraber iade edilecek olan faturan\u0131n iade b\u00f6l\u00fcm\u00fc doldurularak ve Al\u0131c\u0131 taraf\u0131ndan imzalanarak iade edilecektir.<\/p>\n<p class=\"p2\">4.2. \u0130\u015fbu S\u00f6zle\u015fme\u2019ye konu \u00dcr\u00fcnler\u2019in Al\u0131c\u0131 taraf\u0131ndan cayma hakk\u0131n\u0131n kullan\u0131labilmesi i\u00e7in ambalajlar\u0131n\u0131n a\u00e7\u0131lmam\u0131\u015f, bozulmam\u0131\u015f ve kullan\u0131lmam\u0131\u015f olmas\u0131 gereklidir.<\/p>\n<p class=\"p2\"><b>5. CAYMA HAKKININ KULLANILAMAYACA\u011eI HALLER<\/b><\/p>\n<p class=\"p2\">Cayma hakk\u0131 Mesafeli S\u00f6zle\u015fmeler Y\u00f6netmeli\u011fi\u2019nin 15.maddesi uyar\u0131nca a\u015fa\u011f\u0131daki hallerde kullan\u0131lamaz:<\/p>\n<p class=\"p2\">a) Niteli\u011fi itibar\u0131yla iade edilemeyecek \u00fcr\u00fcnler i\u00e7in cayma hakk\u0131 kullan\u0131lamaz. \u0130\u015fbu S\u00f6zle\u015fme kapsam\u0131nda Al\u0131c\u0131 taraf\u0131ndan sat\u0131n al\u0131nan \u00dcr\u00fcnler\u2019de cayma hakk\u0131n\u0131n kullan\u0131lmas\u0131, Mesafeli S\u00f6zle\u015fmeler Y\u00f6netmeli\u011fi\u2019nin 15.maddesi uyar\u0131nca \u00fcr\u00fcn\u00fcn ambalaj\u0131n\u0131n a\u00e7\u0131lmam\u0131\u015f, bozulmam\u0131\u015f ve \u00fcr\u00fcn\u00fcn kullan\u0131lmam\u0131\u015f olmas\u0131 \u015fart\u0131na ba\u011fl\u0131d\u0131r.<\/p>\n<p class=\"p2\">b) Al\u0131c\u0131\u2019n\u0131n istekleri veya a\u00e7\u0131k\u00e7a onun ki\u015fisel ihtiya\u00e7lar\u0131 do\u011frultusunda haz\u0131rlanan, niteli\u011fi itibariyle geri g\u00f6nderilmeye elveri\u015fli olmayan ve \u00e7abuk bozulma tehlikesi olan veya son kullanma tarihi ge\u00e7me ihtimali olan mallar\u0131n teslimine ili\u015fkin s\u00f6zle\u015fmeler<\/p>\n<p class=\"p2\">c) Ambalaj\u0131 ve paketi a\u00e7\u0131lm\u0131\u015f olan \u00fcr\u00fcnler ve mevzuat kapsam\u0131nda cayma hakk\u0131n\u0131n kullan\u0131lamayaca\u011f\u0131 sair durumlar.&nbsp;<\/p>\n<p class=\"p2\">d) Montaj\u0131 yap\u0131lm\u0131\u015f olan \u00fcr\u00fcnler ambalaj\u0131 ve paketi a\u00e7\u0131lm\u0131\u015f olan \u00fcr\u00fcn kapsam\u0131nda yer ald\u0131\u011f\u0131ndan mevzuat kapsam\u0131nda cayma hakk\u0131n\u0131n kullan\u0131lamayacakt\u0131r.<\/p>\n<p class=\"p2\"><b>6. TESL\u0130MAT<\/b><\/p>\n<p class=\"p2\">6.1. \u00dcr\u00fcnler\u2019in aksi belirtilmedi\u011fi m\u00fcddet\u00e7e teslimat masraflar\u0131 Al\u0131c\u0131&#8217;ya aittir. \u015eirket, web sitesinde teslimat \u00fccretinin kendisince kar\u015f\u0131lanaca\u011f\u0131n\u0131 beyan etmi\u015fse, teslimat masraflar\u0131 \u015eirket\u2019e ait olacakt\u0131r. \u00dcr\u00fcnlerin teslimat\u0131; \u015eirket\u2019in stoklar\u0131n\u0131n m\u00fcsait olmas\u0131 ve \u00f6demenin ger\u00e7ekle\u015fmesinden sonra taahh\u00fct edilen s\u00fcrede yap\u0131l\u0131r. \u015eirket i\u015fbu S\u00f6zle\u015fme\u2019ye konu \u00dcr\u00fcnleri, Al\u0131c\u0131 taraf\u0131ndan sipari\u015f edilmesinden itibaren en ge\u00e7 30 g\u00fcn i\u00e7inde teslim eder ve bu s\u00fcre i\u00e7inde yaz\u0131l\u0131 bildirimle ek 10 (on) g\u00fcnl\u00fck s\u00fcre uzat\u0131m hakk\u0131n\u0131 sakl\u0131 tutar. Herhangi bir nedenle Al\u0131c\u0131 taraf\u0131ndan \u00dcr\u00fcn bedeli \u00f6denmez veya yap\u0131lan \u00f6deme banka kay\u0131tlar\u0131nda iptal edilir ise, \u015eirket \u00dcr\u00fcnler\u2019in teslimi y\u00fck\u00fcml\u00fcl\u00fc\u011f\u00fcnden kurtulmu\u015f kabul edilir.<\/p>\n<p class=\"p2\">6.2. Al\u0131c\u0131\u2019n\u0131n yanl\u0131\u015f adres bildirmi\u015f olmas\u0131 veya teslimat an\u0131nda teslim almaktan ka\u00e7\u0131nmas\u0131 veya teslim i\u015fleminin Al\u0131c\u0131\u2019n\u0131n fiil ve davran\u0131\u015flar\u0131 nedeniyle ger\u00e7ekle\u015fmemesi hallerinde do\u011facak zarar Al\u0131c\u0131 taraf\u0131ndan kar\u015f\u0131lanacakt\u0131r.<\/p>\n<p class=\"p2\"><b>7. K\u0130\u015e\u0130SEL VER\u0130LER\u0130N KORUNMASI, G\u0130ZL\u0130L\u0130K VE T\u0130CAR\u0130 ELEKTRON\u0130K \u0130LET\u0130 <\/b><\/p>\n<p class=\"p2\">7.1. ALICI, r\u0131zas\u0131 ile payla\u015fm\u0131\u015f oldu\u011fu; \u201c6698 Say\u0131l\u0131 Ki\u015fisel Verilerin Korunmas\u0131 Hakk\u0131nda Kanun\u201d ve sair kanunlar kapsam\u0131nda ki\u015fisel veri olarak tan\u0131mlanm\u0131\u015f olan her t\u00fcrl\u00fc ki\u015fisel verinin; \u015eirket taraf\u0131ndan muhafaza edilmesine, i\u015flenmesine, 3. ki\u015filere aktar\u0131lmas\u0131na, yurt d\u0131\u015f\u0131na aktar\u0131lmas\u0131na, usul\u00fcne uygun yaz\u0131l\u0131 bildirim yap\u0131l\u0131ncaya kadar muhafaza edilmesine a\u00e7\u0131k bir \u015fekilde r\u0131za vermektedir. Bu kapsamda Veri Sorumlusu s\u0131fat\u0131 ile \u015eirket ki\u015fisel verileri s\u00f6zle\u015fmesel ili\u015fki gere\u011fince i\u015fleyece\u011fini, ki\u015fisel verilerin yurt i\u00e7i ve yurt d\u0131\u015f\u0131na nas\u0131l ve kimlere aktar\u0131laca\u011f\u0131n\u0131 Al\u0131c\u0131\u2019ya izah etmi\u015f olmakla birlikte, ki\u015fisel veriler ile ilgili bilgi alma, silme, yok etme, d\u00fczeltme, itiraz etme, zarar giderim taleplerinin yaz\u0131l\u0131 olarak Esentepe Mah. \u0130n\u00f6n\u00fc Cad. Sualt\u0131n \u0130n\u015faat No: 145 \u0130\u00e7 Kap\u0131 No: 132 Kartal \u0130stanbul adresinde bulunan \u015firket merkezine iletebilece\u011fi, info@dynacore3d.com uzant\u0131l\u0131 e-posta adresi ile talepte bulunulabilece\u011fi, gerek duyulmas\u0131 halinde +905322901173 no\u2019lu telefon hatt\u0131 ile ileti\u015fime ge\u00e7ilebilece\u011fi hususlar\u0131nda m\u00fc\u015fteriyi bilgilendirmi\u015ftir.<\/p>\n<p class=\"p2\">7.2. ALICI y\u00fcr\u00fcrl\u00fckteki mevzuata uygun \u015fekilde, her t\u00fcrl\u00fc \u00fcr\u00fcn ve hizmetlere ili\u015fkin tan\u0131t\u0131m, reklam, ileti\u015fim, promosyon, sat\u0131\u015f ve pazarlama amac\u0131yla, kredi kart\u0131 ve \u00fcyelik bilgilendirme, i\u015flem, uygulamalar\u0131 i\u00e7in \u015eirket taraf\u0131ndan SMS\/k\u0131sa mesaj, anl\u0131k bildirim, otomatik arama, bilgisayar, telefon, e-posta\/mail, faks, di\u011fer elektronik ileti\u015fim ara\u00e7lar\u0131 ile ticari elektronik ileti\u015fimler yap\u0131labilir, ALICI kendisine ticari elektronik iletiler g\u00f6nderilmesini kabul etmi\u015ftir.<\/p>\n<p class=\"p2\">7.3. \u015eirket taraf\u0131ndan ALICI\u2019ya sunulan, \u2018kredi kart\u0131 bilgilerinin \u015eirket taraf\u0131ndan saklanmas\u0131\u2019 se\u00e7ene\u011finin ALICI taraf\u0131ndan kabul edilmesi halinde, ALICI buna r\u0131za g\u00f6sterdi\u011fini kabul, beyan ve taahh\u00fct eder. S\u00f6z konusu bilgiler \u015eirket taraf\u0131ndan yasal ama\u00e7lar d\u0131\u015f\u0131nda kullan\u0131lmayacak, di\u011fer \u00fcyelerle payla\u015f\u0131lmayacak olup, \u015eirket taraf\u0131ndan gizli tutulacakt\u0131r. ALICI, kredi kart bilgilerinin, banka ve hesap bilgileri ile bunlara ait \u015fifreleri 3. ki\u015filerle payla\u015fmas\u0131ndan kendisi sorumludur. \u015eirket herhangi bir sorumluluk kabul etmez.<\/p>\n<p class=\"p2\">7.4. Taraflar, i\u015fbu S\u00f6zle\u015fme gere\u011fi birbirleri hakk\u0131nda elde ettikleri ticari s\u0131rlar\u0131 3. ki\u015filerle payla\u015fmamakla y\u00fck\u00fcml\u00fc oldu\u011funu, aksi halde do\u011facak zararlardan sorumlu oldu\u011funu kabul beyan ve taahh\u00fct ederler.<\/p>\n<p class=\"p2\"><b>8. DEL\u0130L ANLA\u015eMASI VE YETK\u0130L\u0130 MAHKEME<\/b><\/p>\n<p class=\"p2\">8.1. Bu S\u00f6zle\u015fme&#8217;den ve\/veya uygulanmas\u0131ndan do\u011fabilecek her t\u00fcrl\u00fc uyu\u015fmazl\u0131\u011f\u0131n \u00e7\u00f6z\u00fcm\u00fcnde \u015eirket\u2019in resmi defter ve ticari kay\u0131tlar\u0131yla, kendi veri taban\u0131nda, sunucular\u0131nda tuttu\u011fu elektronik bilgilerin ve bilgisayar kay\u0131tlar\u0131n\u0131n, ba\u011flay\u0131c\u0131, kesin ve m\u00fcnhas\u0131r delil te\u015fkil edecektir. Taraflar, i\u015fbu S\u00f6zle\u015fme\u2019den kaynaklan uyu\u015fmazl\u0131klarda \u0130stanbul Anadolu Mahkemeleri ve \u0130cra Daireleri\u2019nin yetkili oldu\u011funu kabul ederler.<\/p>\n<p class=\"p2\">\u0130\u015fbu \u00f6n bilgilendirme formu mesafeli sat\u0131\u015f s\u00f6zle\u015fmesine ili\u015fkin bilgilendirmeler i\u00e7ermekte olup bu formun onaylanmas\u0131 ile s\u00f6zle\u015fme a\u015famas\u0131na ge\u00e7ilecektir. Sat\u0131c\u0131 taraf\u0131ndan d\u00f6nemsel ve s\u00fcrekli sat\u0131\u015fa ili\u015fkin herhangi bir taahh\u00fctte bulunulmam\u0131\u015ft\u0131r. Sat\u0131c\u0131 taraf\u0131ndan fiyat sabitlenmesine ili\u015fkin herhangi bir taahh\u00fctte bulunmam\u0131\u015ft\u0131r.<\/p>\n<table class=\"t1\" cellspacing=\"0\" cellpadding=\"0\">\n<tbody>\n<tr>\n<td class=\"td1\" valign=\"top\">\n<p class=\"p6\">\u00d6n Bilgilendirme Formu\u2019nun Al\u0131c\u0131 taraf\u0131ndan onaylanmas\u0131, \u00f6n bilgilendirme ve s\u00f6zle\u015fme formunun Al\u0131c\u0131 taraf\u0131ndan kabul edildi\u011fi anlam\u0131na gelmektedir. (TAR\u0130H : \u2026\/\u2026\/\u2026.)<\/p>\n<\/td>\n<\/tr>\n<\/tbody>\n<\/table>\n<\/div><\/div><\/div><\/div><\/div>","protected":false},"excerpt":{"rendered":"","protected":false},"author":1,"featured_media":0,"parent":0,"menu_order":0,"comment_status":"closed","ping_status":"closed","template":"100-width.php","meta":{"footnotes":""},"class_list":["post-13745","page","type-page","status-publish","hentry"],"_links":{"self":[{"href":"https:\/\/dynacore3d.com\/en\/wp-json\/wp\/v2\/pages\/13745","targetHints":{"allow":["GET"]}}],"collection":[{"href":"https:\/\/dynacore3d.com\/en\/wp-json\/wp\/v2\/pages"}],"about":[{"href":"https:\/\/dynacore3d.com\/en\/wp-json\/wp\/v2\/types\/page"}],"author":[{"embeddable":true,"href":"https:\/\/dynacore3d.com\/en\/wp-json\/wp\/v2\/users\/1"}],"replies":[{"embeddable":true,"href":"https:\/\/dynacore3d.com\/en\/wp-json\/wp\/v2\/comments?post=13745"}],"version-history":[{"count":2,"href":"https:\/\/dynacore3d.com\/en\/wp-json\/wp\/v2\/pages\/13745\/revisions"}],"predecessor-version":[{"id":13747,"href":"https:\/\/dynacore3d.com\/en\/wp-json\/wp\/v2\/pages\/13745\/revisions\/13747"}],"wp:attachment":[{"href":"https:\/\/dynacore3d.com\/en\/wp-json\/wp\/v2\/media?parent=13745"}],"curies":[{"name":"wp","href":"https:\/\/api.w.org\/{rel}","templated":true}]}}