{"id":13743,"date":"2025-12-19T18:07:48","date_gmt":"2025-12-19T18:07:48","guid":{"rendered":"https:\/\/dynacore3d.com\/?page_id=13743"},"modified":"2025-12-19T18:07:48","modified_gmt":"2025-12-19T18:07:48","slug":"mesafeli-satis-sozlesmesi","status":"publish","type":"page","link":"https:\/\/dynacore3d.com\/en\/mesafeli-satis-sozlesmesi\/","title":{"rendered":"Mesafeli Sat\u0131\u015f S\u00f6zle\u015fmesi"},"content":{"rendered":"<div class=\"fusion-fullwidth fullwidth-box fusion-builder-row-1 fusion-flex-container has-pattern-background has-mask-background nonhundred-percent-fullwidth non-hundred-percent-height-scrolling\" style=\"--awb-border-radius-top-left:0px;--awb-border-radius-top-right:0px;--awb-border-radius-bottom-right:0px;--awb-border-radius-bottom-left:0px;--awb-flex-wrap:wrap;\" ><div class=\"fusion-builder-row fusion-row fusion-flex-align-items-flex-start fusion-flex-content-wrap\" style=\"max-width:1216.8px;margin-left: calc(-4% \/ 2 );margin-right: calc(-4% \/ 2 );\"><div class=\"fusion-layout-column fusion_builder_column fusion-builder-column-0 fusion_builder_column_1_1 1_1 fusion-flex-column\" style=\"--awb-bg-size:cover;--awb-width-large:100%;--awb-margin-top-large:0px;--awb-spacing-right-large:1.92%;--awb-margin-bottom-large:20px;--awb-spacing-left-large:1.92%;--awb-width-medium:100%;--awb-order-medium:0;--awb-spacing-right-medium:1.92%;--awb-spacing-left-medium:1.92%;--awb-width-small:100%;--awb-order-small:0;--awb-spacing-right-small:1.92%;--awb-spacing-left-small:1.92%;\"><div class=\"fusion-column-wrapper fusion-column-has-shadow fusion-flex-justify-content-flex-start fusion-content-layout-column\"><div class=\"fusion-text fusion-text-1\"><p class=\"p3\"><b>1.TARAFLAR<\/b><\/p>\n<p class=\"p3\">Bir tarafta, Esentepe Mah. \u0130n\u00f6n\u00fc Cad. Sualt\u0131n \u0130n\u015faat No: 145 \u0130\u00e7 Kap\u0131 No: 132 Kartal \u0130stanbul adresinde yerle\u015fik Dynacore Teknoloji Dan\u0131\u015fmanl\u0131k Elektronik Ticaret Anonim \u015eirketi (bundan sonra \u201c\u015eirket\u201d olarak an\u0131lacakt\u0131r.) ile di\u011fer tarafta \u2026\u2026\u2026\u2026\u2026\u2026\u2026\u2026\u2026\u2026\u2026 adresinde mukim \u2026\u2026\u2026\u2026\u2026\u2026\u2026\u2026\u2026\u2026\u2026 bundan sonra \u201cALICI\u201d olarak an\u0131lacakt\u0131r) aras\u0131nda a\u015fa\u011f\u0131daki \u015fartlarda d\u00fczenlenmi\u015ftir.<\/p>\n<p class=\"p3\"><b>2.S\u00d6ZLE\u015eMEN\u0130N KONUSU<\/b><\/p>\n<p class=\"p3\">\u0130\u015fbu Mesafeli Sat\u0131\u015f S\u00f6zle\u015fmesi (\u201cS\u00f6zle\u015fme\u201d) T\u00fcketicinin Korunmas\u0131 Hakk\u0131nda Kanun ve Mesafeli S\u00f6zle\u015fmelere Dair Y\u00f6netmelik\u2019e uygun olarak d\u00fczenlenmi\u015ftir. \u0130\u015fbu S\u00f6zle\u015fme\u2019nin taraflar\u0131 i\u015fbu S\u00f6zle\u015fme taht\u0131nda T\u00fcketicinin Korunmas\u0131 Hakk\u0131nda Kanun ve Mesafeli S\u00f6zle\u015fmelere Dair Y\u00f6netmelik\u2019ten kaynaklanan y\u00fck\u00fcml\u00fcl\u00fck ve sorumluluklar\u0131n\u0131 bildiklerini ve anlad\u0131klar\u0131n\u0131 kabul ve beyan ederler. \u0130\u015fbu s\u00f6zle\u015fmenin konusu, Al\u0131c\u0131&#8217;n\u0131n, \u015eirket\u2019e ait <a href=\"https:\/\/dynacore3d.com\/en\/\"><span class=\"s1\">https:\/\/dynacore3d.com\/<\/span><\/a> ve\/veya sunulan hizmete ba\u011fl\u0131 di\u011fer alan adlar\u0131 \u00fczerinden (\u201cWebsitesi\u201d), \u015eirket\u2019e ait \u00fcr\u00fcnlerin sat\u0131n al\u0131nmas\u0131na y\u00f6nelik elektronik olarak sipari\u015f verdi\u011fi, s\u00f6zle\u015fmede belirtilen niteliklere sahip mal\u0131n sat\u0131\u015f\u0131 ve teslimi ile ilgili olarak T\u00fcketicinin Korunmas\u0131 Hakk\u0131ndaki Kanun ve Mesafeli S\u00f6zle\u015fmelere Dair Y\u00f6netmelik h\u00fck\u00fcmleri gere\u011fince taraflar\u0131n hak ve y\u00fck\u00fcml\u00fcl\u00fcklerinin saptanmas\u0131 olu\u015fturur.<\/p>\n<p class=\"p3\"><b>3.S\u00d6ZLE\u015eME BEDEL\u0130 ve \u00d6DEME<\/b><\/p>\n<p class=\"p3\">\u0130\u015fbu S\u00f6zle\u015fme\u2019ye konu \u00dcr\u00fcnler\u2019in kar\u015f\u0131l\u0131\u011f\u0131nda \u00f6denecek olan \u00fccret <a href=\"https:\/\/dynacore3d.com\/en\/\"><span class=\"s1\">https:\/\/dynacore3d.com\/<\/span><\/a> internet sitesinin ilgili sayfas\u0131nda belirtilen miktar kadard\u0131r. \u0130\u015fbu s\u00f6zle\u015fmenin konusunu te\u015fkil eden \u00dcr\u00fcnler\u2019in \u00fccreti, \u00f6deme sayfas\u0131na y\u00f6nlendirilerek yapacakt\u0131r.<\/p>\n<p class=\"p3\">Al\u0131c\u0131, sipari\u015f etmi\u015f oldu\u011fu \u00fcr\u00fcnlere ait bedeli ve aksi ayr\u0131ca kararla\u015ft\u0131r\u0131lmam\u0131\u015f ise g\u00f6nderim masraflar\u0131n\u0131 tam ve eksiksiz olarak \u015eirket hesab\u0131na \u00f6demeyi taahh\u00fct eder. Al\u0131c\u0131, \u00f6demeyi kredi kartlar\u0131 ve banka kartlar\u0131 ile yapacakt\u0131r.<\/p>\n<p class=\"p3\">Al\u0131c\u0131, aksi belirtilmedik\u00e7e sat\u0131n alma s\u0131ras\u0131nda firmas\u0131 ve fiyat\u0131 belirlenen kargo \/ ula\u015ft\u0131rma \u00fccretini ayr\u0131ca \u015eirket\u2019e \u00f6demek zorundad\u0131r.<\/p>\n<p class=\"p3\"><b>4.MALIN TESL\u0130M\u0130 VE TESL\u0130M \u015eEKL\u0130<\/b><\/p>\n<p class=\"p3\">S\u00f6zle\u015fme Al\u0131c\u0131 taraf\u0131ndan onaylanmakla y\u00fcr\u00fcrl\u00fc\u011fe girmi\u015f olup, Al\u0131c\u0131\u2019n\u0131n \u015eirket\u2019ten sat\u0131n alm\u0131\u015f oldu\u011fu \u00dcr\u00fcnler\u2019in Al\u0131c\u0131\u2019ya teslim edilmesiyle ifa edilmi\u015f olur. \u00dcr\u00fcn, Al\u0131c\u0131&#8217;n\u0131n sipari\u015f formunda ve i\u015fbu s\u00f6zle\u015fmede belirtmi\u015f oldu\u011fu adrese teslim edilecektir.<\/p>\n<p class=\"p3\"><b>5.TESL\u0130MAT MASRAFLARI VE \u0130FASI<\/b><\/p>\n<p class=\"p3\">\u00dcr\u00fcnler\u2019in teslimat masraflar\u0131 Al\u0131c\u0131&#8217;ya aittir. \u015eirket, web sitesinde teslimat \u00fccretinin kendisince kar\u015f\u0131lanaca\u011f\u0131n\u0131 beyan etmi\u015fse, teslimat masraflar\u0131 \u015eirket\u2019e ait olacakt\u0131r. \u00dcr\u00fcnlerin teslimat\u0131; \u015eirket\u2019in stoklar\u0131n\u0131n m\u00fcsait olmas\u0131 ve \u00f6demenin ger\u00e7ekle\u015fmesinden sonra taahh\u00fct edilen s\u00fcrede yap\u0131l\u0131r. \u015eirket i\u015fbu S\u00f6zle\u015fme\u2019ye konu \u00dcr\u00fcnleri, Al\u0131c\u0131 taraf\u0131ndan sipari\u015f edilmesinden itibaren en ge\u00e7 30 g\u00fcn i\u00e7inde teslim eder ve bu s\u00fcre i\u00e7inde yaz\u0131l\u0131 bildirimle ek 10 (on) g\u00fcnl\u00fck s\u00fcre uzat\u0131m hakk\u0131n\u0131 sakl\u0131 tutar. Herhangi bir nedenle Al\u0131c\u0131 taraf\u0131ndan \u00dcr\u00fcn bedeli \u00f6denmez veya yap\u0131lan \u00f6deme banka kay\u0131tlar\u0131nda iptal edilir ise, \u015eirket \u00dcr\u00fcnler\u2019in teslimi y\u00fck\u00fcml\u00fcl\u00fc\u011f\u00fcnden kurtulmu\u015f kabul edilir.<\/p>\n<p class=\"p3\">Al\u0131c\u0131\u2019n\u0131n yanl\u0131\u015f adres bildirmi\u015f olmas\u0131 veya teslimat an\u0131nda teslim almaktan ka\u00e7\u0131nmas\u0131 veya teslim i\u015fleminin Al\u0131c\u0131\u2019n\u0131n fiil ve davran\u0131\u015flar\u0131 nedeniyle ger\u00e7ekle\u015fmemesi hallerinde do\u011facak zarar Al\u0131c\u0131 taraf\u0131ndan kar\u015f\u0131lanacakt\u0131r.<\/p>\n<p class=\"p3\"><b>6.ALICININ BEYAN VE TAAHH\u00dcTLER\u0130<\/b><\/p>\n<p class=\"p3\">Al\u0131c\u0131, Web sitesinde yer alan s\u00f6zle\u015fme konusu \u00fcr\u00fcn\u00fcn temel nitelikleri, sat\u0131\u015f fiyat\u0131 ve \u00f6deme \u015fekli ile teslimata ili\u015fkin olarak \u015eirket taraf\u0131ndan y\u00fcklenen \u00f6n bilgileri okuyup bilgi sahibi oldu\u011funu ve elektronik ortamda gerekli teyidi verdi\u011fini beyan eder. Al\u0131c\u0131lar t\u00fcketici s\u0131fat\u0131yla talep ve \u015fikayetlerini yukar\u0131da yer alan \u015eirket ileti\u015fim bilgilerinin yer ald\u0131\u011f\u0131 kanallarla ula\u015ft\u0131rabilirler.<\/p>\n<p class=\"p3\">Al\u0131c\u0131, i\u015fbu S\u00f6zle\u015fme\u2019yi ve \u00d6n Bilgilendirme Formunu elektronik ortamda teyit etmekle, mesafeli s\u00f6zle\u015fmelerin akdinden \u00f6nce \u015eirket taraf\u0131ndan t\u00fcketiciye verilmesi gereken adres, sipari\u015fi verilen \u00fcr\u00fcnlere ait temel \u00f6zellikler, \u00fcr\u00fcnlerin vergiler dahil fiyat\u0131, \u00f6deme ve teslimat bilgilerini de do\u011fru ve eksiksiz olarak edindi\u011fini teyit etmi\u015f olur.<\/p>\n<p class=\"p3\">Al\u0131c\u0131\u2019n\u0131n, S\u00f6zle\u015fme konusu \u00dcr\u00fcnler\u2019i teslim almadan \u00f6nce muayene edecek tahrip olmu\u015f, ambalaj\u0131 y\u0131rt\u0131lm\u0131\u015f vb. hasarl\u0131 ve ay\u0131pl\u0131 mal\u0131 kargo \u015firketinden teslim almas\u0131 halinde sorumluluk tamamen kendisine aittir. Al\u0131c\u0131 taraf\u0131ndan kargo \u015firketi g\u00f6revlisinden teslim al\u0131nan \u00dcr\u00fcnler\u2019in hasars\u0131z ve sa\u011flam oldu\u011fu kabul edilecektir. Teslimden sonra \u00dcr\u00fcnler\u2019in sorumlulu\u011fu ve hasarlar Al\u0131c\u0131&#8217;ya aittir. \u00dcr\u00fcnler\u2019in tesliminden sonra Al\u0131c\u0131&#8217;ya ait kredi kart\u0131n\u0131n Al\u0131c\u0131&#8217;n\u0131n kusurundan kaynaklanmayan bir \u015fekilde yetkisiz ki\u015filerce haks\u0131z veya hukuka ayk\u0131r\u0131 olarak kullan\u0131lmas\u0131 nedeni ile ilgili banka veya finans kurulu\u015funun \u00fcr\u00fcn bedelini \u015eirket\u2019e \u00f6dememesi halinde, Al\u0131c\u0131 kendisine teslim edilmi\u015f olmas\u0131 kayd\u0131yla \u00dcr\u00fcnler\u2019i 3 (\u00fc\u00e7) g\u00fcn i\u00e7inde \u015eirket&#8217;e iade etmekle y\u00fck\u00fcml\u00fcd\u00fcr. Bu halde teslimat giderleri Al\u0131c\u0131&#8217;ya aittir.<\/p>\n<p class=\"p3\"><b>7.SATICININ BEYAN VE TAAHH\u00dcTLER\u0130<\/b><\/p>\n<p class=\"p3\">\u015eirket, S\u00f6zle\u015fme konusu \u00dcr\u00fcnler\u2019in T\u00fcketici Mevzuat\u0131na uygun olarak, sa\u011flam, eksiksiz, sipari\u015fte belirtilen niteliklere uygun ve varsa garanti belgeleri ve kullan\u0131m k\u0131lavuzlar\u0131 ile Al\u0131c\u0131\u2019ya teslim edilmesinden sorumludur. \u015eirket, m\u00fccbir sebepler veya nakliyeyi engelleyen ola\u011fan\u00fcst\u00fc durumlar nedeni ile s\u00f6zle\u015fme konusu \u00fcr\u00fcn\u00fc s\u00fcresi i\u00e7inde teslim edemez ise, durumu Al\u0131c\u0131\u2019ya m\u00fcmk\u00fcn olan en k\u0131sa s\u00fcrede bildirmekle y\u00fck\u00fcml\u00fcd\u00fcr S\u00f6zle\u015fme konusu \u00dcr\u00fcnler, Al\u0131c\u0131&#8217;dan ba\u015fka bir ki\u015fiye teslim edilecek ise, teslim edilecek ki\u015finin teslimat\u0131 kabul etmemesinden \u015eirket sorumlu tutulamaz.<\/p>\n<p class=\"p3\"><b>8.CAYMA HAKKI <\/b><\/p>\n<p class=\"p3\">Al\u0131c\u0131\u2019n\u0131n hi\u00e7bir hukuki ve cezai sorumluluk \u00fcstlenmeksizin ve hi\u00e7bir gerek\u00e7e g\u00f6stermeksizin teslim ald\u0131\u011f\u0131 veya s\u00f6zle\u015fmenin imzaland\u0131\u011f\u0131 tarihten itibaren 14 (ond\u00f6rt) g\u00fcn i\u00e7erisinde mal\u0131 veya hizmeti reddederek s\u00f6zle\u015fmeden cayma hakk\u0131n\u0131n var oldu\u011funu ve cayma bildiriminin \u015eirket\u2019e ula\u015fmas\u0131 tarihi itibariyle \u015eirket, mal\u0131 geri alaca\u011f\u0131n\u0131 taahh\u00fct eder. Cayma hakk\u0131 bildirimi ve S\u00f6zle\u015fmeye ili\u015fkin sair bildirimler sat\u0131c\u0131ya ait ve yukar\u0131da belirtilen sat\u0131c\u0131 ileti\u015fim bilgileri kanal\u0131 ile g\u00f6nderilebilecektir. Cayma hakk\u0131n\u0131n kullan\u0131lmas\u0131 i\u00e7in bu s\u00fcre i\u00e7erisinde \u015eirket\u2019e mevzuat h\u00fck\u00fcmlerine uygun olarak bildirimde bulunulmas\u0131 \u015fartt\u0131r. Cayma hakk\u0131n\u0131n kullan\u0131lmas\u0131 halinde: a) Al\u0131c\u0131\u2019ya veya onun bildirdi\u011fi yukar\u0131da bilgisi bulunan \u00fc\u00e7\u00fcnc\u00fc ki\u015fiye teslim edilen \u00fcr\u00fcn\u00fcn iade edilmesi zorunludur. b) \u0130ade edilecek \u00fcr\u00fcnlerin kutusu, ambalaj\u0131 eksiksiz ve hasars\u0131z olarak teslim edilmesi gerekmektedir. \u00dcr\u00fcn \u015eirket\u2019e iade edilirken, \u00fcr\u00fcn teslimi s\u0131ras\u0131nda Al\u0131c\u0131\u2019ya ibraz edilmi\u015f olan orijinal faturan\u0131n da iade edilmesi gerekmektedir. \u0130ade kargo bedeli \u015eirket\u2019e aittir. \u00dcr\u00fcnle beraber iade edilecek olan faturan\u0131n iade b\u00f6l\u00fcm\u00fc doldurularak ve Al\u0131c\u0131 taraf\u0131ndan imzalanarak iade edilecektir.<\/p>\n<p class=\"p3\">\u0130\u015fbu S\u00f6zle\u015fme\u2019ye konu \u00dcr\u00fcnler\u2019in Al\u0131c\u0131 taraf\u0131ndan cayma hakk\u0131n\u0131n kullan\u0131labilmesi i\u00e7in ambalajlar\u0131n\u0131n a\u00e7\u0131lmam\u0131\u015f, bozulmam\u0131\u015f ve kullan\u0131lmam\u0131\u015f olmas\u0131 gereklidir.<\/p>\n<p class=\"p3\"><b>9.CAYMA HAKKININ KULLANILAMAYACA\u011eI HALLER<\/b><\/p>\n<p class=\"p3\">Cayma hakk\u0131 Mesafeli S\u00f6zle\u015fmeler Y\u00f6netmeli\u011fi\u2019nin 15.maddesi uyar\u0131nca a\u015fa\u011f\u0131daki hallerde kullan\u0131lamaz:<\/p>\n<p class=\"p3\">a) Niteli\u011fi itibar\u0131yla iade edilemeyecek \u00fcr\u00fcnler i\u00e7in cayma hakk\u0131 kullan\u0131lamaz. \u0130\u015fbu S\u00f6zle\u015fme kapsam\u0131nda Al\u0131c\u0131 taraf\u0131ndan sat\u0131n al\u0131nan \u00dcr\u00fcnler\u2019de cayma hakk\u0131n\u0131n kullan\u0131lmas\u0131, Mesafeli S\u00f6zle\u015fmeler Y\u00f6netmeli\u011fi\u2019nin 15.maddesi uyar\u0131nca \u00fcr\u00fcn\u00fcn ambalaj\u0131n\u0131n a\u00e7\u0131lmam\u0131\u015f, bozulmam\u0131\u015f ve \u00fcr\u00fcn\u00fcn kullan\u0131lmam\u0131\u015f olmas\u0131 \u015fart\u0131na ba\u011fl\u0131d\u0131r.<\/p>\n<p class=\"p3\">b) Al\u0131c\u0131\u2019n\u0131n istekleri veya a\u00e7\u0131k\u00e7a onun ki\u015fisel ihtiya\u00e7lar\u0131 do\u011frultusunda haz\u0131rlanan, niteli\u011fi itibariyle geri g\u00f6nderilmeye elveri\u015fli olmayan ve \u00e7abuk bozulma tehlikesi olan veya son kullanma tarihi ge\u00e7me ihtimali olan mallar\u0131n teslimine ili\u015fkin s\u00f6zle\u015fmeler<\/p>\n<p class=\"p3\">c) Ambalaj\u0131 ve paketi a\u00e7\u0131lm\u0131\u015f olan \u00fcr\u00fcnler ve mevzuat kapsam\u0131nda cayma hakk\u0131n\u0131n kullan\u0131lamayaca\u011f\u0131 sair durumlar.<\/p>\n<p class=\"p3\"><b>10.G\u0130ZL\u0130L\u0130K<\/b><\/p>\n<p class=\"p3\">\u015eirket taraf\u0131ndan ALICI\u2019ya sunulan, \u2018kredi kart\u0131 bilgilerinin \u015eirket taraf\u0131ndan saklanmas\u0131\u2019 se\u00e7ene\u011finin Al\u0131c\u0131 taraf\u0131ndan kabul edilmesi halinde, Al\u0131c\u0131 buna r\u0131za g\u00f6sterdi\u011fini kabul, beyan ve taahh\u00fct eder. S\u00f6z konusu bilgiler \u015eirket taraf\u0131ndan yasal ama\u00e7lar d\u0131\u015f\u0131nda kullan\u0131lmayacak, di\u011fer \u00fcyelerle payla\u015f\u0131lmayacak olup, \u015eirket taraf\u0131ndan gizli tutulacakt\u0131r.<\/p>\n<p class=\"p3\">Al\u0131c\u0131, kredi kart bilgilerinin, banka ve hesap bilgileri ile bunlara ait \u015fifreleri 3. ki\u015filerle payla\u015fmas\u0131ndan kendisi sorumludur. \u015eirket herhangi bir sorumluluk kabul etmez.<\/p>\n<p class=\"p3\">Taraflar, i\u015fbu S\u00f6zle\u015fme gere\u011fi birbirleri hakk\u0131nda elde ettikleri ticari s\u0131rlar\u0131 3. ki\u015filerle payla\u015fmamakla y\u00fck\u00fcml\u00fc oldu\u011funu, aksi halde do\u011facak zararlardan sorumlu oldu\u011funu kabul beyan ve taahh\u00fct ederler.<\/p>\n<p class=\"p3\"><b>11.K\u0130\u015e\u0130SEL VER\u0130LER\u0130N KORUNMASI<\/b><\/p>\n<p class=\"p3\">Al\u0131c\u0131, r\u0131zas\u0131 ile payla\u015fm\u0131\u015f oldu\u011fu; \u201c6698 Say\u0131l\u0131 Ki\u015fisel Verilerin Korunmas\u0131 Hakk\u0131nda Kanun\u201d ve sair kanunlar kapsam\u0131nda ki\u015fisel veri olarak tan\u0131mlanm\u0131\u015f olan her t\u00fcrl\u00fc ki\u015fisel verinin; \u015eirket taraf\u0131ndan muhafaza edilmesine, i\u015flenmesine, 3. ki\u015filere aktar\u0131lmas\u0131na, yurt d\u0131\u015f\u0131na aktar\u0131lmas\u0131na, usul\u00fcne uygun yaz\u0131l\u0131 bildirim yap\u0131l\u0131ncaya kadar muhafaza edilmesine a\u00e7\u0131k bir \u015fekilde r\u0131za vermektedir. Bu kapsamda Veri Sorumlusu s\u0131fat\u0131 ile \u015eirket ki\u015fisel verileri s\u00f6zle\u015fmesel ili\u015fki gere\u011fince i\u015fleyece\u011fini, ki\u015fisel verilerin yurt i\u00e7i ve yurt d\u0131\u015f\u0131na nas\u0131l ve kimlere aktar\u0131laca\u011f\u0131n\u0131 Al\u0131c\u0131\u2019ya izah etmi\u015f olmakla birlikte, ki\u015fisel veriler ile ilgili bilgi alma, silme, yok etme, d\u00fczeltme, itiraz etme, zarar giderim taleplerinin yaz\u0131l\u0131 olarak Esentepe Mah. \u0130n\u00f6n\u00fc Cad. Sualt\u0131n \u0130n\u015faat No: 145 \u0130\u00e7 Kap\u0131 No: 132 Kartal \u0130stanbul adresinde bulunan \u015firket merkezine iletebilece\u011fi info@dynacore3d.com uzant\u0131l\u0131 e-posta adresi ile talepte bulunulabilece\u011fi, gerek duyulmas\u0131 halinde +905322901173 no\u2019lu telefon hatt\u0131 ile ileti\u015fime ge\u00e7ilebilece\u011fi hususlar\u0131nda m\u00fc\u015fteriyi bilgilendirmi\u015ftir.<\/p>\n<p class=\"p3\"><b>12.S\u00d6ZLE\u015eMEN\u0130N FESH\u0130<\/b><\/p>\n<p class=\"p3\">\u015eirket, Sipari\u015f edilen \u00fcr\u00fcnlerin stokta bulunmamas\u0131, Al\u0131c\u0131\u2019n\u0131n \u00f6deme y\u00fck\u00fcml\u00fcl\u00fcklerini yerine getirmemesi ve Al\u0131c\u0131\u2019n\u0131n i\u015fbu S\u00f6zle\u015fmede belirtilen adresine teslimat yap\u0131lamamas\u0131 ve sebep ve gerek\u00e7e bildirmeyece\u011fi sair hallerde s\u00f6zle\u015fmeyi tek tarafl\u0131 ve tazminats\u0131z feshetme hakk\u0131na sahiptir. Bu durumda \u015eirket, e\u011fer Al\u0131c\u0131 taraf\u0131ndan \u00f6deme yap\u0131lm\u0131\u015fsa \u00fcr\u00fcn bedelini Al\u0131c\u0131\u2019 ya iade edecektir.<\/p>\n<p class=\"p3\">S\u00f6zle\u015fmenin Al\u0131c\u0131\u2019n\u0131n kusuru nedeni ile feshedilmesi halinde teslimat masraflar\u0131 Al\u0131c\u0131\u2019ya ait olacakt\u0131r.<\/p>\n<p class=\"p3\"><b>13.UYU\u015eMAZLIKLARIN \u00c7\u00d6Z\u00dcM\u00dc <\/b><\/p>\n<p class=\"p3\">Taraflar, i\u015fbu S\u00f6zle\u015fmeden kaynaklan uyu\u015fmazl\u0131klarda \u0130stanbul Anadolu Mahkemeleri ve \u0130cra Daireleri\u2019nin yetkili oldu\u011funu kabul ederler.<\/p>\n<p class=\"p3\"><b>14.TEMERR\u00dcD HAL\u0130 VE HUKUK\u0130 SONU\u00c7LARI<\/b><\/p>\n<p class=\"p3\">Al\u0131c\u0131, kredi kart\u0131 ile yapm\u0131\u015f oldu\u011fu i\u015flemlerinde temerr\u00fcde d\u00fc\u015fmesi halinde kart sahibi bankan\u0131n kendisi ile yapm\u0131\u015f oldu\u011fu kredi kart\u0131 s\u00f6zle\u015fmesi \u00e7er\u00e7evesinde faiz \u00f6deyecek ve bankaya kar\u015f\u0131 sorumlu olacakt\u0131r. Bu durumda ilgili banka hukuki yollara ba\u015fvurabilir; do\u011facak masraflar\u0131 ve vek\u00e2let \u00fccretini Al\u0131c\u0131&#8217;dan talep edebilir ve her ko\u015fulda Al\u0131c\u0131&#8217;n\u0131n borcundan dolay\u0131 temerr\u00fcde d\u00fc\u015fmesi halinde Al\u0131c\u0131, borcun gecikmeli ifas\u0131ndan dolay\u0131 \u015eirket\u2019in olu\u015fan zarar ve ziyan\u0131n\u0131 \u00f6demeyi kabul eder.<\/p>\n<p class=\"p3\"><b>15.B\u0130LD\u0130R\u0130MLER ve DEL\u0130L S\u00d6ZLE\u015eMES\u0130<\/b><\/p>\n<p class=\"p3\">\u0130\u015fbu S\u00f6zle\u015fme kapsam\u0131nda Taraflar aras\u0131nda yap\u0131lacak her t\u00fcrl\u00fc yaz\u0131\u015fma, Kanunda say\u0131lan zorunlu haller d\u0131\u015f\u0131nda, e-mail arac\u0131l\u0131\u011f\u0131yla yap\u0131lacakt\u0131r. Al\u0131c\u0131, i\u015fbu S\u00f6zle\u015fme\u2019den do\u011fabilecek ihtilaflarda \u015eirket\u2019in resmi defter ve ticari kay\u0131tlar\u0131yla, kendi veri taban\u0131nda, sunucular\u0131nda tuttu\u011fu elektronik bilgilerin ve bilgisayar kay\u0131tlar\u0131n\u0131n, ba\u011flay\u0131c\u0131, kesin ve m\u00fcnhas\u0131r delil te\u015fkil edece\u011fini, bu maddenin Hukuk Muhakemeleri Kanunu ilgili maddesi anlam\u0131nda delil s\u00f6zle\u015fmesi niteli\u011finde oldu\u011funu kabul, beyan ve taahh\u00fct eder.<\/p>\n<p class=\"p3\"><b>16.Y\u00dcR\u00dcRL\u00dcL\u00dcK<\/b><\/p>\n<p class=\"p3\">Al\u0131c\u0131, web sitesi \u00fczerinden verdi\u011fi sipari\u015fe ait \u00f6demeyi ger\u00e7ekle\u015ftirdi\u011finde i\u015fbu S\u00f6zle\u015fmenin t\u00fcm \u015fartlar\u0131n\u0131 kabul etmi\u015f say\u0131l\u0131r.<\/p>\n<p class=\"p3\">\u015eirket, sipari\u015fin ger\u00e7ekle\u015fmesi \u00f6ncesinde i\u015fbu s\u00f6zle\u015fmenin sitede Al\u0131c\u0131 taraf\u0131ndan okunup kabul edildi\u011fine dair onay alacak \u015fekilde gerekli yaz\u0131l\u0131msal d\u00fczenlemeleri yapmakla y\u00fck\u00fcml\u00fcd\u00fcr.<\/p>\n<p class=\"p4\"><b>\u015e\u0130RKET ALICI<\/b><\/p>\n<\/div><\/div><\/div><\/div><\/div>","protected":false},"excerpt":{"rendered":"","protected":false},"author":1,"featured_media":0,"parent":0,"menu_order":0,"comment_status":"closed","ping_status":"closed","template":"","meta":{"footnotes":""},"class_list":["post-13743","page","type-page","status-publish","hentry"],"_links":{"self":[{"href":"https:\/\/dynacore3d.com\/en\/wp-json\/wp\/v2\/pages\/13743","targetHints":{"allow":["GET"]}}],"collection":[{"href":"https:\/\/dynacore3d.com\/en\/wp-json\/wp\/v2\/pages"}],"about":[{"href":"https:\/\/dynacore3d.com\/en\/wp-json\/wp\/v2\/types\/page"}],"author":[{"embeddable":true,"href":"https:\/\/dynacore3d.com\/en\/wp-json\/wp\/v2\/users\/1"}],"replies":[{"embeddable":true,"href":"https:\/\/dynacore3d.com\/en\/wp-json\/wp\/v2\/comments?post=13743"}],"version-history":[{"count":1,"href":"https:\/\/dynacore3d.com\/en\/wp-json\/wp\/v2\/pages\/13743\/revisions"}],"predecessor-version":[{"id":13744,"href":"https:\/\/dynacore3d.com\/en\/wp-json\/wp\/v2\/pages\/13743\/revisions\/13744"}],"wp:attachment":[{"href":"https:\/\/dynacore3d.com\/en\/wp-json\/wp\/v2\/media?parent=13743"}],"curies":[{"name":"wp","href":"https:\/\/api.w.org\/{rel}","templated":true}]}}