{"id":13739,"date":"2025-12-19T18:06:40","date_gmt":"2025-12-19T18:06:40","guid":{"rendered":"https:\/\/dynacore3d.com\/?page_id=13739"},"modified":"2025-12-19T18:06:40","modified_gmt":"2025-12-19T18:06:40","slug":"gizlilik-politikasi","status":"publish","type":"page","link":"https:\/\/dynacore3d.com\/en\/gizlilik-politikasi\/","title":{"rendered":"Gizlilik Politikas\u0131"},"content":{"rendered":"<div class=\"fusion-fullwidth fullwidth-box fusion-builder-row-1 fusion-flex-container has-pattern-background has-mask-background nonhundred-percent-fullwidth non-hundred-percent-height-scrolling\" style=\"--awb-border-radius-top-left:0px;--awb-border-radius-top-right:0px;--awb-border-radius-bottom-right:0px;--awb-border-radius-bottom-left:0px;--awb-flex-wrap:wrap;\" ><div class=\"fusion-builder-row fusion-row fusion-flex-align-items-flex-start fusion-flex-content-wrap\" style=\"max-width:1216.8px;margin-left: calc(-4% \/ 2 );margin-right: calc(-4% \/ 2 );\"><div class=\"fusion-layout-column fusion_builder_column fusion-builder-column-0 fusion_builder_column_1_1 1_1 fusion-flex-column\" style=\"--awb-bg-size:cover;--awb-width-large:100%;--awb-margin-top-large:0px;--awb-spacing-right-large:1.92%;--awb-margin-bottom-large:20px;--awb-spacing-left-large:1.92%;--awb-width-medium:100%;--awb-order-medium:0;--awb-spacing-right-medium:1.92%;--awb-spacing-left-medium:1.92%;--awb-width-small:100%;--awb-order-small:0;--awb-spacing-right-small:1.92%;--awb-spacing-left-small:1.92%;\"><div class=\"fusion-column-wrapper fusion-column-has-shadow fusion-flex-justify-content-flex-start fusion-content-layout-column\"><div class=\"fusion-text fusion-text-1\"><p class=\"p2\">Dynacore Teknoloji Dan\u0131\u015fmanl\u0131k Elektronik Ticaret Anonim \u015eirketi (\u201c<b>\u015eirket<\/b>\u201d) olarak, kurumsal ilkelerimiz gere\u011fince kullan\u0131c\u0131lar\u0131m\u0131za daha g\u00fcvenli bir internet ortam\u0131 sa\u011flamay\u0131 ilke edindik. Bu do\u011frultuda, kullan\u0131c\u0131lar\u0131m\u0131za g\u00fcvenli bir ortam sa\u011flamak \u00fczere onlara \u00e7e\u015fitli gizlilik haklar\u0131 tan\u0131d\u0131k.<\/p>\n<p class=\"p2\">Bu kapsamda kullan\u0131c\u0131lar\u0131m\u0131za sa\u011flamakta oldu\u011fumuz haklar ve temin edilen bilgilere ili\u015fkin a\u00e7\u0131klamalar a\u015fa\u011f\u0131da payla\u015f\u0131lmaktad\u0131r.<\/p>\n<ol class=\"ol1\">\n<li class=\"li2\">Elektronik posta adresiniz, \u015eirket politikalar\u0131nda a\u00e7\u0131k\u00e7a belirtilen veya a\u00e7\u0131k\u00e7a onay verdi\u011finiz haller haricince hi\u00e7bir gerek\u00e7e ile ba\u015fka kurulu\u015flara da\u011f\u0131t\u0131lmayacak ve reklam tan\u0131t\u0131m, pazarlama yapmak amac\u0131yla kullan\u0131lmayacakt\u0131r. \u00dcyelik bilgileri ve ki\u015fisel bilgiler, onay\u0131n\u0131z d\u0131\u015f\u0131nda, \u015eirket politikalar\u0131nda tan\u0131mlanan haller haricinde, di\u011fer \u00fcyelere ve \u00fc\u00e7\u00fcnc\u00fc ki\u015filere a\u00e7\u0131lmayacakt\u0131r. Ancak bu bilgiler taraf\u0131m\u0131zca, m\u00fc\u015fteri profili belirlemek ve istatistiksel \u00e7al\u0131\u015fmalar yapmak amac\u0131yla kullan\u0131labilecektir.<\/li>\n<li class=\"li2\">Sisteme girdi\u011finiz t\u00fcm bilgilere, bizler d\u0131\u015f\u0131nda sadece siz ula\u015fabilir ve bunlar\u0131 sadece siz de\u011fi\u015ftirebilirsiniz. Bir ba\u015fka \u00fcyenin veya kullan\u0131c\u0131n\u0131n, sizinle ilgili bilgilere ula\u015fmas\u0131 ve bunlar\u0131 de\u011fi\u015ftirmesi m\u00fcmk\u00fcn de\u011fildir.<\/li>\n<li class=\"li2\">Kay\u0131t esnas\u0131nda sizden istenen ki\u015fisel bilgilerden, zorunlu olanlar hari\u00e7, istediklerinizi kendi inisiyatifiniz dahilinde bildirebilirsiniz. Vermeyi tercih etmeyece\u011finiz bilgiler varsa, bu alanlar\u0131 doldurmak veya i\u015faretlemek zorunda de\u011filsiniz.<\/li>\n<li class=\"li2\">M\u00fc\u015fteri bilgileri, ancak resmi makamlarca usul\u00fc dairesinde bu bilgilerin talep edilmesi halinde ve y\u00fcr\u00fcrl\u00fckteki emredici mevzuat h\u00fck\u00fcmleri gere\u011fince resmi makamlara a\u00e7\u0131klama yapmak zorunda oldu\u011fu durumlarda resmi makamlara a\u00e7\u0131klanabilecektir.<\/li>\n<li class=\"li2\">M\u00fc\u015fterinin sisteme girdi\u011fi t\u00fcm bilgilere sadece M\u00fc\u015fteri ula\u015fabilmekte ve bu bilgileri sadece M\u00fc\u015fteri de\u011fi\u015ftirebilmektedir. Bir ba\u015fkas\u0131n\u0131n bu bilgilere ula\u015fmas\u0131 ve bunlar\u0131 de\u011fi\u015ftirmesi m\u00fcmk\u00fcn de\u011fildir.<\/li>\n<li class=\"li2\">IP adresleri, \u00e7erezler, kullan\u0131c\u0131lar\u0131 genel bir \u015fekilde tan\u0131mlamak ve kapsaml\u0131 demografik bilgi toplamak amac\u0131yla da kullan\u0131labilir. Bu kapsamda detayl\u0131 bilgiye \u00c7erez Politikam\u0131z \u00fczerinden ula\u015fabilirsiniz.<\/li>\n<li class=\"li2\">Sitemizdeki kay\u0131t formlar\u0131, sipari\u015f formlar\u0131, anketler ve yar\u0131\u015fmalar, irtibat bilgilerinizi (ad\u0131n\u0131z, soyad\u0131n\u0131z, email adresiniz, telefon numaralar\u0131n\u0131z ve posta adresiniz) ve demografik bilgilerinizi (ya\u015f\u0131n\u0131z ve gelir seviyeniz) vermenizi talep etmektedir. Yukar\u0131da bahsedilen Ki\u015fisel Bilgilerinizi, \u00fcr\u00fcn ve hizmetlerimizi sunmak, \u00fcr\u00fcnler ve hizmetler hakk\u0131nda sizinle irtibata ge\u00e7mek, bilgilerinizi g\u00fcncellemek ve \u00fcyeli\u011finizi y\u00f6netmek ve s\u00fcrd\u00fcrmek, ilginizi \u00e7ekebilecek \u00fcr\u00fcn ve hizmetleri \u00f6nermek ve 3. \u015fah\u0131slar\u0131n teknik, lojistik ve benzeri di\u011fer i\u015flevlerini bizim ad\u0131m\u0131za yerine getirmelerini sa\u011flamak amac\u0131yla kullan\u0131lmaktad\u0131r.<\/li>\n<li class=\"li2\">\u00dcye oldu\u011funuz andan itibaren aksi taraf\u0131n\u0131zdan talep edilmedi\u011fi s\u00fcrece g\u00fcnl\u00fck ve haftal\u0131k bilgilendirme e-mailleri, e-mail adresinize g\u00f6nderilebilecektir. Diledi\u011finiz zaman bu e-maillerle ilgili de\u011fi\u015fiklik yapma, hizmetten vazge\u00e7me ve yeniden ba\u015flatma hakk\u0131n\u0131z bulunmaktad\u0131r. Demografik bilgileri, sitemizi kullan\u0131c\u0131lar\u0131m\u0131z\u0131n ilgi alanlar\u0131na uyarlamak i\u00e7in kullanmaktay\u0131z. Bu bilgiler, reklamlar\u0131n hedef kitleye uyarlanabilmesini temin etmek maksad\u0131yla yaln\u0131zca di\u011fer kullan\u0131c\u0131lara ait bilgilerle birlikte olmak \u00fczere reklam verenlerle payla\u015f\u0131labilir. Bu bilgilerde herhangi bir \u015fekilde ki\u015fisel bilgi verilmez, sadece \u015eirket olarak kullan\u0131c\u0131 e\u011filimleri ile ilgili birtak\u0131m \u00e7\u0131kar\u0131mlar yapmak ve segmentasyon amac\u0131yla kullan\u0131l\u0131r.<\/li>\n<li class=\"li2\">6698 say\u0131l\u0131 Ki\u015fisel Verilerin Korunmas\u0131 Kanunu gere\u011fince ki\u015fisel verilerin elde edilmesi, muhafazas\u0131, i\u015flenmesi ve aktar\u0131lmas\u0131na ili\u015fkin olarak \u015eirketimiz taraf\u0131ndan yay\u0131mlanacak ki\u015fisel verilerin korunmas\u0131na ili\u015fkin dok\u00fcmanlar\u0131 incelemenizi \u00f6nemle rica ederiz.<\/li>\n<\/ol>\n<p class=\"p2\">Bilgilerin korunmas\u0131 ve g\u00fcvenli\u011fi hakk\u0131nda bizlere sormak istedi\u011finiz ba\u015fka sorular olursa, her zaman e-posta adresimizi kullanarak bize ula\u015fabilirsiniz.<\/p>\n<\/div><\/div><\/div><\/div><\/div>","protected":false},"excerpt":{"rendered":"","protected":false},"author":1,"featured_media":0,"parent":0,"menu_order":0,"comment_status":"closed","ping_status":"closed","template":"100-width.php","meta":{"footnotes":""},"class_list":["post-13739","page","type-page","status-publish","hentry"],"_links":{"self":[{"href":"https:\/\/dynacore3d.com\/en\/wp-json\/wp\/v2\/pages\/13739","targetHints":{"allow":["GET"]}}],"collection":[{"href":"https:\/\/dynacore3d.com\/en\/wp-json\/wp\/v2\/pages"}],"about":[{"href":"https:\/\/dynacore3d.com\/en\/wp-json\/wp\/v2\/types\/page"}],"author":[{"embeddable":true,"href":"https:\/\/dynacore3d.com\/en\/wp-json\/wp\/v2\/users\/1"}],"replies":[{"embeddable":true,"href":"https:\/\/dynacore3d.com\/en\/wp-json\/wp\/v2\/comments?post=13739"}],"version-history":[{"count":1,"href":"https:\/\/dynacore3d.com\/en\/wp-json\/wp\/v2\/pages\/13739\/revisions"}],"predecessor-version":[{"id":13740,"href":"https:\/\/dynacore3d.com\/en\/wp-json\/wp\/v2\/pages\/13739\/revisions\/13740"}],"wp:attachment":[{"href":"https:\/\/dynacore3d.com\/en\/wp-json\/wp\/v2\/media?parent=13739"}],"curies":[{"name":"wp","href":"https:\/\/api.w.org\/{rel}","templated":true}]}}