{"id":13736,"date":"2025-12-19T18:05:47","date_gmt":"2025-12-19T18:05:47","guid":{"rendered":"https:\/\/dynacore3d.com\/?page_id=13736"},"modified":"2025-12-19T18:06:07","modified_gmt":"2025-12-19T18:06:07","slug":"cerez-politikasi","status":"publish","type":"page","link":"https:\/\/dynacore3d.com\/en\/cerez-politikasi\/","title":{"rendered":"\u00c7erez Politikas\u0131"},"content":{"rendered":"<div class=\"fusion-fullwidth fullwidth-box fusion-builder-row-1 fusion-flex-container has-pattern-background has-mask-background nonhundred-percent-fullwidth non-hundred-percent-height-scrolling\" style=\"--awb-border-radius-top-left:0px;--awb-border-radius-top-right:0px;--awb-border-radius-bottom-right:0px;--awb-border-radius-bottom-left:0px;--awb-flex-wrap:wrap;\" ><div class=\"fusion-builder-row fusion-row fusion-flex-align-items-flex-start fusion-flex-content-wrap\" style=\"max-width:1216.8px;margin-left: calc(-4% \/ 2 );margin-right: calc(-4% \/ 2 );\"><div class=\"fusion-layout-column fusion_builder_column fusion-builder-column-0 fusion_builder_column_1_1 1_1 fusion-flex-column\" style=\"--awb-bg-size:cover;--awb-width-large:100%;--awb-margin-top-large:0px;--awb-spacing-right-large:1.92%;--awb-margin-bottom-large:20px;--awb-spacing-left-large:1.92%;--awb-width-medium:100%;--awb-order-medium:0;--awb-spacing-right-medium:1.92%;--awb-spacing-left-medium:1.92%;--awb-width-small:100%;--awb-order-small:0;--awb-spacing-right-small:1.92%;--awb-spacing-left-small:1.92%;\"><div class=\"fusion-column-wrapper fusion-column-has-shadow fusion-flex-justify-content-flex-start fusion-content-layout-column\"><div class=\"fusion-text fusion-text-1\"><p class=\"p1\"><span class=\"s1\"><b><br \/><\/b><b><\/b><\/span><\/p>\n<p class=\"p2\">Dynacore Teknoloji Dan\u0131\u015fmanl\u0131k Elektronik Ticaret Anonim \u015eirketi (<b>\u201c\u015eirket\u201d<\/b> olarak an\u0131lacakt\u0131r) olarak, kullan\u0131c\u0131 ve ziyaret\u00e7ilerimizin (\u201c<b>Ziyaret\u00e7i\u201d <\/b>olarak an\u0131lacakt\u0131r) web sitesi ve sair online platformlar\u0131m\u0131z\u0131 kullan\u0131mlar\u0131 s\u00fcresince sunmakta oldu\u011fumuz deneyimi iyile\u015ftirmek ve daha iyi hizmet verebilme amac\u0131yla \u00e7erez (cookie), mobil cihaz tan\u0131mlay\u0131c\u0131lar ve piksel etiketleri gibi teknolojilerin (\u201c<b>\u00c7erez\u201d <\/b>olarak an\u0131lacakt\u0131r) kullan\u0131m\u0131na ba\u015fvurmaktay\u0131z.<\/p>\n<p class=\"p2\">Veri Sorumlusu \u015eirket, internet sitesi ve platformlar\u0131m\u0131z\u0131 kullanmakta olan ziyaret\u00e7ilerimize ait ki\u015fisel verilerin korunmas\u0131 konusunda y\u00fcksek hassasiyet sahibi olup, t\u00fcm veri i\u015fleme faaliyetlerinde 6698 say\u0131l\u0131 Ki\u015fisel Verilerin Korunmas\u0131 Kanununa (<b>Kanun<\/b> olarak an\u0131lacakt\u0131r) riayet edilmekte oldu\u011funu ve Ki\u015fisel Verilerin Korunmas\u0131 ve \u0130\u015flenmesi Politikas\u0131na <a href=\"https:\/\/dynacore3d.com\/en\/\"><span class=\"s2\">https:\/\/dynacore3d.com\/<\/span><\/a> \u00fczerinden ula\u015fabilece\u011finizi hat\u0131rlatmak isteriz.<\/p>\n<p class=\"p2\">\u0130\u015fbu \u00c7erez Politikas\u0131, ziyaret\u00e7ilerimizin \u00c7erez kullan\u0131m\u0131 ve ama\u00e7lar\u0131 konusunda bilgilendirilmeleri amac\u0131yla haz\u0131rlanm\u0131\u015f olup politika \u00fczerinde \u015eirket taraf\u0131ndan herhangi bir zamanda de\u011fi\u015fiklik yap\u0131labilecektir. \u015eirket taraf\u0131ndan \u00c7erez kullan\u0131m\u0131na ba\u015fvurulmas\u0131n\u0131n amac\u0131, ziyaret\u00e7ilerimizin deneyimlerini g\u00fcvenli \u015fekilde geli\u015ftirmek, sitenin kullan\u0131m\u0131n\u0131 etkinle\u015ftirmek ve kolayla\u015ft\u0131rmakt\u0131r. Ancak tercih edilmemesi halinde \u00e7erez kullan\u0131m\u0131 taray\u0131c\u0131 ayarlar\u0131 \u00fczerinden engellenebilmekte ve \u00f6nceki kullan\u0131mlara dair veriler imha edilebilmektedir. Belirtmek gerekir ki \u00e7erezlerin engellenmesi, web sitesi ve platformlar\u0131n kullan\u0131m deneyimlerini etkileyebilecektir.<\/p>\n<p class=\"p2\"><b>\u00c7erez Nedir?<\/b><\/p>\n<p class=\"p4\">\u00c7erez (Cookie), kullanmakta oldu\u011funuz elektronik cihazlar vas\u0131tas\u0131 ile internet sitesi ziyaret edildi\u011fi veya bir mobil uygulama cihaza y\u00fcklendi\u011finde, ilgili site veya uygulama taraf\u0131ndan, taray\u0131c\u0131 veya uygulama \u00fczerinden cihaza (veya a\u011f sunucusuna) y\u00fcklenen ve saklanan k\u00fc\u00e7\u00fck bilgi par\u00e7ac\u0131klar\u0131 i\u00e7eren veri dosyalar\u0131d\u0131r. Veri dosyalar\u0131, web sitesini ziyaretinize ili\u015fkin verileri i\u00e7ermekte olup hi\u00e7bir suretle bilgisayar veya mobil cihazda bar\u0131nd\u0131r\u0131lan verilere eri\u015fememektedir.<\/p>\n<p class=\"p2\"><b>\u00c7erez T\u00fcrleri ve Kullan\u0131m Ama\u00e7lar\u0131<\/b><\/p>\n<p class=\"p2\">\u00c7erezlere ba\u015fvurulmas\u0131n\u0131n amac\u0131 temel olarak, kullan\u0131c\u0131 ve ziyaret\u00e7ilerimizin web sitemizde ya\u015fad\u0131klar\u0131 deneyimi ki\u015fisel hale getirerek iyile\u015ftirmektir. Bu veriler; web\/mobil sitemizin ziyaret\u00e7iler i\u00e7in i\u015flevselli\u011fin art\u0131r\u0131lmas\u0131na, internet sitemizin kullan\u0131m kolayl\u0131\u011f\u0131n\u0131 ve i\u015flevselli\u011finin \u00f6l\u00e7\u00fclerek geli\u015ftirilmesine ve bu kapsamda daha iyi hizmet verilmesine olanak sa\u011flamaktad\u0131r.<\/p>\n<p class=\"p2\"><span class=\"s3\"><b>Teknik \u00c7erezler \/ Zorunlu \u00c7erezler<\/b><b><\/b><\/span><\/p>\n<p class=\"p4\"><span class=\"s1\">Zorunlu \u00e7erezler olarak da kabul edilen teknik \u00e7erezler; \u015eirket taraf\u0131ndan <a href=\"https:\/\/dynacore3d.com\/en\/\"><span class=\"s4\">https:\/\/dynacore3d.com\/<\/span><\/a> uzant\u0131l\u0131 internet sitesi vas\u0131tas\u0131yla verilerin elektronik hizmetin kullan\u0131lmas\u0131 i\u00e7in gereken minimum bilgilerdir. Teknik \u00e7erezler, g\u00fcvenlik ve do\u011frulama gibi ama\u00e7larla kullan\u0131lmakta olup internet sitenin sa\u011fl\u0131kl\u0131 \u015fekilde \u00e7al\u0131\u015fmas\u0131 sa\u011flanmakta ve \u00e7al\u0131\u015fmayan sayfa ve alanlar tespit edilmektedir. <\/span><\/p>\n<p class=\"p2\"><span class=\"s3\"><b>\u0130\u015flevsellik \/ Tercih \u00c7erezleri<\/b><\/span><\/p>\n<p class=\"p4\"><span class=\"s1\">Tercih \u00e7erezleri; kullan\u0131c\u0131 taraf\u0131ndan <a href=\"https:\/\/dynacore3d.com\/en\/\"><span class=\"s4\">https:\/\/dynacore3d.com\/<\/span><\/a><\/span> <span class=\"s1\">uzant\u0131l\u0131 internet sitesi vas\u0131tas\u0131yla girilen dil tercihi, giri\u015f bilgileri gibi verilerin bir sonraki giri\u015flerde \u015eirket taraf\u0131ndan hat\u0131rlanarak kullan\u0131c\u0131n\u0131n otomatik giri\u015f yapabilmesi gibi pratik ve i\u015flevsel \u00e7\u00f6z\u00fcmler sa\u011flar.<\/span><\/p>\n<p class=\"p2\"><span class=\"s3\"><b>\u0130statistik \/ Performans \u00c7erezleri <\/b><\/span><\/p>\n<p class=\"p4\"><span class=\"s1\">\u0130statistik \u00e7erezleri; kullan\u0131c\u0131 taraf\u0131ndan internet sitesi \u00fczerinde ger\u00e7ekle\u015ftirilen eylemlerinin anla\u015f\u0131lmas\u0131n\u0131 sa\u011flar. \u015eirket; daha do\u011fru bir analiz i\u00e7in, istatistik \u00e7erezlerini Google Analytics vas\u0131tas\u0131yla anonim \u015fekilde i\u015flemektedir. <b><br \/><\/b><b><\/b><\/span><\/p>\n<p class=\"p4\"><span class=\"s3\"><b>Pazarlama \u00c7erezleri <\/b><\/span><\/p>\n<p class=\"p4\">Pazarlama \u00e7erezleri; web sitesi veya sair mecralarda, ziyaret\u00e7ilerin ilgi alanlar\u0131na uygun reklam ve tan\u0131t\u0131mlar\u0131n sunulmas\u0131 amac\u0131yla kullan\u0131lmaktad\u0131r.<\/p>\n<p class=\"p2\">Web sitesinde kullan\u0131lmakta olan \u00e7erezler ve kullan\u0131m ama\u00e7lar\u0131 a\u015fa\u011f\u0131daki gibidir:<\/p>\n<table class=\"t1\" cellspacing=\"0\" cellpadding=\"0\">\n<tbody>\n<tr>\n<td class=\"td1\" valign=\"top\">\n<p class=\"p1\"><b>Servis Sa\u011flay\u0131c\u0131<\/b><b><\/b><\/p>\n<\/td>\n<td class=\"td2\" valign=\"top\">\n<p class=\"p1\"><b>\u00c7erez<\/b><b><\/b><\/p>\n<\/td>\n<td class=\"td3\" valign=\"top\">\n<p class=\"p1\"><b>Kullan\u0131m Amac\u0131 \/ Saklama S\u00fcresi<\/b><b><\/b><\/p>\n<\/td>\n<\/tr>\n<tr>\n<td class=\"td4\" valign=\"top\">&nbsp;<\/td>\n<td class=\"td5\" valign=\"top\">&nbsp;<\/td>\n<td class=\"td6\" valign=\"top\">&nbsp;<\/td>\n<\/tr>\n<tr>\n<td class=\"td1\" valign=\"top\">&nbsp;<\/td>\n<td class=\"td2\" valign=\"top\">&nbsp;<\/td>\n<td class=\"td3\" valign=\"top\">&nbsp;<\/td>\n<\/tr>\n<tr>\n<td class=\"td4\" valign=\"top\">&nbsp;<\/td>\n<td class=\"td5\" valign=\"top\">&nbsp;<\/td>\n<td class=\"td6\" valign=\"top\">&nbsp;<\/td>\n<\/tr>\n<\/tbody>\n<\/table>\n<p class=\"p8\"><b>\u00c7erez Kullan\u0131m\u0131n\u0131n Y\u00f6netimi<\/b><\/p>\n<p class=\"p4\">Ziyaret\u00e7iler, taray\u0131c\u0131 ayarlar\u0131 \u00fczerinden \u00e7erezlere ili\u015fkin tercihlerini y\u00f6neterek ki\u015fiselle\u015ftirebilir ve bilgi payla\u015f\u0131m\u0131n\u0131 k\u0131s\u0131tlayabilirler. Ancak belirtmek isteriz ki bu durum web sitesinin baz\u0131 i\u015flevlerini k\u0131smen veya tamamen yerine getirmesini engelleyebilir. \u00c7erez kullan\u0131m\u0131n\u0131 engelleyen ziyaret\u00e7iler, buna ba\u011fl\u0131 olarak geli\u015febilecek performans sorunlar\u0131n\u0131 kabul etmi\u015f say\u0131l\u0131r.<\/p>\n<p class=\"p2\">\u00c7erez kullan\u0131m\u0131n\u0131 k\u0131s\u0131tlamak i\u00e7in a\u015fa\u011f\u0131da her bir taray\u0131c\u0131 kar\u015f\u0131s\u0131nda yaz\u0131l\u0131 linkler takip edilebilir.<\/p>\n<table class=\"t1\" cellspacing=\"0\" cellpadding=\"0\">\n<tbody>\n<tr>\n<td class=\"td7\" valign=\"bottom\">\n<p class=\"p4\">Adobe Analytics<\/p>\n<\/td>\n<td class=\"td8\" valign=\"bottom\">\n<p class=\"p9\"><span class=\"s3\"><a href=\"http:\/\/www.adobe.com\/uk\/privacy\/opt-out.html\">http:\/\/www.adobe.com\/uk\/privacy\/opt-out.html<\/a><\/span><\/p>\n<\/td>\n<\/tr>\n<tr>\n<td class=\"td9\" valign=\"bottom\">\n<p class=\"p4\">AOL<\/p>\n<\/td>\n<td class=\"td10\" valign=\"bottom\">\n<p class=\"p9\"><span class=\"s3\"><a href=\"https:\/\/www.help.aol.com\/articles\/restore-security-settings-and-enable-cookie-settings-on-browser\">https:\/\/www.help.aol.com\/articles\/restore-security-settings-and-enable-cookie-settings-on-browser<\/a><\/span><\/p>\n<\/td>\n<\/tr>\n<tr>\n<td class=\"td11\" valign=\"bottom\">\n<p class=\"p4\">Google Adwords<\/p>\n<\/td>\n<td class=\"td12\" valign=\"bottom\">\n<p class=\"p9\"><span class=\"s3\"><a href=\"https:\/\/www.support.google.com\/ads\/answer\/2662922?hl=en\">https:\/\/www.support.google.com\/ads\/answer\/2662922?hl=en<\/a><\/span><\/p>\n<\/td>\n<\/tr>\n<tr>\n<td class=\"td7\" valign=\"bottom\">\n<p class=\"p4\">Google Analytics<\/p>\n<\/td>\n<td class=\"td8\" valign=\"bottom\">\n<p class=\"p9\"><span class=\"s3\"><a href=\"https:\/\/www.tools.google.com\/dlpage\/gaoptout\">https:\/\/www.tools.google.com\/dlpage\/gaoptout<\/a><\/span><\/p>\n<\/td>\n<\/tr>\n<tr>\n<td class=\"td7\" valign=\"bottom\">\n<p class=\"p4\">Google Chrome<\/p>\n<\/td>\n<td class=\"td8\" valign=\"bottom\">\n<p class=\"p4\"><a href=\"http:\/\/www.google.com\/support\/chrome\/bin\/answer.py?hl=en&amp;answer=95647\">http:\/\/www.google.com\/support\/chrome\/bin\/answer.py?hl=en&amp;answer=95647<\/a>&nbsp;<\/p>\n<\/td>\n<\/tr>\n<tr>\n<td class=\"td13\" valign=\"bottom\">\n<p class=\"p4\">Internet Explorer<\/p>\n<\/td>\n<td class=\"td14\" valign=\"bottom\">\n<p class=\"p9\"><span class=\"s3\"><a href=\"https:\/\/www.support.microsoft.com\/en-us\/help\/17442\/windows-internet-explorer-delete-manage-cookies\">https:\/\/www.support.microsoft.com\/en-us\/help\/17442\/windows-internet-explorer-delete-manage-cookies<\/a><\/span><\/p>\n<\/td>\n<\/tr>\n<tr>\n<td class=\"td7\" valign=\"bottom\">\n<p class=\"p4\">Mozilla Firefox<\/p>\n<\/td>\n<td class=\"td8\" valign=\"bottom\">\n<p class=\"p9\"><span class=\"s3\"><a href=\"http:\/\/www.support.mozilla.com\/en-US\/kb\/Cookies\">http:\/\/www.support.mozilla.com\/en-US\/kb\/Cookies<\/a><\/span><\/p>\n<\/td>\n<\/tr>\n<tr>\n<td class=\"td9\" valign=\"bottom\">\n<p class=\"p4\">Opera<\/p>\n<\/td>\n<td class=\"td10\" valign=\"bottom\">\n<p class=\"p4\"><a href=\"http:\/\/www.opera.com\/browser\/tutorials\/security\/privacy\/\">http:\/\/www.opera.com\/browser\/tutorials\/security\/privacy\/<\/a><\/p>\n<\/td>\n<\/tr>\n<tr>\n<td class=\"td9\" valign=\"bottom\">\n<p class=\"p4\">Safari<\/p>\n<\/td>\n<td class=\"td10\" valign=\"bottom\">\n<p class=\"p4\"><a href=\"https:\/\/support.apple.com\/kb\/ph19214?locale=tr_TR\">https:\/\/support.apple.com\/kb\/ph19214?locale=tr_TR<\/a><\/p>\n<\/td>\n<\/tr>\n<\/tbody>\n<\/table>\n<p class=\"p2\">Vakf\u0131m\u0131z Kanunlarda a\u00e7\u0131k\u00e7a \u00f6ng\u00f6r\u00fclen hallerde, hukuki y\u00fck\u00fcml\u00fcl\u00fcklerimizin yerine getirilmesi amac\u0131yla, taraf\u0131 oldu\u011fumuz s\u00f6zle\u015fmelerin kurulmas\u0131 ve ifas\u0131 amac\u0131yla, bir hakk\u0131n tesisi, korunmas\u0131 ve kullan\u0131lmas\u0131, temel hak ve \u00f6zg\u00fcrl\u00fcklere zarar vermemek kayd\u0131 ile \u015eirketin hukuken kabul g\u00f6recek me\u015fru menfaatlerinin korunmas\u0131 amac\u0131yla; Kanun\u2019un 5. ve 6 maddeleri gere\u011fi Kanun ve sair mevzuata uygun \u015fekilde i\u015fleyecektir.&nbsp;<\/p>\n<p class=\"p10\"><b>Veri Sahibinin Haklar\u0131<\/b><\/p>\n<p class=\"p4\">Ziyaret\u00e7ilerin \u201cveri sahibi\u201d olarak Kanun\u2019un 11. maddesi uyar\u0131nca sahip oldu\u011fun ve web sitesi \u00fczerinden ba\u015fvurarak kullan\u0131labilecek haklar a\u015fa\u011f\u0131da s\u0131ralanmaktad\u0131r:<\/p>\n<ol class=\"ol1\">\n<li class=\"li4\">Ki\u015fisel verilerinin i\u015flenip i\u015flenmedi\u011fini \u00f6\u011frenmek,<\/li>\n<li class=\"li4\">Ki\u015fisel verileri i\u015flenmi\u015fse buna ili\u015fkin bilgi talep etmek,<\/li>\n<li class=\"li4\">Ki\u015fisel verilerin i\u015flenme amac\u0131n\u0131 ve bunlar\u0131n amac\u0131na uygun kullan\u0131l\u0131p kullan\u0131lmad\u0131\u011f\u0131n\u0131 \u00f6\u011frenmek,<\/li>\n<li class=\"li4\">Yurt i\u00e7inde veya yurt d\u0131\u015f\u0131nda ki\u015fisel verilerin aktar\u0131ld\u0131\u011f\u0131 \u00fc\u00e7\u00fcnc\u00fc ki\u015fileri bilmek,<\/li>\n<li class=\"li4\">Ki\u015fisel verilerin eksik veya yanl\u0131\u015f i\u015flenmi\u015f olmas\u0131 halinde bunlar\u0131n d\u00fczeltilmesini istemek ve bu kapsamda yap\u0131lan i\u015flemin ki\u015fisel verilerin aktar\u0131ld\u0131\u011f\u0131 \u00fc\u00e7\u00fcnc\u00fc ki\u015filere bildirilmesini istemek,<\/li>\n<li class=\"li4\">KVK Kanunu ve ilgili di\u011fer kanun h\u00fck\u00fcmlerine uygun olarak i\u015flenmi\u015f olmas\u0131na ra\u011fmen, i\u015flenmesini gerektiren sebeplerin ortadan kalkmas\u0131 halinde ki\u015fisel verilerin silinmesini veya yok edilmesini isteme ve bu kapsamda yap\u0131lan i\u015flemin ki\u015fisel verilerin aktar\u0131ld\u0131\u011f\u0131 \u00fc\u00e7\u00fcnc\u00fc ki\u015filere bildirilmesini istemek,<\/li>\n<li class=\"li4\">\u0130\u015flenen verilerin m\u00fcnhas\u0131ran otomatik sistemler vas\u0131tas\u0131yla analiz edilmesi suretiyle ki\u015finin kendisi aleyhine bir sonucun ortaya \u00e7\u0131kmas\u0131na itiraz etmek,<\/li>\n<li class=\"li4\">Ki\u015fisel verilerin kanuna ayk\u0131r\u0131 olarak i\u015flenmesi sebebiyle zarara u\u011framas\u0131 halinde zarar\u0131n giderilmesini talep etmek.<\/li>\n<\/ol>\n<\/div><\/div><\/div><\/div><\/div>","protected":false},"excerpt":{"rendered":"","protected":false},"author":1,"featured_media":0,"parent":0,"menu_order":0,"comment_status":"closed","ping_status":"closed","template":"100-width.php","meta":{"footnotes":""},"class_list":["post-13736","page","type-page","status-publish","hentry"],"_links":{"self":[{"href":"https:\/\/dynacore3d.com\/en\/wp-json\/wp\/v2\/pages\/13736","targetHints":{"allow":["GET"]}}],"collection":[{"href":"https:\/\/dynacore3d.com\/en\/wp-json\/wp\/v2\/pages"}],"about":[{"href":"https:\/\/dynacore3d.com\/en\/wp-json\/wp\/v2\/types\/page"}],"author":[{"embeddable":true,"href":"https:\/\/dynacore3d.com\/en\/wp-json\/wp\/v2\/users\/1"}],"replies":[{"embeddable":true,"href":"https:\/\/dynacore3d.com\/en\/wp-json\/wp\/v2\/comments?post=13736"}],"version-history":[{"count":2,"href":"https:\/\/dynacore3d.com\/en\/wp-json\/wp\/v2\/pages\/13736\/revisions"}],"predecessor-version":[{"id":13738,"href":"https:\/\/dynacore3d.com\/en\/wp-json\/wp\/v2\/pages\/13736\/revisions\/13738"}],"wp:attachment":[{"href":"https:\/\/dynacore3d.com\/en\/wp-json\/wp\/v2\/media?parent=13736"}],"curies":[{"name":"wp","href":"https:\/\/api.w.org\/{rel}","templated":true}]}}