{"id":13733,"date":"2025-12-19T18:04:48","date_gmt":"2025-12-19T18:04:48","guid":{"rendered":"https:\/\/dynacore3d.com\/?page_id=13733"},"modified":"2025-12-19T18:05:23","modified_gmt":"2025-12-19T18:05:23","slug":"cayma-hakki-formu","status":"publish","type":"page","link":"https:\/\/dynacore3d.com\/en\/cayma-hakki-formu\/","title":{"rendered":"Cayma Hakk\u0131 Formu"},"content":{"rendered":"<div class=\"fusion-fullwidth fullwidth-box fusion-builder-row-1 fusion-flex-container has-pattern-background has-mask-background nonhundred-percent-fullwidth non-hundred-percent-height-scrolling\" style=\"--awb-border-radius-top-left:0px;--awb-border-radius-top-right:0px;--awb-border-radius-bottom-right:0px;--awb-border-radius-bottom-left:0px;--awb-flex-wrap:wrap;\" ><div class=\"fusion-builder-row fusion-row fusion-flex-align-items-flex-start fusion-flex-content-wrap\" style=\"max-width:1216.8px;margin-left: calc(-4% \/ 2 );margin-right: calc(-4% \/ 2 );\"><div class=\"fusion-layout-column fusion_builder_column fusion-builder-column-0 fusion_builder_column_1_1 1_1 fusion-flex-column\" style=\"--awb-bg-size:cover;--awb-width-large:100%;--awb-margin-top-large:0px;--awb-spacing-right-large:1.92%;--awb-margin-bottom-large:0px;--awb-spacing-left-large:1.92%;--awb-width-medium:100%;--awb-order-medium:0;--awb-spacing-right-medium:1.92%;--awb-spacing-left-medium:1.92%;--awb-width-small:100%;--awb-order-small:0;--awb-spacing-right-small:1.92%;--awb-spacing-left-small:1.92%;\"><div class=\"fusion-column-wrapper fusion-column-has-shadow fusion-flex-justify-content-flex-start fusion-content-layout-column\"><div class=\"fusion-text fusion-text-1\"><p class=\"p1\"><b>CAYMA HAKKI FORMU<\/b><\/p>\n<p class=\"p2\"><b>T\u00fcketici taraf\u0131ndan doldurulacak form<\/b><b><\/b><\/p>\n<p class=\"p2\">Bu form, 6502 say\u0131l\u0131 T\u00fcketicinin Korunmas\u0131 Hakk\u0131nda Kanun ve Mesafeli S\u00f6zle\u015fmeler Y\u00f6netmeli\u011fi uyar\u0131nca t\u00fcketicinin cayma hakk\u0131n\u0131 kullanmas\u0131 amac\u0131yla haz\u0131rlanm\u0131\u015ft\u0131r.<\/p>\n<p class=\"p2\">1. <b>T\u00fcketici Bilgileri<\/b><\/p>\n<ul class=\"ul1\">\n<li class=\"li2\">Ad\u0131 Soyad\u0131: ___________________________<\/li>\n<li class=\"li2\">Adres: _______________________________<\/li>\n<li class=\"li2\">Telefon \/ E-posta: ____________________<\/li>\n<\/ul>\n<p class=\"p2\">2<b>. Sipari\u015f Bilgileri<\/b><\/p>\n<ul class=\"ul1\">\n<li class=\"li2\">Sipari\u015f Numaras\u0131: ____________________<\/li>\n<li class=\"li2\">Sipari\u015f Tarihi: ______________________<\/li>\n<li class=\"li2\">\u00dcr\u00fcn(ler)in Ad\u0131 ve Adedi: _______________<\/li>\n<\/ul>\n<p class=\"p2\"><b>3. Cayma Hakk\u0131n\u0131n Kullan\u0131lmas\u0131<\/b><\/p>\n<p class=\"p2\">A\u015fa\u011f\u0131daki kutucu\u011fu i\u015faretleyerek sipari\u015fime ili\u015fkin cayma hakk\u0131m\u0131 kullanmak istedi\u011fimi bildiriyorum:<\/p>\n<p class=\"p2\"><span class=\"s1\">\u2610<\/span> Sipari\u015fimi\/\u00fcr\u00fcn\u00fc iade ederek cayma hakk\u0131m\u0131 kullanmak istiyorum.<\/p>\n<p class=\"p2\"><b>4. A\u00e7\u0131klamalar \/ Notlar<\/b><\/p>\n<p class=\"p2\"><b>5. \u0130mza ve Tarih<\/b><\/p>\n<ul class=\"ul1\">\n<li class=\"li2\">Tarih: _______________________<\/li>\n<li class=\"li2\">\u0130mza: _______________________<\/li>\n<\/ul>\n<p class=\"p2\"><b>6. Teslim \u015eekli<\/b><\/p>\n<p class=\"p2\">Form, a\u015fa\u011f\u0131daki yollardan biriyle Sat\u0131c\u0131\u2019ya iletilebilir: &#8211; E-posta: [eposta@siteadi.com] &#8211; Adres: Esentepe Mah. \u0130n\u00f6n\u00fc Cad. Sualtin \u0130n\u015faat No: 145 \u0130\u00e7 Kapi No: 132 Kartal \u0130stanbul &#8211; Online form \u00fczerinden g\u00f6nderim (varsa site linki)<\/p>\n<p class=\"p2\"><b>Not:<\/b> Cayma hakk\u0131n\u0131n kullan\u0131lmas\u0131 ile ilgili detaylar, \u0130ade &amp; Cayma Hakk\u0131 Politikam\u0131zda yer almaktad\u0131r. L\u00fctfen formu doldurmadan \u00f6nce politikay\u0131 inceleyiniz.<\/p>\n<p class=\"p2\"><b>Sat\u0131c\u0131 Bilgileri:<\/b><\/p>\n<p class=\"p2\">Unvan: Dynacore Teknoloji Dani\u015fmanlik Elektronik Ticaret Anonim \u015eirketi<\/p>\n<p class=\"p2\">Vergi Dairesi \/ No: Kartal Vergi Dairesi \/ 3231388952<\/p>\n<p class=\"p2\">MERS\u0130S No: 0323138895200001<\/p>\n<p class=\"p2\">Adres: Esentepe Mah. \u0130n\u00f6n\u00fc Cad. Sualtin \u0130n\u015faat No: 145 \u0130\u00e7 Kapi No: 132 Kartal \u0130stanbul<\/p>\n<p class=\"p2\">Telefon: +905322901173<\/p>\n<p class=\"p2\">E-posta: info@dynacore3d.com<\/p>\n<\/div><\/div><\/div><\/div><\/div>","protected":false},"excerpt":{"rendered":"","protected":false},"author":1,"featured_media":0,"parent":0,"menu_order":0,"comment_status":"closed","ping_status":"closed","template":"100-width.php","meta":{"footnotes":""},"class_list":["post-13733","page","type-page","status-publish","hentry"],"_links":{"self":[{"href":"https:\/\/dynacore3d.com\/en\/wp-json\/wp\/v2\/pages\/13733","targetHints":{"allow":["GET"]}}],"collection":[{"href":"https:\/\/dynacore3d.com\/en\/wp-json\/wp\/v2\/pages"}],"about":[{"href":"https:\/\/dynacore3d.com\/en\/wp-json\/wp\/v2\/types\/page"}],"author":[{"embeddable":true,"href":"https:\/\/dynacore3d.com\/en\/wp-json\/wp\/v2\/users\/1"}],"replies":[{"embeddable":true,"href":"https:\/\/dynacore3d.com\/en\/wp-json\/wp\/v2\/comments?post=13733"}],"version-history":[{"count":2,"href":"https:\/\/dynacore3d.com\/en\/wp-json\/wp\/v2\/pages\/13733\/revisions"}],"predecessor-version":[{"id":13735,"href":"https:\/\/dynacore3d.com\/en\/wp-json\/wp\/v2\/pages\/13733\/revisions\/13735"}],"wp:attachment":[{"href":"https:\/\/dynacore3d.com\/en\/wp-json\/wp\/v2\/media?parent=13733"}],"curies":[{"name":"wp","href":"https:\/\/api.w.org\/{rel}","templated":true}]}}